{"id":3089,"date":"2015-12-03T18:08:54","date_gmt":"2015-12-03T16:08:54","guid":{"rendered":"http:\/\/iyienerji.com.tr\/?page_id=3089"},"modified":"2015-12-03T18:23:06","modified_gmt":"2015-12-03T16:23:06","slug":"kablo-yer-alti-ek-muflari","status":"publish","type":"page","link":"https:\/\/www.iyienerji.com.tr\/index.php\/kablo-yer-alti-ek-muflari\/","title":{"rendered":"Kablo Yer Alt\u0131 Ek Muflar\u0131"},"content":{"rendered":"<div class=\"vc_row wpb_row vc_row-fluid\">\n\t<div class=\"vc_col-sm-12 wpb_column vc_column_container \">\n\t\t<div class=\"wpb_wrapper\">\n\t\t\t\n\t<div class=\"wpb_gallery wpb_content_element vc_clearfix\">\n\t\t<div class=\"wpb_wrapper\"><h2 class=\"wpb_heading wpb_gallery_heading\">D Tipi Ek Mufu<\/h2><div class=\"wpb_gallery_slides wpb_image_grid\" data-interval=\"0\"><ul class=\"wpb_image_grid_ul\"><li class=\"isotope-item\"><a class=\"prettyphoto\" href=\"https:\/\/www.iyienerji.com.tr\/wp-content\/uploads\/2015\/12\/d_tipi_muaf.jpg\" rel=\"prettyPhoto[rel-3089-298755223]\"><img class=\"\" src=\"https:\/\/www.iyienerji.com.tr\/wp-content\/uploads\/2015\/12\/d_tipi_muaf-210x210.jpg\" width=\"210\" height=\"210\" alt=\"d_tipi_muaf\" title=\"d_tipi_muaf\" \/><\/a><\/li><li class=\"isotope-item\"><a class=\"prettyphoto\" href=\"https:\/\/www.iyienerji.com.tr\/wp-content\/uploads\/2015\/12\/muf_doldurma.jpg\" rel=\"prettyPhoto[rel-3089-298755223]\"><img class=\"\" src=\"https:\/\/www.iyienerji.com.tr\/wp-content\/uploads\/2015\/12\/muf_doldurma-210x210.jpg\" width=\"210\" height=\"210\" alt=\"muf_doldurma\" title=\"muf_doldurma\" \/><\/a><\/li><li class=\"isotope-item\"><a class=\"prettyphoto\" href=\"https:\/\/www.iyienerji.com.tr\/wp-content\/uploads\/2015\/12\/d_tipi_muf_teknik-734x1024.jpg\" rel=\"prettyPhoto[rel-3089-298755223]\"><img class=\"\" src=\"https:\/\/www.iyienerji.com.tr\/wp-content\/uploads\/2015\/12\/d_tipi_muf_teknik-210x210.jpg\" width=\"210\" height=\"210\" alt=\"d_tipi_muf_teknik\" title=\"d_tipi_muf_teknik\" \/><\/a><\/li><\/ul><\/div>\n\t\t<\/div> \n\t<\/div> <div class=\"vc_separator wpb_content_element vc_sep_width_100 vc_sep_pos_align_center vc_separator_no_text vc_sep_color_grey\">\n\t<span class=\"vc_sep_holder vc_sep_holder_l\"><span class=\"vc_sep_line\"><\/span><\/span>\n\t\t<span class=\"vc_sep_holder vc_sep_holder_r\"><span class=\"vc_sep_line\"><\/span><\/span>\n<\/div>\n\n\n\t\t<\/div> \n\t<\/div> \n<\/div><div class=\"vc_row wpb_row vc_row-fluid\">\n\t<div class=\"vc_col-sm-12 wpb_column vc_column_container \">\n\t\t<div class=\"wpb_wrapper\">\n\t\t\t\n\t<div class=\"wpb_gallery wpb_content_element vc_clearfix\">\n\t\t<div class=\"wpb_wrapper\"><h2 class=\"wpb_heading wpb_gallery_heading\">T Tipi Ek Mufu<\/h2><div class=\"wpb_gallery_slides wpb_image_grid\" data-interval=\"3\"><ul class=\"wpb_image_grid_ul\"><li class=\"isotope-item\"><a class=\"prettyphoto\" href=\"https:\/\/www.iyienerji.com.tr\/wp-content\/uploads\/2015\/12\/t_tipi_muaf.jpg\" rel=\"prettyPhoto[rel-3089-1867379075]\"><img class=\"\" src=\"https:\/\/www.iyienerji.com.tr\/wp-content\/uploads\/2015\/12\/t_tipi_muaf-210x210.jpg\" width=\"210\" height=\"210\" alt=\"t_tipi_muaf\" title=\"t_tipi_muaf\" \/><\/a><\/li><li class=\"isotope-item\"><a class=\"prettyphoto\" href=\"https:\/\/www.iyienerji.com.tr\/wp-content\/uploads\/2015\/12\/t_tipi_muf_teknik-681x1024.jpg\" rel=\"prettyPhoto[rel-3089-1867379075]\"><img class=\"\" src=\"https:\/\/www.iyienerji.com.tr\/wp-content\/uploads\/2015\/12\/t_tipi_muf_teknik-210x210.jpg\" width=\"210\" height=\"210\" alt=\"t_tipi_muf_teknik\" title=\"t_tipi_muf_teknik\" \/><\/a><\/li><li class=\"isotope-item\"><a class=\"prettyphoto\" href=\"https:\/\/www.iyienerji.com.tr\/wp-content\/uploads\/2015\/12\/muf_doldurma.jpg\" rel=\"prettyPhoto[rel-3089-1867379075]\"><img class=\"\" src=\"https:\/\/www.iyienerji.com.tr\/wp-content\/uploads\/2015\/12\/muf_doldurma-210x210.jpg\" width=\"210\" height=\"210\" alt=\"muf_doldurma\" title=\"muf_doldurma\" \/><\/a><\/li><\/ul><\/div>\n\t\t<\/div> \n\t<\/div> <div class=\"vc_separator wpb_content_element vc_sep_width_100 vc_sep_pos_align_center vc_separator_no_text vc_sep_color_grey\">\n\t<span class=\"vc_sep_holder vc_sep_holder_l\"><span class=\"vc_sep_line\"><\/span><\/span>\n\t\t<span class=\"vc_sep_holder vc_sep_holder_r\"><span class=\"vc_sep_line\"><\/span><\/span>\n<\/div>\n\n\n\t\t<\/div> \n\t<\/div> \n<\/div><div class=\"vc_row wpb_row vc_row-fluid\">\n\t<div class=\"vc_col-sm-12 wpb_column vc_column_container \">\n\t\t<div class=\"wpb_wrapper\">\n\t\t\t\n\t<div class=\"wpb_gallery wpb_content_element vc_clearfix\">\n\t\t<div class=\"wpb_wrapper\"><h2 class=\"wpb_heading wpb_gallery_heading\">Y tip Ek Mufu<\/h2><div class=\"wpb_gallery_slides wpb_image_grid\" data-interval=\"3\"><ul class=\"wpb_image_grid_ul\"><li class=\"isotope-item\"><a class=\"prettyphoto\" href=\"https:\/\/www.iyienerji.com.tr\/wp-content\/uploads\/2015\/12\/y_tipi_muaf.jpg\" rel=\"prettyPhoto[rel-3089-1636140686]\"><img class=\"\" src=\"https:\/\/www.iyienerji.com.tr\/wp-content\/uploads\/2015\/12\/y_tipi_muaf-210x210.jpg\" width=\"210\" height=\"210\" alt=\"y_tipi_muaf\" title=\"y_tipi_muaf\" \/><\/a><\/li><li class=\"isotope-item\"><a class=\"prettyphoto\" href=\"https:\/\/www.iyienerji.com.tr\/wp-content\/uploads\/2015\/12\/y_tipi_muf_teknik-737x1024.jpg\" rel=\"prettyPhoto[rel-3089-1636140686]\"><img class=\"\" src=\"https:\/\/www.iyienerji.com.tr\/wp-content\/uploads\/2015\/12\/y_tipi_muf_teknik-210x210.jpg\" width=\"210\" height=\"210\" alt=\"y_tipi_muf_teknik\" title=\"y_tipi_muf_teknik\" \/><\/a><\/li><li class=\"isotope-item\"><a class=\"prettyphoto\" href=\"https:\/\/www.iyienerji.com.tr\/wp-content\/uploads\/2015\/12\/muf_doldurma.jpg\" rel=\"prettyPhoto[rel-3089-1636140686]\"><img class=\"\" src=\"https:\/\/www.iyienerji.com.tr\/wp-content\/uploads\/2015\/12\/muf_doldurma-210x210.jpg\" width=\"210\" height=\"210\" alt=\"muf_doldurma\" title=\"muf_doldurma\" \/><\/a><\/li><\/ul><\/div>\n\t\t<\/div> \n\t<\/div> <div class=\"vc_separator wpb_content_element vc_sep_width_100 vc_sep_pos_align_center vc_separator_no_text vc_sep_color_grey\">\n\t<span class=\"vc_sep_holder vc_sep_holder_l\"><span class=\"vc_sep_line\"><\/span><\/span>\n\t\t<span class=\"vc_sep_holder vc_sep_holder_r\"><span class=\"vc_sep_line\"><\/span><\/span>\n<\/div>\n\n\n\t\t<\/div> \n\t<\/div> \n<\/div>\n","protected":false},"excerpt":{"rendered":"D Tipi Ek Mufu T Tipi Ek Mufu Y tip Ek Mufu","protected":false},"author":1,"featured_media":0,"parent":0,"menu_order":0,"comment_status":"closed","ping_status":"closed","template":"","meta":[],"yoast_head":"<!-- This site is optimized with the Yoast SEO plugin v19.0 - https:\/\/yoast.com\/wordpress\/plugins\/seo\/ -->\n<title>Kablo Yer Alt\u0131 Ek Muflar\u0131 | \u0130Y\u0130 Enerji<\/title>\n<meta name=\"robots\" content=\"index, follow, max-snippet:-1, max-image-preview:large, max-video-preview:-1\" \/>\n<link rel=\"canonical\" href=\"https:\/\/www.iyienerji.com.tr\/index.php\/kablo-yer-alti-ek-muflari\/\" \/>\n<meta property=\"og:locale\" content=\"tr_TR\" \/>\n<meta property=\"og:type\" content=\"article\" \/>\n<meta property=\"og:title\" content=\"Kablo Yer Alt\u0131 Ek Muflar\u0131 | \u0130Y\u0130 Enerji\" \/>\n<meta property=\"og:url\" content=\"https:\/\/www.iyienerji.com.tr\/index.php\/kablo-yer-alti-ek-muflari\/\" \/>\n<meta property=\"og:site_name\" content=\"\u0130Y\u0130 Enerji\" \/>\n<meta property=\"article:modified_time\" content=\"2015-12-03T16:23:06+00:00\" \/>\n<meta name=\"twitter:card\" content=\"summary_large_image\" \/>\n<meta name=\"twitter:label1\" content=\"Tahmini okuma s\u00fcresi\" \/>\n\t<meta name=\"twitter:data1\" content=\"1 dakika\" \/>\n<script type=\"application\/ld+json\" class=\"yoast-schema-graph\">{\"@context\":\"https:\/\/schema.org\",\"@graph\":[{\"@type\":\"WebSite\",\"@id\":\"https:\/\/www.iyienerji.com.tr\/#website\",\"url\":\"https:\/\/www.iyienerji.com.tr\/\",\"name\":\"\u0130Y\u0130 Enerji\",\"description\":\"\u0130Y\u0130 Enerji\",\"potentialAction\":[{\"@type\":\"SearchAction\",\"target\":{\"@type\":\"EntryPoint\",\"urlTemplate\":\"https:\/\/www.iyienerji.com.tr\/?s={search_term_string}\"},\"query-input\":\"required name=search_term_string\"}],\"inLanguage\":\"tr\"},{\"@type\":\"WebPage\",\"@id\":\"https:\/\/www.iyienerji.com.tr\/index.php\/kablo-yer-alti-ek-muflari\/#webpage\",\"url\":\"https:\/\/www.iyienerji.com.tr\/index.php\/kablo-yer-alti-ek-muflari\/\",\"name\":\"Kablo Yer Alt\u0131 Ek Muflar\u0131 | \u0130Y\u0130 Enerji\",\"isPartOf\":{\"@id\":\"https:\/\/www.iyienerji.com.tr\/#website\"},\"datePublished\":\"2015-12-03T16:08:54+00:00\",\"dateModified\":\"2015-12-03T16:23:06+00:00\",\"breadcrumb\":{\"@id\":\"https:\/\/www.iyienerji.com.tr\/index.php\/kablo-yer-alti-ek-muflari\/#breadcrumb\"},\"inLanguage\":\"tr\",\"potentialAction\":[{\"@type\":\"ReadAction\",\"target\":[\"https:\/\/www.iyienerji.com.tr\/index.php\/kablo-yer-alti-ek-muflari\/\"]}]},{\"@type\":\"BreadcrumbList\",\"@id\":\"https:\/\/www.iyienerji.com.tr\/index.php\/kablo-yer-alti-ek-muflari\/#breadcrumb\",\"itemListElement\":[{\"@type\":\"ListItem\",\"position\":1,\"name\":\"Ana sayfa\",\"item\":\"https:\/\/www.iyienerji.com.tr\/\"},{\"@type\":\"ListItem\",\"position\":2,\"name\":\"Kablo Yer Alt\u0131 Ek Muflar\u0131\"}]}]}<\/script>\n<!-- \/ Yoast SEO plugin. -->","yoast_head_json":{"title":"Kablo Yer Alt\u0131 Ek Muflar\u0131 | \u0130Y\u0130 Enerji","robots":{"index":"index","follow":"follow","max-snippet":"max-snippet:-1","max-image-preview":"max-image-preview:large","max-video-preview":"max-video-preview:-1"},"canonical":"https:\/\/www.iyienerji.com.tr\/index.php\/kablo-yer-alti-ek-muflari\/","og_locale":"tr_TR","og_type":"article","og_title":"Kablo Yer Alt\u0131 Ek Muflar\u0131 | \u0130Y\u0130 Enerji","og_url":"https:\/\/www.iyienerji.com.tr\/index.php\/kablo-yer-alti-ek-muflari\/","og_site_name":"\u0130Y\u0130 Enerji","article_modified_time":"2015-12-03T16:23:06+00:00","twitter_card":"summary_large_image","twitter_misc":{"Tahmini okuma s\u00fcresi":"1 dakika"},"schema":{"@context":"https:\/\/schema.org","@graph":[{"@type":"WebSite","@id":"https:\/\/www.iyienerji.com.tr\/#website","url":"https:\/\/www.iyienerji.com.tr\/","name":"\u0130Y\u0130 Enerji","description":"\u0130Y\u0130 Enerji","potentialAction":[{"@type":"SearchAction","target":{"@type":"EntryPoint","urlTemplate":"https:\/\/www.iyienerji.com.tr\/?s={search_term_string}"},"query-input":"required name=search_term_string"}],"inLanguage":"tr"},{"@type":"WebPage","@id":"https:\/\/www.iyienerji.com.tr\/index.php\/kablo-yer-alti-ek-muflari\/#webpage","url":"https:\/\/www.iyienerji.com.tr\/index.php\/kablo-yer-alti-ek-muflari\/","name":"Kablo Yer Alt\u0131 Ek Muflar\u0131 | \u0130Y\u0130 Enerji","isPartOf":{"@id":"https:\/\/www.iyienerji.com.tr\/#website"},"datePublished":"2015-12-03T16:08:54+00:00","dateModified":"2015-12-03T16:23:06+00:00","breadcrumb":{"@id":"https:\/\/www.iyienerji.com.tr\/index.php\/kablo-yer-alti-ek-muflari\/#breadcrumb"},"inLanguage":"tr","potentialAction":[{"@type":"ReadAction","target":["https:\/\/www.iyienerji.com.tr\/index.php\/kablo-yer-alti-ek-muflari\/"]}]},{"@type":"BreadcrumbList","@id":"https:\/\/www.iyienerji.com.tr\/index.php\/kablo-yer-alti-ek-muflari\/#breadcrumb","itemListElement":[{"@type":"ListItem","position":1,"name":"Ana sayfa","item":"https:\/\/www.iyienerji.com.tr\/"},{"@type":"ListItem","position":2,"name":"Kablo Yer Alt\u0131 Ek Muflar\u0131"}]}]}},"_links":{"self":[{"href":"https:\/\/www.iyienerji.com.tr\/index.php\/wp-json\/wp\/v2\/pages\/3089"}],"collection":[{"href":"https:\/\/www.iyienerji.com.tr\/index.php\/wp-json\/wp\/v2\/pages"}],"about":[{"href":"https:\/\/www.iyienerji.com.tr\/index.php\/wp-json\/wp\/v2\/types\/page"}],"author":[{"embeddable":true,"href":"https:\/\/www.iyienerji.com.tr\/index.php\/wp-json\/wp\/v2\/users\/1"}],"replies":[{"embeddable":true,"href":"https:\/\/www.iyienerji.com.tr\/index.php\/wp-json\/wp\/v2\/comments?post=3089"}],"version-history":[{"count":12,"href":"https:\/\/www.iyienerji.com.tr\/index.php\/wp-json\/wp\/v2\/pages\/3089\/revisions"}],"predecessor-version":[{"id":3108,"href":"https:\/\/www.iyienerji.com.tr\/index.php\/wp-json\/wp\/v2\/pages\/3089\/revisions\/3108"}],"wp:attachment":[{"href":"https:\/\/www.iyienerji.com.tr\/index.php\/wp-json\/wp\/v2\/media?parent=3089"}],"curies":[{"name":"wp","href":"https:\/\/api.w.org\/{rel}","templated":true}]}}