{"id":3083,"date":"2015-12-03T18:01:47","date_gmt":"2015-12-03T16:01:47","guid":{"rendered":"http:\/\/iyienerji.com.tr\/?page_id=3083"},"modified":"2015-12-03T18:01:47","modified_gmt":"2015-12-03T16:01:47","slug":"og-ekipmanlari","status":"publish","type":"page","link":"https:\/\/www.iyienerji.com.tr\/index.php\/og-ekipmanlari\/","title":{"rendered":"Og Ekipmanlar\u0131"},"content":{"rendered":"<p><a href=\"http:\/\/iyienerji.com.tr\/wp-content\/uploads\/2015\/12\/og_ekipmanlari.jpg\"><img loading=\"lazy\" class=\"alignnone  wp-image-3086\" src=\"http:\/\/iyienerji.com.tr\/wp-content\/uploads\/2015\/12\/og_ekipmanlari.jpg\" alt=\"og_ekipmanlari\" width=\"1250\" height=\"491\" srcset=\"https:\/\/www.iyienerji.com.tr\/wp-content\/uploads\/2015\/12\/og_ekipmanlari.jpg 1386w, https:\/\/www.iyienerji.com.tr\/wp-content\/uploads\/2015\/12\/og_ekipmanlari-300x118.jpg 300w, https:\/\/www.iyienerji.com.tr\/wp-content\/uploads\/2015\/12\/og_ekipmanlari-1024x401.jpg 1024w, https:\/\/www.iyienerji.com.tr\/wp-content\/uploads\/2015\/12\/og_ekipmanlari-750x294.jpg 750w, https:\/\/www.iyienerji.com.tr\/wp-content\/uploads\/2015\/12\/og_ekipmanlari-300x118@2x.jpg 600w\" sizes=\"(max-width: 1250px) 100vw, 1250px\" \/><\/a><\/p>\n<p>&nbsp;<\/p>\n","protected":false},"excerpt":{"rendered":"<p>&nbsp;<\/p>\n","protected":false},"author":1,"featured_media":0,"parent":0,"menu_order":0,"comment_status":"closed","ping_status":"closed","template":"","meta":[],"yoast_head":"<!-- This site is optimized with the Yoast SEO plugin v19.0 - https:\/\/yoast.com\/wordpress\/plugins\/seo\/ -->\n<title>Og Ekipmanlar\u0131 | \u0130Y\u0130 Enerji<\/title>\n<meta name=\"robots\" content=\"index, follow, max-snippet:-1, max-image-preview:large, max-video-preview:-1\" \/>\n<link rel=\"canonical\" href=\"https:\/\/www.iyienerji.com.tr\/index.php\/og-ekipmanlari\/\" \/>\n<meta property=\"og:locale\" content=\"tr_TR\" \/>\n<meta property=\"og:type\" content=\"article\" \/>\n<meta property=\"og:title\" content=\"Og Ekipmanlar\u0131 | \u0130Y\u0130 Enerji\" \/>\n<meta property=\"og:description\" content=\"&nbsp;\" \/>\n<meta property=\"og:url\" content=\"https:\/\/www.iyienerji.com.tr\/index.php\/og-ekipmanlari\/\" \/>\n<meta property=\"og:site_name\" content=\"\u0130Y\u0130 Enerji\" \/>\n<meta property=\"og:image\" content=\"http:\/\/iyienerji.com.tr\/wp-content\/uploads\/2015\/12\/og_ekipmanlari.jpg\" \/>\n<meta name=\"twitter:card\" content=\"summary_large_image\" \/>\n<script type=\"application\/ld+json\" class=\"yoast-schema-graph\">{\"@context\":\"https:\/\/schema.org\",\"@graph\":[{\"@type\":\"WebSite\",\"@id\":\"https:\/\/www.iyienerji.com.tr\/#website\",\"url\":\"https:\/\/www.iyienerji.com.tr\/\",\"name\":\"\u0130Y\u0130 Enerji\",\"description\":\"\u0130Y\u0130 Enerji\",\"potentialAction\":[{\"@type\":\"SearchAction\",\"target\":{\"@type\":\"EntryPoint\",\"urlTemplate\":\"https:\/\/www.iyienerji.com.tr\/?s={search_term_string}\"},\"query-input\":\"required name=search_term_string\"}],\"inLanguage\":\"tr\"},{\"@type\":\"ImageObject\",\"inLanguage\":\"tr\",\"@id\":\"https:\/\/www.iyienerji.com.tr\/index.php\/og-ekipmanlari\/#primaryimage\",\"url\":\"http:\/\/iyienerji.com.tr\/wp-content\/uploads\/2015\/12\/og_ekipmanlari.jpg\",\"contentUrl\":\"http:\/\/iyienerji.com.tr\/wp-content\/uploads\/2015\/12\/og_ekipmanlari.jpg\"},{\"@type\":\"WebPage\",\"@id\":\"https:\/\/www.iyienerji.com.tr\/index.php\/og-ekipmanlari\/#webpage\",\"url\":\"https:\/\/www.iyienerji.com.tr\/index.php\/og-ekipmanlari\/\",\"name\":\"Og Ekipmanlar\u0131 | \u0130Y\u0130 Enerji\",\"isPartOf\":{\"@id\":\"https:\/\/www.iyienerji.com.tr\/#website\"},\"primaryImageOfPage\":{\"@id\":\"https:\/\/www.iyienerji.com.tr\/index.php\/og-ekipmanlari\/#primaryimage\"},\"datePublished\":\"2015-12-03T16:01:47+00:00\",\"dateModified\":\"2015-12-03T16:01:47+00:00\",\"breadcrumb\":{\"@id\":\"https:\/\/www.iyienerji.com.tr\/index.php\/og-ekipmanlari\/#breadcrumb\"},\"inLanguage\":\"tr\",\"potentialAction\":[{\"@type\":\"ReadAction\",\"target\":[\"https:\/\/www.iyienerji.com.tr\/index.php\/og-ekipmanlari\/\"]}]},{\"@type\":\"BreadcrumbList\",\"@id\":\"https:\/\/www.iyienerji.com.tr\/index.php\/og-ekipmanlari\/#breadcrumb\",\"itemListElement\":[{\"@type\":\"ListItem\",\"position\":1,\"name\":\"Ana sayfa\",\"item\":\"https:\/\/www.iyienerji.com.tr\/\"},{\"@type\":\"ListItem\",\"position\":2,\"name\":\"Og Ekipmanlar\u0131\"}]}]}<\/script>\n<!-- \/ Yoast SEO plugin. -->","yoast_head_json":{"title":"Og Ekipmanlar\u0131 | \u0130Y\u0130 Enerji","robots":{"index":"index","follow":"follow","max-snippet":"max-snippet:-1","max-image-preview":"max-image-preview:large","max-video-preview":"max-video-preview:-1"},"canonical":"https:\/\/www.iyienerji.com.tr\/index.php\/og-ekipmanlari\/","og_locale":"tr_TR","og_type":"article","og_title":"Og Ekipmanlar\u0131 | \u0130Y\u0130 Enerji","og_description":"&nbsp;","og_url":"https:\/\/www.iyienerji.com.tr\/index.php\/og-ekipmanlari\/","og_site_name":"\u0130Y\u0130 Enerji","og_image":[{"url":"http:\/\/iyienerji.com.tr\/wp-content\/uploads\/2015\/12\/og_ekipmanlari.jpg"}],"twitter_card":"summary_large_image","schema":{"@context":"https:\/\/schema.org","@graph":[{"@type":"WebSite","@id":"https:\/\/www.iyienerji.com.tr\/#website","url":"https:\/\/www.iyienerji.com.tr\/","name":"\u0130Y\u0130 Enerji","description":"\u0130Y\u0130 Enerji","potentialAction":[{"@type":"SearchAction","target":{"@type":"EntryPoint","urlTemplate":"https:\/\/www.iyienerji.com.tr\/?s={search_term_string}"},"query-input":"required name=search_term_string"}],"inLanguage":"tr"},{"@type":"ImageObject","inLanguage":"tr","@id":"https:\/\/www.iyienerji.com.tr\/index.php\/og-ekipmanlari\/#primaryimage","url":"http:\/\/iyienerji.com.tr\/wp-content\/uploads\/2015\/12\/og_ekipmanlari.jpg","contentUrl":"http:\/\/iyienerji.com.tr\/wp-content\/uploads\/2015\/12\/og_ekipmanlari.jpg"},{"@type":"WebPage","@id":"https:\/\/www.iyienerji.com.tr\/index.php\/og-ekipmanlari\/#webpage","url":"https:\/\/www.iyienerji.com.tr\/index.php\/og-ekipmanlari\/","name":"Og Ekipmanlar\u0131 | \u0130Y\u0130 Enerji","isPartOf":{"@id":"https:\/\/www.iyienerji.com.tr\/#website"},"primaryImageOfPage":{"@id":"https:\/\/www.iyienerji.com.tr\/index.php\/og-ekipmanlari\/#primaryimage"},"datePublished":"2015-12-03T16:01:47+00:00","dateModified":"2015-12-03T16:01:47+00:00","breadcrumb":{"@id":"https:\/\/www.iyienerji.com.tr\/index.php\/og-ekipmanlari\/#breadcrumb"},"inLanguage":"tr","potentialAction":[{"@type":"ReadAction","target":["https:\/\/www.iyienerji.com.tr\/index.php\/og-ekipmanlari\/"]}]},{"@type":"BreadcrumbList","@id":"https:\/\/www.iyienerji.com.tr\/index.php\/og-ekipmanlari\/#breadcrumb","itemListElement":[{"@type":"ListItem","position":1,"name":"Ana sayfa","item":"https:\/\/www.iyienerji.com.tr\/"},{"@type":"ListItem","position":2,"name":"Og Ekipmanlar\u0131"}]}]}},"_links":{"self":[{"href":"https:\/\/www.iyienerji.com.tr\/index.php\/wp-json\/wp\/v2\/pages\/3083"}],"collection":[{"href":"https:\/\/www.iyienerji.com.tr\/index.php\/wp-json\/wp\/v2\/pages"}],"about":[{"href":"https:\/\/www.iyienerji.com.tr\/index.php\/wp-json\/wp\/v2\/types\/page"}],"author":[{"embeddable":true,"href":"https:\/\/www.iyienerji.com.tr\/index.php\/wp-json\/wp\/v2\/users\/1"}],"replies":[{"embeddable":true,"href":"https:\/\/www.iyienerji.com.tr\/index.php\/wp-json\/wp\/v2\/comments?post=3083"}],"version-history":[{"count":1,"href":"https:\/\/www.iyienerji.com.tr\/index.php\/wp-json\/wp\/v2\/pages\/3083\/revisions"}],"predecessor-version":[{"id":3087,"href":"https:\/\/www.iyienerji.com.tr\/index.php\/wp-json\/wp\/v2\/pages\/3083\/revisions\/3087"}],"wp:attachment":[{"href":"https:\/\/www.iyienerji.com.tr\/index.php\/wp-json\/wp\/v2\/media?parent=3083"}],"curies":[{"name":"wp","href":"https:\/\/api.w.org\/{rel}","templated":true}]}}