{"id":3078,"date":"2015-12-03T17:51:29","date_gmt":"2015-12-03T15:51:29","guid":{"rendered":"http:\/\/iyienerji.com.tr\/?page_id=3078"},"modified":"2015-12-03T17:54:33","modified_gmt":"2015-12-03T15:54:33","slug":"ayiricilar-seksiyoner","status":"publish","type":"page","link":"https:\/\/www.iyienerji.com.tr\/index.php\/ayiricilar-seksiyoner\/","title":{"rendered":"Ay\u0131r\u0131c\u0131lar Seksiyoner"},"content":{"rendered":"<p align=\"center\"><strong>HAR\u0130C\u0130 T\u0130P AYIRICILAR<\/strong><\/p>\n<p align=\"left\"><strong>\u00a0 \u00a0 \u00a0 \u00a0 \u00a0 \u00a0 \u00a0 \u00a0 \u00a0 \u00a0 \u00a0 \u00a0 \u00a0 \u00a0 \u00a0 \u00a0 \u00a0 \u00a0 \u00a0 \u00a0 \u00a0 \u00a0 \u00a0 \u00a0 \u00a0 \u00a0 \u00a0 \u00a0 \u00a0 \u00a0 \u00a0 \u00a0 \u00a0 \u00a0 \u00a0 \u00a0 \u00a0 \u00a0 \u00a0 \u00a0 \u00a0 \u00a0 \u00a0 \u00a0 \u00a0 \u00a0 \u00a0 \u00a0 \u00a0 \u00a0 \u00a0 \u00a0 \u00a0 \u00a0 \u00a0 \u00a0 \u00a0 \u00a0S\u0130G. TOPR. AYIRICILAR\u00a0\u00a0\u00a0\u00a0\u00a0\u00a0\u00a0\u00a0\u00a0\u00a0\u00a0\u00a0\u00a0\u00a0 TOPRAKLI\u00a0 AYIRICILAR<\/strong><\/p>\n<p align=\"center\"><a href=\"http:\/\/erkaelektrik.com\/ckeditor\/images\/ayirici\/HST.jpg\"><img src=\"http:\/\/erkaelektrik.com\/ckeditor\/images\/ayirici\/HST_small1.jpg\" alt=\"\" border=\"2\" \/><\/a><a href=\"http:\/\/erkaelektrik.com\/ckeditor\/images\/ayirici\/HT.jpg\"><img src=\"http:\/\/erkaelektrik.com\/ckeditor\/images\/ayirici\/HT_small1.jpg\" alt=\"\" border=\"2\" \/><\/a><\/p>\n<table border=\"1\" width=\"583\" cellspacing=\"3\" cellpadding=\"0\" align=\"center\">\n<tbody>\n<tr>\n<td>Anma Gerilimi (kV)<\/td>\n<td>Anma Ak\u0131m\u0131 (A)<\/td>\n<td>K\u0131sa S\u00fcre Ak\u0131m\u0131 (kA) 1 sn.<\/td>\n<td>K\u0131sa S\u00fcre Ak\u0131m\u0131 (kA) max.<\/td>\n<\/tr>\n<tr>\n<td rowspan=\"2\">\n<p align=\"center\">12<\/p>\n<\/td>\n<td>\n<p align=\"center\">400<\/p>\n<\/td>\n<td>\n<p align=\"center\">12,5<\/p>\n<\/td>\n<td>\n<p align=\"center\">32<\/p>\n<\/td>\n<\/tr>\n<tr>\n<td>\n<p align=\"center\">630<\/p>\n<\/td>\n<td>\n<p align=\"center\">16<\/p>\n<\/td>\n<td>\n<p align=\"center\">40<\/p>\n<\/td>\n<\/tr>\n<tr>\n<td rowspan=\"2\">\n<p align=\"center\">17,5<\/p>\n<\/td>\n<td>\n<p align=\"center\">400<\/p>\n<\/td>\n<td>\n<p align=\"center\">12,5<\/p>\n<\/td>\n<td>\n<p align=\"center\">32<\/p>\n<\/td>\n<\/tr>\n<tr>\n<td>\n<p align=\"center\">630<\/p>\n<\/td>\n<td>\n<p align=\"center\">16<\/p>\n<\/td>\n<td>\n<p align=\"center\">40<\/p>\n<\/td>\n<\/tr>\n<tr>\n<td rowspan=\"2\">\n<p align=\"center\">36<\/p>\n<\/td>\n<td>\n<p align=\"center\">400<\/p>\n<\/td>\n<td>\n<p align=\"center\">12,5<\/p>\n<\/td>\n<td>\n<p align=\"center\">32<\/p>\n<\/td>\n<\/tr>\n<tr>\n<td>\n<p align=\"center\">630<\/p>\n<\/td>\n<td>\n<p align=\"center\">16<\/p>\n<\/td>\n<td>\n<p align=\"center\">40<\/p>\n<\/td>\n<\/tr>\n<\/tbody>\n<\/table>\n<div><\/div>\n<p align=\"center\"><a href=\"http:\/\/erkaelektrik.com\/ckeditor\/images\/ayirici\/hstplan.jpg\"><img src=\"http:\/\/erkaelektrik.com\/ckeditor\/images\/ayirici\/hstplan_small.jpg\" alt=\"\" border=\"2\" \/><\/a><\/p>\n<p align=\"center\"><u><strong>HAR\u0130C\u0130 AYIRICI \u00d6L\u00c7\u00dcLER\u0130<\/strong><\/u><\/p>\n<table border=\"1\" width=\"78%\" cellspacing=\"3\" cellpadding=\"0\" align=\"center\">\n<tbody>\n<tr>\n<td>\n<p align=\"center\">U:kV<\/p>\n<\/td>\n<td>\n<p align=\"center\">A<\/p>\n<\/td>\n<td>\n<p align=\"center\">B<\/p>\n<\/td>\n<td>\n<p align=\"center\">C<\/p>\n<\/td>\n<td>\n<p align=\"center\">D<\/p>\n<\/td>\n<td>\n<p align=\"center\">E<\/p>\n<\/td>\n<td>\n<p align=\"center\">F<\/p>\n<\/td>\n<td>\n<p align=\"center\">G<\/p>\n<\/td>\n<\/tr>\n<tr>\n<td>\n<p align=\"center\">12<\/p>\n<\/td>\n<td>\n<p align=\"center\">960<\/p>\n<\/td>\n<td>\n<p align=\"center\">1130<\/p>\n<\/td>\n<td>\n<p align=\"center\">580<\/p>\n<\/td>\n<td>\n<p align=\"center\">350<\/p>\n<\/td>\n<td>\n<p align=\"center\">110<\/p>\n<\/td>\n<td>\n<p align=\"center\">280<\/p>\n<\/td>\n<td>\n<p align=\"center\">570<\/p>\n<\/td>\n<\/tr>\n<tr>\n<td>\n<p align=\"center\">17,5<\/p>\n<\/td>\n<td>\n<p align=\"center\">1160<\/p>\n<\/td>\n<td>\n<p align=\"center\">1310<\/p>\n<\/td>\n<td>\n<p align=\"center\">610<\/p>\n<\/td>\n<td>\n<p align=\"center\">450<\/p>\n<\/td>\n<td>\n<p align=\"center\">110<\/p>\n<\/td>\n<td>\n<p align=\"center\">280<\/p>\n<\/td>\n<td>\n<p align=\"center\">620<\/p>\n<\/td>\n<\/tr>\n<tr>\n<td>\n<p align=\"center\">36<\/p>\n<\/td>\n<td>\n<p align=\"center\">1520<\/p>\n<\/td>\n<td>\n<p align=\"center\">1500<\/p>\n<\/td>\n<td>\n<p align=\"center\">780<\/p>\n<\/td>\n<td>\n<p align=\"center\">630<\/p>\n<\/td>\n<td>\n<p align=\"center\">110<\/p>\n<\/td>\n<td>\n<p align=\"center\">280<\/p>\n<\/td>\n<td>\n<p align=\"center\">935<\/p>\n<\/td>\n<\/tr>\n<\/tbody>\n<\/table>\n<div><\/div>\n<p align=\"center\"><strong>DAH\u0130L\u0130 T\u0130P AYIRICILAR<\/strong><\/p>\n<p align=\"left\"><strong>\u00a0 \u00a0 \u00a0 \u00a0 \u00a0 \u00a0 \u00a0 \u00a0 \u00a0 \u00a0 \u00a0 \u00a0 \u00a0 \u00a0 \u00a0 \u00a0 \u00a0 \u00a0 \u00a0 \u00a0 \u00a0 \u00a0 \u00a0 \u00a0 \u00a0 \u00a0 \u00a0 \u00a0 \u00a0 \u00a0 \u00a0 \u00a0 \u00a0 \u00a0 \u00a0 \u00a0 \u00a0 \u00a0 \u00a0 \u00a0 \u00a0 \u00a0 \u00a0 \u00a0 \u00a0 \u00a0 \u00a0 \u00a0 \u00a0 \u00a0 \u00a0 \u00a0 \u00a0 \u00a0 \u00a0 \u00a0 \u00a0 \u00a0 \u00a0S\u0130G. TOPR. AYIRICILAR\u00a0\u00a0\u00a0\u00a0\u00a0\u00a0\u00a0\u00a0\u00a0\u00a0 \u00a0\u00a0\u00a0 TOPRAKLI\u00a0 AYIRICILAR<\/strong><\/p>\n<p align=\"center\"><a href=\"http:\/\/erkaelektrik.com\/ckeditor\/images\/ayirici\/DST.jpg\"><img src=\"http:\/\/erkaelektrik.com\/ckeditor\/images\/ayirici\/DST_small.jpg\" alt=\"\" border=\"2\" \/><\/a><a href=\"http:\/\/erkaelektrik.com\/ckeditor\/images\/ayirici\/DT.jpg\"><img src=\"http:\/\/erkaelektrik.com\/ckeditor\/images\/ayirici\/DT_small.jpg\" alt=\"\" border=\"2\" \/><\/a><\/p>\n<table border=\"1\" cellspacing=\"3\" cellpadding=\"0\" align=\"center\">\n<tbody>\n<tr>\n<td>\n<p align=\"center\">Anma Gerilimi (kV)<\/p>\n<\/td>\n<td>\n<p align=\"center\">Anma Ak\u0131m\u0131 (A)<\/p>\n<\/td>\n<td>\n<p align=\"center\">K\u0131sa S\u00fcre Ak\u0131m\u0131 (kA)\u00a0 1sn.<\/p>\n<\/td>\n<td>\n<p align=\"center\">K\u0131sa S\u00fcre Ak\u0131m\u0131 (kA) max.<\/p>\n<\/td>\n<\/tr>\n<tr>\n<td rowspan=\"3\">\n<p align=\"center\">12<\/p>\n<\/td>\n<td>\n<p align=\"center\">400<\/p>\n<\/td>\n<td>\n<p align=\"center\">12,5<\/p>\n<\/td>\n<td>\n<p align=\"center\">32<\/p>\n<\/td>\n<\/tr>\n<tr>\n<td>\n<p align=\"center\">630<\/p>\n<\/td>\n<td>\n<p align=\"center\">16<\/p>\n<\/td>\n<td>\n<p align=\"center\">40<\/p>\n<\/td>\n<\/tr>\n<tr>\n<td>\n<p align=\"center\">1250<\/p>\n<\/td>\n<td>\n<p align=\"center\">25<\/p>\n<\/td>\n<td>\n<p align=\"center\">63<\/p>\n<\/td>\n<\/tr>\n<tr>\n<td rowspan=\"3\">\n<p align=\"center\">17,5<\/p>\n<\/td>\n<td>\n<p align=\"center\">400<\/p>\n<\/td>\n<td>\n<p align=\"center\">12,5<\/p>\n<\/td>\n<td>\n<p align=\"center\">32<\/p>\n<\/td>\n<\/tr>\n<tr>\n<td>\n<p align=\"center\">630<\/p>\n<\/td>\n<td>\n<p align=\"center\">16<\/p>\n<\/td>\n<td>\n<p align=\"center\">40<\/p>\n<\/td>\n<\/tr>\n<tr>\n<td>\n<p align=\"center\">1250<\/p>\n<\/td>\n<td>\n<p align=\"center\">25<\/p>\n<\/td>\n<td>\n<p align=\"center\">63<\/p>\n<\/td>\n<\/tr>\n<tr>\n<td rowspan=\"3\">\n<p align=\"center\">36<\/p>\n<\/td>\n<td>\n<p align=\"center\">400<\/p>\n<\/td>\n<td>\n<p align=\"center\">12,5<\/p>\n<\/td>\n<td>\n<p align=\"center\">32<\/p>\n<\/td>\n<\/tr>\n<tr>\n<td>\n<p align=\"center\">630<\/p>\n<\/td>\n<td>\n<p align=\"center\">16<\/p>\n<\/td>\n<td>\n<p align=\"center\">40<\/p>\n<\/td>\n<\/tr>\n<tr>\n<td>\n<p align=\"center\">1250<\/p>\n<\/td>\n<td>\n<p align=\"center\">25<\/p>\n<\/td>\n<td>\n<p align=\"center\">63<\/p>\n<\/td>\n<\/tr>\n<\/tbody>\n<\/table>\n<div><\/div>\n<p align=\"center\"><a href=\"http:\/\/erkaelektrik.com\/ckeditor\/images\/ayirici\/dahplan.jpg\"><img src=\"http:\/\/erkaelektrik.com\/ckeditor\/images\/ayirici\/dahplan_small.jpg\" alt=\"\" border=\"2\" \/><\/a><\/p>\n<p align=\"center\"><u><strong>DAH\u0130L\u0130 AYIRICI \u00d6L\u00c7\u00dcLER\u0130<\/strong><\/u><\/p>\n<table border=\"1\" width=\"80%\" cellspacing=\"3\" cellpadding=\"0\">\n<tbody>\n<tr>\n<td>\n<p align=\"center\">U:kV<\/p>\n<\/td>\n<td>\n<p align=\"center\">A<\/p>\n<\/td>\n<td>\n<p align=\"center\">B<\/p>\n<\/td>\n<td>\n<p align=\"center\">C<\/p>\n<\/td>\n<td>\n<p align=\"center\">D<\/p>\n<\/td>\n<td>\n<p align=\"center\">E<\/p>\n<\/td>\n<td>\n<p align=\"center\">F<\/p>\n<\/td>\n<td>\n<p align=\"center\">G<\/p>\n<\/td>\n<td>\n<p align=\"center\">H<\/p>\n<\/td>\n<\/tr>\n<tr>\n<td>\n<p align=\"center\">12<\/p>\n<\/td>\n<td>\n<p align=\"center\">900<\/p>\n<\/td>\n<td>\n<p align=\"center\">860<\/p>\n<\/td>\n<td>\n<p align=\"center\">300<\/p>\n<\/td>\n<td>\n<p align=\"center\">780<\/p>\n<\/td>\n<td>\n<p align=\"center\">300<\/p>\n<\/td>\n<td>\n<p align=\"center\">400<\/p>\n<\/td>\n<td>\n<p align=\"center\">380<\/p>\n<\/td>\n<td>\n<p align=\"center\">420<\/p>\n<\/td>\n<\/tr>\n<tr>\n<td>\n<p align=\"center\">17,5<\/p>\n<\/td>\n<td>\n<p align=\"center\">1000<\/p>\n<\/td>\n<td>\n<p align=\"center\">960<\/p>\n<\/td>\n<td>\n<p align=\"center\">350<\/p>\n<\/td>\n<td>\n<p align=\"center\">1030<\/p>\n<\/td>\n<td>\n<p align=\"center\">400<\/p>\n<\/td>\n<td>\n<p align=\"center\">550<\/p>\n<\/td>\n<td>\n<p align=\"center\">480<\/p>\n<\/td>\n<td>\n<p align=\"center\">570<\/p>\n<\/td>\n<\/tr>\n<tr>\n<td>\n<p align=\"center\">36<\/p>\n<\/td>\n<td>\n<p align=\"center\">1340<\/p>\n<\/td>\n<td>\n<p align=\"center\">1310<\/p>\n<\/td>\n<td>\n<p align=\"center\">520<\/p>\n<\/td>\n<td>\n<p align=\"center\">1190<\/p>\n<\/td>\n<td>\n<p align=\"center\">460<\/p>\n<\/td>\n<td>\n<p align=\"center\">650<\/p>\n<\/td>\n<td>\n<p align=\"center\">540<\/p>\n<\/td>\n<td>\n<p align=\"center\">715<\/p>\n<\/td>\n<\/tr>\n<\/tbody>\n<\/table>\n","protected":false},"excerpt":{"rendered":"<p>HAR\u0130C\u0130 T\u0130P AYIRICILAR \u00a0 \u00a0 \u00a0 \u00a0 \u00a0 \u00a0 \u00a0 \u00a0 \u00a0 \u00a0 \u00a0 \u00a0 \u00a0 \u00a0 \u00a0 \u00a0 \u00a0 \u00a0 \u00a0 \u00a0 \u00a0 \u00a0 \u00a0 \u00a0 \u00a0 \u00a0 \u00a0 \u00a0 \u00a0 \u00a0 \u00a0 \u00a0 \u00a0 \u00a0 \u00a0 \u00a0 \u00a0 \u00a0 \u00a0 \u00a0 \u00a0 \u00a0 \u00a0 \u00a0 \u00a0 \u00a0 \u00a0 \u00a0 \u00a0 \u00a0 \u00a0 \u00a0 [&hellip;]<\/p>\n","protected":false},"author":1,"featured_media":0,"parent":0,"menu_order":0,"comment_status":"closed","ping_status":"closed","template":"","meta":[],"yoast_head":"<!-- This site is optimized with the Yoast SEO plugin v19.0 - https:\/\/yoast.com\/wordpress\/plugins\/seo\/ -->\n<title>Ay\u0131r\u0131c\u0131lar Seksiyoner | \u0130Y\u0130 Enerji<\/title>\n<meta name=\"robots\" content=\"index, follow, max-snippet:-1, max-image-preview:large, max-video-preview:-1\" \/>\n<link rel=\"canonical\" href=\"https:\/\/www.iyienerji.com.tr\/index.php\/ayiricilar-seksiyoner\/\" \/>\n<meta property=\"og:locale\" content=\"tr_TR\" \/>\n<meta property=\"og:type\" content=\"article\" \/>\n<meta property=\"og:title\" content=\"Ay\u0131r\u0131c\u0131lar Seksiyoner | \u0130Y\u0130 Enerji\" \/>\n<meta property=\"og:description\" content=\"HAR\u0130C\u0130 T\u0130P AYIRICILAR \u00a0 \u00a0 \u00a0 \u00a0 \u00a0 \u00a0 \u00a0 \u00a0 \u00a0 \u00a0 \u00a0 \u00a0 \u00a0 \u00a0 \u00a0 \u00a0 \u00a0 \u00a0 \u00a0 \u00a0 \u00a0 \u00a0 \u00a0 \u00a0 \u00a0 \u00a0 \u00a0 \u00a0 \u00a0 \u00a0 \u00a0 \u00a0 \u00a0 \u00a0 \u00a0 \u00a0 \u00a0 \u00a0 \u00a0 \u00a0 \u00a0 \u00a0 \u00a0 \u00a0 \u00a0 \u00a0 \u00a0 \u00a0 \u00a0 \u00a0 \u00a0 \u00a0 [&hellip;]\" \/>\n<meta property=\"og:url\" content=\"https:\/\/www.iyienerji.com.tr\/index.php\/ayiricilar-seksiyoner\/\" \/>\n<meta property=\"og:site_name\" content=\"\u0130Y\u0130 Enerji\" \/>\n<meta property=\"article:modified_time\" content=\"2015-12-03T15:54:33+00:00\" \/>\n<meta property=\"og:image\" content=\"http:\/\/erkaelektrik.com\/ckeditor\/images\/ayirici\/HST_small1.jpg\" \/>\n<meta name=\"twitter:card\" content=\"summary_large_image\" \/>\n<script type=\"application\/ld+json\" class=\"yoast-schema-graph\">{\"@context\":\"https:\/\/schema.org\",\"@graph\":[{\"@type\":\"WebSite\",\"@id\":\"https:\/\/www.iyienerji.com.tr\/#website\",\"url\":\"https:\/\/www.iyienerji.com.tr\/\",\"name\":\"\u0130Y\u0130 Enerji\",\"description\":\"\u0130Y\u0130 Enerji\",\"potentialAction\":[{\"@type\":\"SearchAction\",\"target\":{\"@type\":\"EntryPoint\",\"urlTemplate\":\"https:\/\/www.iyienerji.com.tr\/?s={search_term_string}\"},\"query-input\":\"required name=search_term_string\"}],\"inLanguage\":\"tr\"},{\"@type\":\"ImageObject\",\"inLanguage\":\"tr\",\"@id\":\"https:\/\/www.iyienerji.com.tr\/index.php\/ayiricilar-seksiyoner\/#primaryimage\",\"url\":\"http:\/\/erkaelektrik.com\/ckeditor\/images\/ayirici\/HST_small1.jpg\",\"contentUrl\":\"http:\/\/erkaelektrik.com\/ckeditor\/images\/ayirici\/HST_small1.jpg\"},{\"@type\":\"WebPage\",\"@id\":\"https:\/\/www.iyienerji.com.tr\/index.php\/ayiricilar-seksiyoner\/#webpage\",\"url\":\"https:\/\/www.iyienerji.com.tr\/index.php\/ayiricilar-seksiyoner\/\",\"name\":\"Ay\u0131r\u0131c\u0131lar Seksiyoner | \u0130Y\u0130 Enerji\",\"isPartOf\":{\"@id\":\"https:\/\/www.iyienerji.com.tr\/#website\"},\"primaryImageOfPage\":{\"@id\":\"https:\/\/www.iyienerji.com.tr\/index.php\/ayiricilar-seksiyoner\/#primaryimage\"},\"datePublished\":\"2015-12-03T15:51:29+00:00\",\"dateModified\":\"2015-12-03T15:54:33+00:00\",\"breadcrumb\":{\"@id\":\"https:\/\/www.iyienerji.com.tr\/index.php\/ayiricilar-seksiyoner\/#breadcrumb\"},\"inLanguage\":\"tr\",\"potentialAction\":[{\"@type\":\"ReadAction\",\"target\":[\"https:\/\/www.iyienerji.com.tr\/index.php\/ayiricilar-seksiyoner\/\"]}]},{\"@type\":\"BreadcrumbList\",\"@id\":\"https:\/\/www.iyienerji.com.tr\/index.php\/ayiricilar-seksiyoner\/#breadcrumb\",\"itemListElement\":[{\"@type\":\"ListItem\",\"position\":1,\"name\":\"Ana sayfa\",\"item\":\"https:\/\/www.iyienerji.com.tr\/\"},{\"@type\":\"ListItem\",\"position\":2,\"name\":\"Ay\u0131r\u0131c\u0131lar Seksiyoner\"}]}]}<\/script>\n<!-- \/ Yoast SEO plugin. -->","yoast_head_json":{"title":"Ay\u0131r\u0131c\u0131lar Seksiyoner | \u0130Y\u0130 Enerji","robots":{"index":"index","follow":"follow","max-snippet":"max-snippet:-1","max-image-preview":"max-image-preview:large","max-video-preview":"max-video-preview:-1"},"canonical":"https:\/\/www.iyienerji.com.tr\/index.php\/ayiricilar-seksiyoner\/","og_locale":"tr_TR","og_type":"article","og_title":"Ay\u0131r\u0131c\u0131lar Seksiyoner | \u0130Y\u0130 Enerji","og_description":"HAR\u0130C\u0130 T\u0130P AYIRICILAR \u00a0 \u00a0 \u00a0 \u00a0 \u00a0 \u00a0 \u00a0 \u00a0 \u00a0 \u00a0 \u00a0 \u00a0 \u00a0 \u00a0 \u00a0 \u00a0 \u00a0 \u00a0 \u00a0 \u00a0 \u00a0 \u00a0 \u00a0 \u00a0 \u00a0 \u00a0 \u00a0 \u00a0 \u00a0 \u00a0 \u00a0 \u00a0 \u00a0 \u00a0 \u00a0 \u00a0 \u00a0 \u00a0 \u00a0 \u00a0 \u00a0 \u00a0 \u00a0 \u00a0 \u00a0 \u00a0 \u00a0 \u00a0 \u00a0 \u00a0 \u00a0 \u00a0 [&hellip;]","og_url":"https:\/\/www.iyienerji.com.tr\/index.php\/ayiricilar-seksiyoner\/","og_site_name":"\u0130Y\u0130 Enerji","article_modified_time":"2015-12-03T15:54:33+00:00","og_image":[{"url":"http:\/\/erkaelektrik.com\/ckeditor\/images\/ayirici\/HST_small1.jpg"}],"twitter_card":"summary_large_image","schema":{"@context":"https:\/\/schema.org","@graph":[{"@type":"WebSite","@id":"https:\/\/www.iyienerji.com.tr\/#website","url":"https:\/\/www.iyienerji.com.tr\/","name":"\u0130Y\u0130 Enerji","description":"\u0130Y\u0130 Enerji","potentialAction":[{"@type":"SearchAction","target":{"@type":"EntryPoint","urlTemplate":"https:\/\/www.iyienerji.com.tr\/?s={search_term_string}"},"query-input":"required name=search_term_string"}],"inLanguage":"tr"},{"@type":"ImageObject","inLanguage":"tr","@id":"https:\/\/www.iyienerji.com.tr\/index.php\/ayiricilar-seksiyoner\/#primaryimage","url":"http:\/\/erkaelektrik.com\/ckeditor\/images\/ayirici\/HST_small1.jpg","contentUrl":"http:\/\/erkaelektrik.com\/ckeditor\/images\/ayirici\/HST_small1.jpg"},{"@type":"WebPage","@id":"https:\/\/www.iyienerji.com.tr\/index.php\/ayiricilar-seksiyoner\/#webpage","url":"https:\/\/www.iyienerji.com.tr\/index.php\/ayiricilar-seksiyoner\/","name":"Ay\u0131r\u0131c\u0131lar Seksiyoner | \u0130Y\u0130 Enerji","isPartOf":{"@id":"https:\/\/www.iyienerji.com.tr\/#website"},"primaryImageOfPage":{"@id":"https:\/\/www.iyienerji.com.tr\/index.php\/ayiricilar-seksiyoner\/#primaryimage"},"datePublished":"2015-12-03T15:51:29+00:00","dateModified":"2015-12-03T15:54:33+00:00","breadcrumb":{"@id":"https:\/\/www.iyienerji.com.tr\/index.php\/ayiricilar-seksiyoner\/#breadcrumb"},"inLanguage":"tr","potentialAction":[{"@type":"ReadAction","target":["https:\/\/www.iyienerji.com.tr\/index.php\/ayiricilar-seksiyoner\/"]}]},{"@type":"BreadcrumbList","@id":"https:\/\/www.iyienerji.com.tr\/index.php\/ayiricilar-seksiyoner\/#breadcrumb","itemListElement":[{"@type":"ListItem","position":1,"name":"Ana sayfa","item":"https:\/\/www.iyienerji.com.tr\/"},{"@type":"ListItem","position":2,"name":"Ay\u0131r\u0131c\u0131lar Seksiyoner"}]}]}},"_links":{"self":[{"href":"https:\/\/www.iyienerji.com.tr\/index.php\/wp-json\/wp\/v2\/pages\/3078"}],"collection":[{"href":"https:\/\/www.iyienerji.com.tr\/index.php\/wp-json\/wp\/v2\/pages"}],"about":[{"href":"https:\/\/www.iyienerji.com.tr\/index.php\/wp-json\/wp\/v2\/types\/page"}],"author":[{"embeddable":true,"href":"https:\/\/www.iyienerji.com.tr\/index.php\/wp-json\/wp\/v2\/users\/1"}],"replies":[{"embeddable":true,"href":"https:\/\/www.iyienerji.com.tr\/index.php\/wp-json\/wp\/v2\/comments?post=3078"}],"version-history":[{"count":3,"href":"https:\/\/www.iyienerji.com.tr\/index.php\/wp-json\/wp\/v2\/pages\/3078\/revisions"}],"predecessor-version":[{"id":3081,"href":"https:\/\/www.iyienerji.com.tr\/index.php\/wp-json\/wp\/v2\/pages\/3078\/revisions\/3081"}],"wp:attachment":[{"href":"https:\/\/www.iyienerji.com.tr\/index.php\/wp-json\/wp\/v2\/media?parent=3078"}],"curies":[{"name":"wp","href":"https:\/\/api.w.org\/{rel}","templated":true}]}}