{"id":3062,"date":"2015-12-03T17:13:35","date_gmt":"2015-12-03T15:13:35","guid":{"rendered":"http:\/\/iyienerji.com.tr\/?page_id=3062"},"modified":"2016-01-11T15:21:41","modified_gmt":"2016-01-11T13:21:41","slug":"enerji-kablolari","status":"publish","type":"page","link":"https:\/\/www.iyienerji.com.tr\/index.php\/enerji-kablolari\/","title":{"rendered":"Enerji Kablolar\u0131"},"content":{"rendered":"<div class=\"main-wrapper\">\n<div class=\"main-content\">\n<div class=\"row\">\n<div class=\"large-12 columns\">\n<p><strong>ORTA GER\u0130L\u0130M KABLOLARI<\/strong><\/p>\n<p>Yerel kablo \u015febekelerinde ve bina elektrik tesisatlar\u0131nda kullan\u0131lmakta olan bak\u0131r iletkenli enerji kablolar\u0131, m\u00fc\u015fteri taleplerine g\u00f6re ve istenilen standartlarda \u00fcretilmektedir. Enerji kablolar\u0131 kullan\u0131m ama\u00e7lar\u0131na g\u00f6re a\u015fa\u011f\u0131da belirtildi\u011fi gibi \u00e7ok \u00e7e\u015fitli yap\u0131larda \u00fcretilebilmektedir.<\/p>\n<p><strong>\u2013 Anma Gerilimi : Al\u00e7ak, Orta<\/strong><strong><br \/>\n\u2013 Izole Tipi : PVC (Polivinilklor\u00fcr), \u00c7apraz Ba\u011fl\u0131 Polietilen (XLPE)<br \/>\n\u2013 Kablo Yap\u0131s\u0131 : PVC dolgulu, \u00c7elik z\u0131rhl\u0131<\/strong><\/p>\n<p>Ayr\u0131ca m\u00fc\u015fteri isteklerine g\u00f6re \u00f6zel tasar\u0131ml\u0131 kablolar da yap\u0131labilir. Kablo \u00fcretimi, \u015fartname gereklerine g\u00f6re en uygun hammaddelerin kullan\u0131m\u0131 ile hassas makinalar da yap\u0131lmaktad\u0131r. \u00dcretimin her a\u015famas\u0131nda gerekli kontroller yap\u0131lmakta ve \u00fcr\u00fcn kalitesi s\u00fcrekli denetim alt\u0131nda tutulmaktad\u0131r. \u00dcretimi tamamlanan \u00fcr\u00fcnler, ilgili \u015fartnamelere g\u00f6re ambalajlan\u0131p son testleri yap\u0131ld\u0131ktan sonra sevke haz\u0131r edilmektedir.<\/p>\n<p><strong>TES\u0130SAT KABLOLARI<\/strong><\/p>\n<p>Yerel kablo \u015febekelerinde ve bina elektrik tesisatlar\u0131nda kullan\u0131lmakta olan bak\u0131r iletkenli enerji kablolar\u0131, m\u00fc\u015fteri taleplerine g\u00f6re ve istenilen standartlarda \u00fcretilmektedir. Enerji kablolar\u0131 kullan\u0131m ama\u00e7lar\u0131na g\u00f6re a\u015fa\u011f\u0131da belirtildi\u011fi gibi \u00e7ok \u00e7e\u015fitli yap\u0131larda \u00fcretilebilmektedir.<\/p>\n<p><strong>\u2013 Anma Gerilimi : Al\u00e7ak, Orta<\/strong><br \/>\n<strong>\u2013 Izole Tipi : PVC (Polivinilklor\u00fcr), \u00c7apraz Ba\u011fl\u0131 Polietilen (XLPE)<\/strong><br \/>\n<strong>\u2013 Kablo Yap\u0131s\u0131 : PVC dolgulu, \u00c7elik z\u0131rhl\u0131<\/strong><\/p>\n<p>Ayr\u0131ca m\u00fc\u015fteri isteklerine g\u00f6re \u00f6zel tasar\u0131ml\u0131 kablolar da yap\u0131labilir. Kablo \u00fcretimi, \u015fartname gereklerine g\u00f6re en uygun hammaddelerin kullan\u0131m\u0131 ile hassas makinalar da yap\u0131lmaktad\u0131r. \u00dcretimin her a\u015famas\u0131nda gerekli kontroller yap\u0131lmakta ve \u00fcr\u00fcn kalitesi s\u00fcrekli denetim alt\u0131nda tutulmaktad\u0131r. \u00dcretimi tamamlanan \u00fcr\u00fcnler, ilgili \u015fartnamelere g\u00f6re ambalajlan\u0131p son testleri yap\u0131ld\u0131ktan sonra sevke haz\u0131r edilmektedir.<\/p>\n<p><strong>AL\u00c7AK GER\u0130L\u0130M KABLOLARI<\/strong><\/p>\n<p>Yerel kablo \u015febekelerinde ve bina elektrik tesisatlar\u0131nda kullan\u0131lmakta olan bak\u0131r iletkenli enerji kablolar\u0131, m\u00fc\u015fteri taleplerine g\u00f6re ve istenilen standartlarda \u00fcretilmektedir. Enerji kablolar\u0131 kullan\u0131m ama\u00e7lar\u0131na g\u00f6re a\u015fa\u011f\u0131da belirtildi\u011fi gibi \u00e7ok \u00e7e\u015fitli yap\u0131larda \u00fcretilebilmektedir.<\/p>\n<p><strong>\u2013 Anma Gerilimi : Al\u00e7ak, Orta<\/strong><br \/>\n<strong>\u2013 Izole Tipi : PVC (Polivinilklor\u00fcr), \u00c7apraz Ba\u011fl\u0131 Polietilen (XLPE)<\/strong><br \/>\n<strong>\u2013 Kablo Yap\u0131s\u0131 : PVC dolgulu, \u00c7elik z\u0131rhl\u0131<\/strong><\/p>\n<p>Ayr\u0131ca m\u00fc\u015fteri isteklerine g\u00f6re \u00f6zel tasar\u0131ml\u0131 kablolar da yap\u0131labilir. Kablo \u00fcretimi, \u015fartname gereklerine g\u00f6re en uygun hammaddelerin kullan\u0131m\u0131 ile hassas makinalar da yap\u0131lmaktad\u0131r. \u00dcretimin her a\u015famas\u0131nda gerekli kontroller yap\u0131lmakta ve \u00fcr\u00fcn kalitesi s\u00fcrekli denetim alt\u0131nda tutulmaktad\u0131r. \u00dcretimi tamamlanan \u00fcr\u00fcnler, ilgili \u015fartnamelere g\u00f6re ambalajlan\u0131p son testleri yap\u0131ld\u0131ktan sonra sevke haz\u0131r edilmektedir.<\/p>\n<p><strong>XLPE KABLO RES\u0130MLER\u0130<\/strong><\/p>\n<p><strong><img loading=\"lazy\" class=\"alignleft wp-image-5450 \" src=\"http:\/\/www.fibaelektrik.com\/wp-content\/uploads\/xlpe2.jpg\" alt=\"Dry_Type_Transformer\" width=\"189\" height=\"189\" \/><\/strong><\/p>\n<p><strong><img loading=\"lazy\" class=\"alignleft wp-image-5450 \" src=\"http:\/\/www.fibaelektrik.com\/wp-content\/uploads\/xlpe3.jpg\" alt=\"Dry_Type_Transformer\" width=\"189\" height=\"189\" \/><img loading=\"lazy\" class=\"alignleft wp-image-5450 \" src=\"http:\/\/www.fibaelektrik.com\/wp-content\/uploads\/xlpe4.jpg\" alt=\"Dry_Type_Transformer\" width=\"189\" height=\"189\" \/><\/strong><\/p>\n<p><img loading=\"lazy\" class=\"alignleft wp-image-5450 \" src=\"http:\/\/www.fibaelektrik.com\/wp-content\/uploads\/xlpe1.jpg\" alt=\"Dry_Type_Transformer\" width=\"189\" height=\"189\" \/><\/p>\n<\/div>\n<div class=\"clear\"><\/div>\n<\/div>\n<\/div>\n<\/div>\n<div class=\"footer_wrapper\"><\/div>\n<div class=\"footer_wrapper\"><\/div>\n<div class=\"footer_wrapper\"><\/div>\n<div class=\"footer_wrapper\"><\/div>\n<div class=\"footer_wrapper\"><\/div>\n<div class=\"footer_wrapper\"><\/div>\n<div class=\"footer_wrapper\"><\/div>\n<div class=\"footer_wrapper\"><\/div>\n<div class=\"footer_wrapper\"><\/div>\n<div class=\"footer_wrapper\"><\/div>\n<div class=\"footer_wrapper\"><\/div>\n<div class=\"footer_wrapper\"><\/div>\n<div class=\"footer_wrapper\"><\/div>\n<div class=\"footer_wrapper\">\u00a0Hes Elektrik Kablolar\u0131 Fiyat Listesi<\/div>\n<div class=\"footer_wrapper\"><a href=\"http:\/\/iyienerji.com.tr\/wp-content\/uploads\/2015\/12\/hes_fiyatListesi.pdf\" target=\"_blank\"><img loading=\"lazy\" class=\"alignnone size-full wp-image-3021\" src=\"http:\/\/iyienerji.com.tr\/wp-content\/uploads\/2015\/12\/fiyat_listesi_ornek.gif\" alt=\"fiyat_listesi_ornek\" width=\"374\" height=\"121\" \/><\/a><\/div>\n<div class=\"footer_wrapper\"><\/div>\n<div class=\"footer_wrapper\">\n<hr \/>\n<p>&nbsp;<\/p>\n<\/div>\n<div class=\"footer_wrapper\"><\/div>\n<div class=\"footer_wrapper\"><\/div>\n","protected":false},"excerpt":{"rendered":"<p>ORTA GER\u0130L\u0130M KABLOLARI Yerel kablo \u015febekelerinde ve bina elektrik tesisatlar\u0131nda kullan\u0131lmakta olan bak\u0131r iletkenli enerji kablolar\u0131, m\u00fc\u015fteri taleplerine g\u00f6re ve istenilen standartlarda \u00fcretilmektedir. Enerji kablolar\u0131 kullan\u0131m ama\u00e7lar\u0131na g\u00f6re a\u015fa\u011f\u0131da belirtildi\u011fi gibi \u00e7ok \u00e7e\u015fitli yap\u0131larda \u00fcretilebilmektedir. \u2013 Anma Gerilimi : Al\u00e7ak, Orta \u2013 Izole Tipi : PVC (Polivinilklor\u00fcr), \u00c7apraz Ba\u011fl\u0131 Polietilen (XLPE) \u2013 Kablo Yap\u0131s\u0131 : [&hellip;]<\/p>\n","protected":false},"author":1,"featured_media":0,"parent":0,"menu_order":0,"comment_status":"closed","ping_status":"closed","template":"","meta":[],"yoast_head":"<!-- This site is optimized with the Yoast SEO plugin v19.0 - https:\/\/yoast.com\/wordpress\/plugins\/seo\/ -->\n<title>Enerji Kablolar\u0131 | \u0130Y\u0130 Enerji<\/title>\n<meta name=\"robots\" content=\"index, follow, max-snippet:-1, max-image-preview:large, max-video-preview:-1\" \/>\n<link rel=\"canonical\" href=\"https:\/\/www.iyienerji.com.tr\/index.php\/enerji-kablolari\/\" \/>\n<meta property=\"og:locale\" content=\"tr_TR\" \/>\n<meta property=\"og:type\" content=\"article\" \/>\n<meta property=\"og:title\" content=\"Enerji Kablolar\u0131 | \u0130Y\u0130 Enerji\" \/>\n<meta property=\"og:description\" content=\"ORTA GER\u0130L\u0130M KABLOLARI Yerel kablo \u015febekelerinde ve bina elektrik tesisatlar\u0131nda kullan\u0131lmakta olan bak\u0131r iletkenli enerji kablolar\u0131, m\u00fc\u015fteri taleplerine g\u00f6re ve istenilen standartlarda \u00fcretilmektedir. Enerji kablolar\u0131 kullan\u0131m ama\u00e7lar\u0131na g\u00f6re a\u015fa\u011f\u0131da belirtildi\u011fi gibi \u00e7ok \u00e7e\u015fitli yap\u0131larda \u00fcretilebilmektedir. \u2013 Anma Gerilimi : Al\u00e7ak, Orta \u2013 Izole Tipi : PVC (Polivinilklor\u00fcr), \u00c7apraz Ba\u011fl\u0131 Polietilen (XLPE) \u2013 Kablo Yap\u0131s\u0131 : [&hellip;]\" \/>\n<meta property=\"og:url\" content=\"https:\/\/www.iyienerji.com.tr\/index.php\/enerji-kablolari\/\" \/>\n<meta property=\"og:site_name\" content=\"\u0130Y\u0130 Enerji\" \/>\n<meta property=\"article:modified_time\" content=\"2016-01-11T13:21:41+00:00\" \/>\n<meta property=\"og:image\" content=\"http:\/\/www.fibaelektrik.com\/wp-content\/uploads\/xlpe2.jpg\" \/>\n<meta name=\"twitter:card\" content=\"summary_large_image\" \/>\n<meta name=\"twitter:label1\" content=\"Tahmini okuma s\u00fcresi\" \/>\n\t<meta name=\"twitter:data1\" content=\"2 dakika\" \/>\n<script type=\"application\/ld+json\" class=\"yoast-schema-graph\">{\"@context\":\"https:\/\/schema.org\",\"@graph\":[{\"@type\":\"WebSite\",\"@id\":\"https:\/\/www.iyienerji.com.tr\/#website\",\"url\":\"https:\/\/www.iyienerji.com.tr\/\",\"name\":\"\u0130Y\u0130 Enerji\",\"description\":\"\u0130Y\u0130 Enerji\",\"potentialAction\":[{\"@type\":\"SearchAction\",\"target\":{\"@type\":\"EntryPoint\",\"urlTemplate\":\"https:\/\/www.iyienerji.com.tr\/?s={search_term_string}\"},\"query-input\":\"required name=search_term_string\"}],\"inLanguage\":\"tr\"},{\"@type\":\"ImageObject\",\"inLanguage\":\"tr\",\"@id\":\"https:\/\/www.iyienerji.com.tr\/index.php\/enerji-kablolari\/#primaryimage\",\"url\":\"http:\/\/www.fibaelektrik.com\/wp-content\/uploads\/xlpe2.jpg\",\"contentUrl\":\"http:\/\/www.fibaelektrik.com\/wp-content\/uploads\/xlpe2.jpg\"},{\"@type\":\"WebPage\",\"@id\":\"https:\/\/www.iyienerji.com.tr\/index.php\/enerji-kablolari\/#webpage\",\"url\":\"https:\/\/www.iyienerji.com.tr\/index.php\/enerji-kablolari\/\",\"name\":\"Enerji Kablolar\u0131 | \u0130Y\u0130 Enerji\",\"isPartOf\":{\"@id\":\"https:\/\/www.iyienerji.com.tr\/#website\"},\"primaryImageOfPage\":{\"@id\":\"https:\/\/www.iyienerji.com.tr\/index.php\/enerji-kablolari\/#primaryimage\"},\"datePublished\":\"2015-12-03T15:13:35+00:00\",\"dateModified\":\"2016-01-11T13:21:41+00:00\",\"breadcrumb\":{\"@id\":\"https:\/\/www.iyienerji.com.tr\/index.php\/enerji-kablolari\/#breadcrumb\"},\"inLanguage\":\"tr\",\"potentialAction\":[{\"@type\":\"ReadAction\",\"target\":[\"https:\/\/www.iyienerji.com.tr\/index.php\/enerji-kablolari\/\"]}]},{\"@type\":\"BreadcrumbList\",\"@id\":\"https:\/\/www.iyienerji.com.tr\/index.php\/enerji-kablolari\/#breadcrumb\",\"itemListElement\":[{\"@type\":\"ListItem\",\"position\":1,\"name\":\"Ana sayfa\",\"item\":\"https:\/\/www.iyienerji.com.tr\/\"},{\"@type\":\"ListItem\",\"position\":2,\"name\":\"Enerji Kablolar\u0131\"}]}]}<\/script>\n<!-- \/ Yoast SEO plugin. -->","yoast_head_json":{"title":"Enerji Kablolar\u0131 | \u0130Y\u0130 Enerji","robots":{"index":"index","follow":"follow","max-snippet":"max-snippet:-1","max-image-preview":"max-image-preview:large","max-video-preview":"max-video-preview:-1"},"canonical":"https:\/\/www.iyienerji.com.tr\/index.php\/enerji-kablolari\/","og_locale":"tr_TR","og_type":"article","og_title":"Enerji Kablolar\u0131 | \u0130Y\u0130 Enerji","og_description":"ORTA GER\u0130L\u0130M KABLOLARI Yerel kablo \u015febekelerinde ve bina elektrik tesisatlar\u0131nda kullan\u0131lmakta olan bak\u0131r iletkenli enerji kablolar\u0131, m\u00fc\u015fteri taleplerine g\u00f6re ve istenilen standartlarda \u00fcretilmektedir. Enerji kablolar\u0131 kullan\u0131m ama\u00e7lar\u0131na g\u00f6re a\u015fa\u011f\u0131da belirtildi\u011fi gibi \u00e7ok \u00e7e\u015fitli yap\u0131larda \u00fcretilebilmektedir. \u2013 Anma Gerilimi : Al\u00e7ak, Orta \u2013 Izole Tipi : PVC (Polivinilklor\u00fcr), \u00c7apraz Ba\u011fl\u0131 Polietilen (XLPE) \u2013 Kablo Yap\u0131s\u0131 : [&hellip;]","og_url":"https:\/\/www.iyienerji.com.tr\/index.php\/enerji-kablolari\/","og_site_name":"\u0130Y\u0130 Enerji","article_modified_time":"2016-01-11T13:21:41+00:00","og_image":[{"url":"http:\/\/www.fibaelektrik.com\/wp-content\/uploads\/xlpe2.jpg"}],"twitter_card":"summary_large_image","twitter_misc":{"Tahmini okuma s\u00fcresi":"2 dakika"},"schema":{"@context":"https:\/\/schema.org","@graph":[{"@type":"WebSite","@id":"https:\/\/www.iyienerji.com.tr\/#website","url":"https:\/\/www.iyienerji.com.tr\/","name":"\u0130Y\u0130 Enerji","description":"\u0130Y\u0130 Enerji","potentialAction":[{"@type":"SearchAction","target":{"@type":"EntryPoint","urlTemplate":"https:\/\/www.iyienerji.com.tr\/?s={search_term_string}"},"query-input":"required name=search_term_string"}],"inLanguage":"tr"},{"@type":"ImageObject","inLanguage":"tr","@id":"https:\/\/www.iyienerji.com.tr\/index.php\/enerji-kablolari\/#primaryimage","url":"http:\/\/www.fibaelektrik.com\/wp-content\/uploads\/xlpe2.jpg","contentUrl":"http:\/\/www.fibaelektrik.com\/wp-content\/uploads\/xlpe2.jpg"},{"@type":"WebPage","@id":"https:\/\/www.iyienerji.com.tr\/index.php\/enerji-kablolari\/#webpage","url":"https:\/\/www.iyienerji.com.tr\/index.php\/enerji-kablolari\/","name":"Enerji Kablolar\u0131 | \u0130Y\u0130 Enerji","isPartOf":{"@id":"https:\/\/www.iyienerji.com.tr\/#website"},"primaryImageOfPage":{"@id":"https:\/\/www.iyienerji.com.tr\/index.php\/enerji-kablolari\/#primaryimage"},"datePublished":"2015-12-03T15:13:35+00:00","dateModified":"2016-01-11T13:21:41+00:00","breadcrumb":{"@id":"https:\/\/www.iyienerji.com.tr\/index.php\/enerji-kablolari\/#breadcrumb"},"inLanguage":"tr","potentialAction":[{"@type":"ReadAction","target":["https:\/\/www.iyienerji.com.tr\/index.php\/enerji-kablolari\/"]}]},{"@type":"BreadcrumbList","@id":"https:\/\/www.iyienerji.com.tr\/index.php\/enerji-kablolari\/#breadcrumb","itemListElement":[{"@type":"ListItem","position":1,"name":"Ana sayfa","item":"https:\/\/www.iyienerji.com.tr\/"},{"@type":"ListItem","position":2,"name":"Enerji Kablolar\u0131"}]}]}},"_links":{"self":[{"href":"https:\/\/www.iyienerji.com.tr\/index.php\/wp-json\/wp\/v2\/pages\/3062"}],"collection":[{"href":"https:\/\/www.iyienerji.com.tr\/index.php\/wp-json\/wp\/v2\/pages"}],"about":[{"href":"https:\/\/www.iyienerji.com.tr\/index.php\/wp-json\/wp\/v2\/types\/page"}],"author":[{"embeddable":true,"href":"https:\/\/www.iyienerji.com.tr\/index.php\/wp-json\/wp\/v2\/users\/1"}],"replies":[{"embeddable":true,"href":"https:\/\/www.iyienerji.com.tr\/index.php\/wp-json\/wp\/v2\/comments?post=3062"}],"version-history":[{"count":7,"href":"https:\/\/www.iyienerji.com.tr\/index.php\/wp-json\/wp\/v2\/pages\/3062\/revisions"}],"predecessor-version":[{"id":3433,"href":"https:\/\/www.iyienerji.com.tr\/index.php\/wp-json\/wp\/v2\/pages\/3062\/revisions\/3433"}],"wp:attachment":[{"href":"https:\/\/www.iyienerji.com.tr\/index.php\/wp-json\/wp\/v2\/media?parent=3062"}],"curies":[{"name":"wp","href":"https:\/\/api.w.org\/{rel}","templated":true}]}}