{"id":3059,"date":"2015-12-03T17:11:09","date_gmt":"2015-12-03T15:11:09","guid":{"rendered":"http:\/\/iyienerji.com.tr\/?page_id=3059"},"modified":"2015-12-03T17:11:09","modified_gmt":"2015-12-03T15:11:09","slug":"dagitim-panolari","status":"publish","type":"page","link":"https:\/\/www.iyienerji.com.tr\/index.php\/dagitim-panolari\/","title":{"rendered":"Da\u011f\u0131t\u0131m Panolar\u0131"},"content":{"rendered":"<p><em><strong><a href=\"http:\/\/www.fibaelektrik.com\/wp-content\/uploads\/ar_elektrik_alcak-gerilim-ag-dagitim-panolari_yeni_1.jpg\"><img loading=\"lazy\" class=\"alignleft wp-image-5463 size-full\" src=\"http:\/\/www.fibaelektrik.com\/wp-content\/uploads\/ar_elektrik_alcak-gerilim-ag-dagitim-panolari_yeni_1.jpg\" alt=\"ar_elektrik_alcak-gerilim-ag-dagitim-panolari_yeni_1\" width=\"600\" height=\"400\" \/><\/a>AG da\u011f\u0131t\u0131m panolar\u0131 d\u0131\u015f ve i\u00e7 mekan \u015fartlar\u0131 g\u00f6z \u00f6n\u00fcnde bulundurularak 4000 kVA\u2019ya kadar uygun IP koruma s\u0131n\u0131flar\u0131nda TSE ve ISO standart belgeli ve tip testli olarak \u00fcretilmektedir.<\/strong><\/em><br \/>\n<em><strong>Da\u011f\u0131t\u0131m panolar\u0131, standartlar g\u00f6zetilerek tasarlanm\u0131\u015f olmalar\u0131, sa\u011flam g\u00f6vde yap\u0131s\u0131 ve y\u00fcksek k\u0131sa devre ak\u0131mlar\u0131n\u0131n ve kesici a\u00e7ma-kapama an\u0131ndaki dinamik kuvvetlere kar\u015f\u0131 dayan\u0131kl\u0131 olmalar\u0131 ba\u015fl\u0131ca dikkat etti\u011fimiz hususlard\u0131r.<\/strong><\/em><\/p>\n","protected":false},"excerpt":{"rendered":"<p>AG da\u011f\u0131t\u0131m panolar\u0131 d\u0131\u015f ve i\u00e7 mekan \u015fartlar\u0131 g\u00f6z \u00f6n\u00fcnde bulundurularak 4000 kVA\u2019ya kadar uygun IP koruma s\u0131n\u0131flar\u0131nda TSE ve ISO standart belgeli ve tip testli olarak \u00fcretilmektedir. Da\u011f\u0131t\u0131m panolar\u0131, standartlar g\u00f6zetilerek tasarlanm\u0131\u015f olmalar\u0131, sa\u011flam g\u00f6vde yap\u0131s\u0131 ve y\u00fcksek k\u0131sa devre ak\u0131mlar\u0131n\u0131n ve kesici a\u00e7ma-kapama an\u0131ndaki dinamik kuvvetlere kar\u015f\u0131 dayan\u0131kl\u0131 olmalar\u0131 ba\u015fl\u0131ca dikkat etti\u011fimiz hususlard\u0131r.<\/p>\n","protected":false},"author":1,"featured_media":0,"parent":0,"menu_order":0,"comment_status":"closed","ping_status":"closed","template":"","meta":[],"yoast_head":"<!-- This site is optimized with the Yoast SEO plugin v19.0 - https:\/\/yoast.com\/wordpress\/plugins\/seo\/ -->\n<title>Da\u011f\u0131t\u0131m Panolar\u0131 | \u0130Y\u0130 Enerji<\/title>\n<meta name=\"robots\" content=\"index, follow, max-snippet:-1, max-image-preview:large, max-video-preview:-1\" \/>\n<link rel=\"canonical\" href=\"https:\/\/www.iyienerji.com.tr\/index.php\/dagitim-panolari\/\" \/>\n<meta property=\"og:locale\" content=\"tr_TR\" \/>\n<meta property=\"og:type\" content=\"article\" \/>\n<meta property=\"og:title\" content=\"Da\u011f\u0131t\u0131m Panolar\u0131 | \u0130Y\u0130 Enerji\" \/>\n<meta property=\"og:description\" content=\"AG da\u011f\u0131t\u0131m panolar\u0131 d\u0131\u015f ve i\u00e7 mekan \u015fartlar\u0131 g\u00f6z \u00f6n\u00fcnde bulundurularak 4000 kVA\u2019ya kadar uygun IP koruma s\u0131n\u0131flar\u0131nda TSE ve ISO standart belgeli ve tip testli olarak \u00fcretilmektedir. Da\u011f\u0131t\u0131m panolar\u0131, standartlar g\u00f6zetilerek tasarlanm\u0131\u015f olmalar\u0131, sa\u011flam g\u00f6vde yap\u0131s\u0131 ve y\u00fcksek k\u0131sa devre ak\u0131mlar\u0131n\u0131n ve kesici a\u00e7ma-kapama an\u0131ndaki dinamik kuvvetlere kar\u015f\u0131 dayan\u0131kl\u0131 olmalar\u0131 ba\u015fl\u0131ca dikkat etti\u011fimiz hususlard\u0131r.\" \/>\n<meta property=\"og:url\" content=\"https:\/\/www.iyienerji.com.tr\/index.php\/dagitim-panolari\/\" \/>\n<meta property=\"og:site_name\" content=\"\u0130Y\u0130 Enerji\" \/>\n<meta property=\"og:image\" content=\"http:\/\/www.fibaelektrik.com\/wp-content\/uploads\/ar_elektrik_alcak-gerilim-ag-dagitim-panolari_yeni_1.jpg\" \/>\n<meta name=\"twitter:card\" content=\"summary_large_image\" \/>\n<script type=\"application\/ld+json\" class=\"yoast-schema-graph\">{\"@context\":\"https:\/\/schema.org\",\"@graph\":[{\"@type\":\"WebSite\",\"@id\":\"https:\/\/www.iyienerji.com.tr\/#website\",\"url\":\"https:\/\/www.iyienerji.com.tr\/\",\"name\":\"\u0130Y\u0130 Enerji\",\"description\":\"\u0130Y\u0130 Enerji\",\"potentialAction\":[{\"@type\":\"SearchAction\",\"target\":{\"@type\":\"EntryPoint\",\"urlTemplate\":\"https:\/\/www.iyienerji.com.tr\/?s={search_term_string}\"},\"query-input\":\"required name=search_term_string\"}],\"inLanguage\":\"tr\"},{\"@type\":\"ImageObject\",\"inLanguage\":\"tr\",\"@id\":\"https:\/\/www.iyienerji.com.tr\/index.php\/dagitim-panolari\/#primaryimage\",\"url\":\"http:\/\/www.fibaelektrik.com\/wp-content\/uploads\/ar_elektrik_alcak-gerilim-ag-dagitim-panolari_yeni_1.jpg\",\"contentUrl\":\"http:\/\/www.fibaelektrik.com\/wp-content\/uploads\/ar_elektrik_alcak-gerilim-ag-dagitim-panolari_yeni_1.jpg\"},{\"@type\":\"WebPage\",\"@id\":\"https:\/\/www.iyienerji.com.tr\/index.php\/dagitim-panolari\/#webpage\",\"url\":\"https:\/\/www.iyienerji.com.tr\/index.php\/dagitim-panolari\/\",\"name\":\"Da\u011f\u0131t\u0131m Panolar\u0131 | \u0130Y\u0130 Enerji\",\"isPartOf\":{\"@id\":\"https:\/\/www.iyienerji.com.tr\/#website\"},\"primaryImageOfPage\":{\"@id\":\"https:\/\/www.iyienerji.com.tr\/index.php\/dagitim-panolari\/#primaryimage\"},\"datePublished\":\"2015-12-03T15:11:09+00:00\",\"dateModified\":\"2015-12-03T15:11:09+00:00\",\"breadcrumb\":{\"@id\":\"https:\/\/www.iyienerji.com.tr\/index.php\/dagitim-panolari\/#breadcrumb\"},\"inLanguage\":\"tr\",\"potentialAction\":[{\"@type\":\"ReadAction\",\"target\":[\"https:\/\/www.iyienerji.com.tr\/index.php\/dagitim-panolari\/\"]}]},{\"@type\":\"BreadcrumbList\",\"@id\":\"https:\/\/www.iyienerji.com.tr\/index.php\/dagitim-panolari\/#breadcrumb\",\"itemListElement\":[{\"@type\":\"ListItem\",\"position\":1,\"name\":\"Ana sayfa\",\"item\":\"https:\/\/www.iyienerji.com.tr\/\"},{\"@type\":\"ListItem\",\"position\":2,\"name\":\"Da\u011f\u0131t\u0131m Panolar\u0131\"}]}]}<\/script>\n<!-- \/ Yoast SEO plugin. -->","yoast_head_json":{"title":"Da\u011f\u0131t\u0131m Panolar\u0131 | \u0130Y\u0130 Enerji","robots":{"index":"index","follow":"follow","max-snippet":"max-snippet:-1","max-image-preview":"max-image-preview:large","max-video-preview":"max-video-preview:-1"},"canonical":"https:\/\/www.iyienerji.com.tr\/index.php\/dagitim-panolari\/","og_locale":"tr_TR","og_type":"article","og_title":"Da\u011f\u0131t\u0131m Panolar\u0131 | \u0130Y\u0130 Enerji","og_description":"AG da\u011f\u0131t\u0131m panolar\u0131 d\u0131\u015f ve i\u00e7 mekan \u015fartlar\u0131 g\u00f6z \u00f6n\u00fcnde bulundurularak 4000 kVA\u2019ya kadar uygun IP koruma s\u0131n\u0131flar\u0131nda TSE ve ISO standart belgeli ve tip testli olarak \u00fcretilmektedir. Da\u011f\u0131t\u0131m panolar\u0131, standartlar g\u00f6zetilerek tasarlanm\u0131\u015f olmalar\u0131, sa\u011flam g\u00f6vde yap\u0131s\u0131 ve y\u00fcksek k\u0131sa devre ak\u0131mlar\u0131n\u0131n ve kesici a\u00e7ma-kapama an\u0131ndaki dinamik kuvvetlere kar\u015f\u0131 dayan\u0131kl\u0131 olmalar\u0131 ba\u015fl\u0131ca dikkat etti\u011fimiz hususlard\u0131r.","og_url":"https:\/\/www.iyienerji.com.tr\/index.php\/dagitim-panolari\/","og_site_name":"\u0130Y\u0130 Enerji","og_image":[{"url":"http:\/\/www.fibaelektrik.com\/wp-content\/uploads\/ar_elektrik_alcak-gerilim-ag-dagitim-panolari_yeni_1.jpg"}],"twitter_card":"summary_large_image","schema":{"@context":"https:\/\/schema.org","@graph":[{"@type":"WebSite","@id":"https:\/\/www.iyienerji.com.tr\/#website","url":"https:\/\/www.iyienerji.com.tr\/","name":"\u0130Y\u0130 Enerji","description":"\u0130Y\u0130 Enerji","potentialAction":[{"@type":"SearchAction","target":{"@type":"EntryPoint","urlTemplate":"https:\/\/www.iyienerji.com.tr\/?s={search_term_string}"},"query-input":"required name=search_term_string"}],"inLanguage":"tr"},{"@type":"ImageObject","inLanguage":"tr","@id":"https:\/\/www.iyienerji.com.tr\/index.php\/dagitim-panolari\/#primaryimage","url":"http:\/\/www.fibaelektrik.com\/wp-content\/uploads\/ar_elektrik_alcak-gerilim-ag-dagitim-panolari_yeni_1.jpg","contentUrl":"http:\/\/www.fibaelektrik.com\/wp-content\/uploads\/ar_elektrik_alcak-gerilim-ag-dagitim-panolari_yeni_1.jpg"},{"@type":"WebPage","@id":"https:\/\/www.iyienerji.com.tr\/index.php\/dagitim-panolari\/#webpage","url":"https:\/\/www.iyienerji.com.tr\/index.php\/dagitim-panolari\/","name":"Da\u011f\u0131t\u0131m Panolar\u0131 | \u0130Y\u0130 Enerji","isPartOf":{"@id":"https:\/\/www.iyienerji.com.tr\/#website"},"primaryImageOfPage":{"@id":"https:\/\/www.iyienerji.com.tr\/index.php\/dagitim-panolari\/#primaryimage"},"datePublished":"2015-12-03T15:11:09+00:00","dateModified":"2015-12-03T15:11:09+00:00","breadcrumb":{"@id":"https:\/\/www.iyienerji.com.tr\/index.php\/dagitim-panolari\/#breadcrumb"},"inLanguage":"tr","potentialAction":[{"@type":"ReadAction","target":["https:\/\/www.iyienerji.com.tr\/index.php\/dagitim-panolari\/"]}]},{"@type":"BreadcrumbList","@id":"https:\/\/www.iyienerji.com.tr\/index.php\/dagitim-panolari\/#breadcrumb","itemListElement":[{"@type":"ListItem","position":1,"name":"Ana sayfa","item":"https:\/\/www.iyienerji.com.tr\/"},{"@type":"ListItem","position":2,"name":"Da\u011f\u0131t\u0131m Panolar\u0131"}]}]}},"_links":{"self":[{"href":"https:\/\/www.iyienerji.com.tr\/index.php\/wp-json\/wp\/v2\/pages\/3059"}],"collection":[{"href":"https:\/\/www.iyienerji.com.tr\/index.php\/wp-json\/wp\/v2\/pages"}],"about":[{"href":"https:\/\/www.iyienerji.com.tr\/index.php\/wp-json\/wp\/v2\/types\/page"}],"author":[{"embeddable":true,"href":"https:\/\/www.iyienerji.com.tr\/index.php\/wp-json\/wp\/v2\/users\/1"}],"replies":[{"embeddable":true,"href":"https:\/\/www.iyienerji.com.tr\/index.php\/wp-json\/wp\/v2\/comments?post=3059"}],"version-history":[{"count":1,"href":"https:\/\/www.iyienerji.com.tr\/index.php\/wp-json\/wp\/v2\/pages\/3059\/revisions"}],"predecessor-version":[{"id":3060,"href":"https:\/\/www.iyienerji.com.tr\/index.php\/wp-json\/wp\/v2\/pages\/3059\/revisions\/3060"}],"wp:attachment":[{"href":"https:\/\/www.iyienerji.com.tr\/index.php\/wp-json\/wp\/v2\/media?parent=3059"}],"curies":[{"name":"wp","href":"https:\/\/api.w.org\/{rel}","templated":true}]}}