{"id":3046,"date":"2015-12-03T16:53:57","date_gmt":"2015-12-03T14:53:57","guid":{"rendered":"http:\/\/iyienerji.com.tr\/?page_id=3046"},"modified":"2015-12-03T16:53:57","modified_gmt":"2015-12-03T14:53:57","slug":"metal-clad-hucre","status":"publish","type":"page","link":"https:\/\/www.iyienerji.com.tr\/index.php\/metal-clad-hucre\/","title":{"rendered":"Metal Clad H\u00fccre"},"content":{"rendered":"<p><img loading=\"lazy\" class=\"wp-image-5194 alignleft\" src=\"http:\/\/www.fibaelektrik.com\/wp-content\/uploads\/4.jpg\" alt=\"4\" width=\"528\" height=\"350\" \/>Metal Clad H\u00fccreler 3 ana 1 yard\u0131mc\u0131 b\u00f6l\u00fcmden olu\u015fan ve topraklanm\u0131\u015f metal plakalarla birbirinden ayr\u0131lan, \u00e7ekmeceli tip anahtarlama eleman\u0131 bulunan orta gerilim \u015falt sistemidir.<\/p>\n<p><strong>UYGULAMA ALANLARI<\/strong><\/p>\n<p>Enerji \u00dcretim ve Da\u011f\u0131t\u0131m Tesisleri<\/p>\n<ul>\n<li>Trafo \u0130stasyonlar\u0131<\/li>\n<li>Madenler<\/li>\n<li>\u00c7imento ve Petrokimya Fabrikalar\u0131<\/li>\n<li>Demir \u00c7elik \u0130\u015fletmeleri<\/li>\n<li>Pompa \u0130stasyonlar\u0131<\/li>\n<li>Havalanlar\u0131, Limanlar, Demiryollar\u0131<\/li>\n<li>Al\u0131\u015fveri\u015f Merkezleri<\/li>\n<li>Hastaneler<\/li>\n<\/ul>\n<p>AVANTAJLAR<\/p>\n<ul>\n<li>Y\u00fcksek ak\u0131m ve k\u0131sa devreye dayanabilme (31,5kA \/3 saniye),<\/li>\n<li>Kompakt tasar\u0131m ile daha az yer ihtiyac\u0131 (36kV i\u00e7in 1200mm h\u00fccre geni\u015fli\u011fi)<\/li>\n<li>T\u00fcm b\u00f6lmeler topraklanm\u0131\u015f metalle birbirinden ayr\u0131lm\u0131\u015f olup tam izole sistemdir.<\/li>\n<li>\u00c7e\u015fitli tip ve \u00f6zellikte kesici ve koruma kumanda panosu ile kullanabilme \u00f6zelli\u011fi.<\/li>\n<li>\u00c7ekmeceli tip anahtarlama elemanlar\u0131n\u0131n panolar aras\u0131 kolay de\u011fi\u015fim imkan\u0131 vard\u0131r.<\/li>\n<\/ul>\n<p>MEKAN\u0130K K\u0130L\u0130TLEMELER<\/p>\n<ul>\n<li>Kesici kap\u0131s\u0131 ancak kesici test pozisyonunda iken a\u00e7\u0131labilmektedir<\/li>\n<li>Kesici arabas\u0131 panoya sabitlenmeden servis pozisyonuna al\u0131namaz<\/li>\n<li>Kesici kap\u0131s\u0131, al\u00e7ak gerilim kumanda kablosu yerine tak\u0131lmadan kapat\u0131lamaz.<\/li>\n<li>Kesici kap\u0131s\u0131 kapat\u0131lmadan kesici servis pozisyonuna al\u0131namaz.<\/li>\n<li>Kesici arabas\u0131, toprak b\u0131\u00e7a\u011f\u0131 a\u00e7\u0131lmadan i\u00e7eri al\u0131namaz.<\/li>\n<li>Kesici serviste ise, toprak b\u0131\u00e7a\u011f\u0131 kapat\u0131lamaz.<\/li>\n<\/ul>\n<p>ELEKTR\u0130KSEL K\u0130L\u0130TLEMELER<\/p>\n<ul>\n<li>Kesici sadece test ve servis pozisyonlar\u0131nda kumanda edilebilir.<\/li>\n<li>Giri\u015f h\u00fccresi arka kap\u0131s\u0131, bir \u00f6nceki istasyondan enerji kesilmeden a\u00e7\u0131lamaz.<\/li>\n<li>\u00c7\u0131k\u0131\u015f h\u00fccresi arka kap\u0131s\u0131, kesici arabas\u0131 test pozisyonuna al\u0131nmadan a\u00e7\u0131lamaz.<\/li>\n<li>Kesici serviste ise, toprak b\u0131\u00e7a\u011f\u0131 kapat\u0131lamaz.<\/li>\n<li>Giri\u015f h\u00fccresi toprak b\u0131\u00e7a\u011f\u0131 bir \u00f6nceki istasyondan enerji kesilmeden kapat\u0131lamaz.<\/li>\n<\/ul>\n<p><strong><em>G\u00dcVENL\u0130K<\/em><\/strong><\/p>\n<ul>\n<li>Bas\u0131n\u00e7 tahliye kapaklar\u0131 arkada A-FL, \u00fcstte A-FLR olup IAC s\u0131n\u0131f\u0131d\u0131r.<\/li>\n<li>T\u00fcm manevralar pano kap\u0131s\u0131 kapal\u0131 iken yap\u0131labilir.<\/li>\n<li>Mekaniksel ve elektriksel kilitlemeler ile yanl\u0131\u015f manevra yapma olas\u0131l\u0131\u011f\u0131 kald\u0131r\u0131lm\u0131\u015ft\u0131r.<\/li>\n<li>Tam izole bir sistem olup b\u00f6lmelendirme s\u0131n\u0131f\u0131 PM dir.<\/li>\n<li>K\u0131sa devre \u00fczerine 5 kapama yapabilen E2 s\u0131n\u0131f\u0131 toprak b\u0131\u00e7a\u011f\u0131 ile donat\u0131lm\u0131\u015ft\u0131r.<\/li>\n<\/ul>\n<p><strong><em>BARA B\u00d6L\u00dcM\u00dc<\/em><\/strong><\/p>\n<p><em>Panolar aras\u0131 enerji iletimini sa\u011flayan, y\u00fcksek ak\u0131m\u00a0ve k\u0131sa devreye dayanabilen iletkenler ve bu iletkenleri panoya sabitleyen epoksi mesnet\u00a0izolat\u00f6rleri ve kovan izolat\u00f6r\u00fcn\u00fcn bulundu\u011fu\u00a0metal b\u00f6l\u00fcmd\u00fcr. Bara b\u00f6l\u00fcm\u00fcne eri\u015fim \u00fcstten\u00a0oldu\u011fu gibi istenildi\u011finde, kesici b\u00f6l\u00fcm\u00fcnden kovan ve metal perdeler s\u00f6k\u00fclmeksizin, \u00f6n sac\u0131n\u00a0\u00e7\u0131kar\u0131lmas\u0131yla da yap\u0131labilmektedir. Panolar aras\u0131\u00a0bara ge\u00e7i\u015finde, bara birle\u015ftirme aparatlar\u0131\u00a0kullan\u0131larak panonun her iki y\u00f6nde geni\u015flemesi\u00a0kolayl\u0131kla yerinde yap\u0131lmaktad\u0131r<\/em><\/p>\n<p><em><strong>KES\u0130C\u0130 B\u00d6L\u00dcM\u00dc<\/strong><\/em><\/p>\n<p>Orta gerilim anahtarlama elemanlar\u0131 (SF 6 veya\u00a0Vakumlu Kesiciler, Vakum Kontakt\u00f6rler) ve bunlar\u0131n\u00a0ta\u015f\u0131y\u0131c\u0131s\u0131 olan \u00e7ekmeceli tip araba, bara ve kesici\u00a0b\u00f6l\u00fcmlerini birbirinden ay\u0131ran metal perdelerin\u00a0LSC2B\/ PM (Partical Metal) bulundu\u011fu b\u00f6l\u00fcmd\u00fcr.\u00a0\u0130stek do\u011frultusunda, araba \u00fczerine gerilim trafolar\u0131\u00a0ve OG sigortalar\u0131 yerle\u015ftirilebilmektedir. Ayn\u0131 ak\u0131m\u00a0de\u011ferinde bulunan h\u00fccreler de kullan\u0131lan kesiciler\u00a0enerji s\u00fcreklili\u011fi a\u00e7\u0131s\u0131ndan h\u0131zl\u0131 ve basit bir \u015fekilde\u00a0de\u011fi\u015ftirilebilmektedir.\u00a0Kesici arabas\u0131n\u0131n servis pozisyonunda hareketini\u00a0zorlamayacak \u015fekilde kovanlar\u0131n \u00f6n\u00fcn\u00fc a\u00e7an, test\u00a0pozisyonuna al\u0131n\u0131r iken g\u00fcvenli kapanan perde\u00a0hareket sistemi tasarlanm\u0131\u015ft\u0131r. Kesici arabas\u0131, yayl\u0131\u00a0toprak baras\u0131 ile her zaman panonun ana topra\u011f\u0131na\u00a0temas halindedir. Hareketini toprak b\u0131\u00e7a\u011f\u0131ndan alan\u00a0kilit sayesinde servis pozisyonunda toprak b\u0131\u00e7a\u011f\u0131\u00a0kapat\u0131lamaz. Kesiciye ait durum bilgileri soket fi\u015f sistemi\u00a0ile al\u00e7ak gerilim panosuna ta\u015f\u0131nmaktad\u0131r.\u00a0Kesiciler pano i\u00e7erisinde IEC62271-100 ve IEC62271-200\u00a0standard\u0131na uygun olarak test edilmi\u015ftir.<\/p>\n<p><strong><em>AL\u00c7AK GER\u0130L\u0130M KONTROL ve KUMANDA B\u00d6L\u00dcM\u00dc<\/em><\/strong><\/p>\n<p>\u0130stek do\u011frultusunda her t\u00fcrl\u00fc koruma r\u00f6leleri,\u00a0kumanda elemanlar\u0131 ve \u00f6l\u00e7\u00fc aletleri ile donat\u0131lan\u00a0b\u00f6l\u00fcmd\u00fcr. Pano i\u00e7erisinde meydana gelecek bir\u00a0i\u00e7 ar\u0131zada personel ve malzemelerin zarar\u00a0g\u00f6rmemesi i\u00e7in topraklanm\u0131\u015f metal kutu\u00a0i\u00e7erisindedir.\u00a0Kumanda ve izleme malzemeleri kolay kontrol\u00a0edilebilir y\u00fckseklikte tasarlanm\u0131\u015ft\u0131r. Panolar aras\u0131\u00a0ge\u00e7i\u015f kablolar\u0131n (yard\u0131mc\u0131 beslemeler ve\u00a0kilitlemeler) ba\u011flant\u0131lar\u0131 kolayl\u0131kla yap\u0131lmaktad\u0131r.\u00a0Pano mimikleri kesici kap\u0131s\u0131 ya da al\u00e7ak gerilim\u00a0kapa\u011f\u0131nda bulunmakta olup devre ak\u0131\u015f\u0131 kolay\u00a0anla\u015f\u0131l\u0131r.<\/p>\n<p><em><strong>KABLO B\u00d6L\u00dcM\u00dc<\/strong><\/em><\/p>\n<p>Farkl\u0131 tipte ak\u0131m, gerilim trafolar\u0131, kesici b\u00f6l\u00fcm\u00fc ile\u00a0ge\u00e7i\u015fi sa\u011flayan epoksi kovan izolat\u00f6rleri, toprak\u00a0b\u0131\u00e7a\u011f\u0131, parafudr, kapasitif izolat\u00f6r gibi \u015falt\u00a0malzemelerinin bulundu\u011fu b\u00f6l\u00fcmd\u00fcr.\u00a0\u00d6l\u00e7\u00fc trafolar\u0131n\u0131n de\u011fi\u015fikli\u011fi durumunda, montaj\u0131\u00a0s\u00fcr\u00fclebilir k\u0131zakl\u0131 yap\u0131s\u0131 ile h\u0131zl\u0131 ve kolayd\u0131r. Kablolar\u00a0pano taban\u0131nda rekorlar ile sabitlenmi\u015ftir.\u00a0Gerekli mekaniksel ve elektriksel kilitlemeler\u00a0yap\u0131ld\u0131\u011f\u0131\/\u00e7\u00f6z\u00fcld\u00fc\u011f\u00fc takdirde, kablo b\u00f6l\u00fcm\u00fcne\u00a0eri\u015fim, binan\u0131n boyutlar\u0131 ve kullan\u0131c\u0131 kolayl\u0131\u011f\u0131 g\u00f6z\u00a0\u00f6n\u00fcne al\u0131narak, \u00f6nden ve arkadan ula\u015f\u0131labilir\u00a0\u015fekilde tasarlanm\u0131\u015ft\u0131r.\u00a0Bu g\u00fcvenlik, IEC62271-200 standard\u0131nda belirtilen\u00a0IAC:A FLR ve IAC:A FL tipi ile onaylanm\u0131\u015ft\u0131r.<\/p>\n","protected":false},"excerpt":{"rendered":"<p>Metal Clad H\u00fccreler 3 ana 1 yard\u0131mc\u0131 b\u00f6l\u00fcmden olu\u015fan ve topraklanm\u0131\u015f metal plakalarla birbirinden ayr\u0131lan, \u00e7ekmeceli tip anahtarlama eleman\u0131 bulunan orta gerilim \u015falt sistemidir. UYGULAMA ALANLARI Enerji \u00dcretim ve Da\u011f\u0131t\u0131m Tesisleri Trafo \u0130stasyonlar\u0131 Madenler \u00c7imento ve Petrokimya Fabrikalar\u0131 Demir \u00c7elik \u0130\u015fletmeleri Pompa \u0130stasyonlar\u0131 Havalanlar\u0131, Limanlar, Demiryollar\u0131 Al\u0131\u015fveri\u015f Merkezleri Hastaneler AVANTAJLAR Y\u00fcksek ak\u0131m ve k\u0131sa devreye [&hellip;]<\/p>\n","protected":false},"author":1,"featured_media":0,"parent":0,"menu_order":0,"comment_status":"closed","ping_status":"closed","template":"","meta":[],"yoast_head":"<!-- This site is optimized with the Yoast SEO plugin v19.0 - https:\/\/yoast.com\/wordpress\/plugins\/seo\/ -->\n<title>Metal Clad H\u00fccre | \u0130Y\u0130 Enerji<\/title>\n<meta name=\"robots\" content=\"index, follow, max-snippet:-1, max-image-preview:large, max-video-preview:-1\" \/>\n<link rel=\"canonical\" href=\"https:\/\/www.iyienerji.com.tr\/index.php\/metal-clad-hucre\/\" \/>\n<meta property=\"og:locale\" content=\"tr_TR\" \/>\n<meta property=\"og:type\" content=\"article\" \/>\n<meta property=\"og:title\" content=\"Metal Clad H\u00fccre | \u0130Y\u0130 Enerji\" \/>\n<meta property=\"og:description\" content=\"Metal Clad H\u00fccreler 3 ana 1 yard\u0131mc\u0131 b\u00f6l\u00fcmden olu\u015fan ve topraklanm\u0131\u015f metal plakalarla birbirinden ayr\u0131lan, \u00e7ekmeceli tip anahtarlama eleman\u0131 bulunan orta gerilim \u015falt sistemidir. UYGULAMA ALANLARI Enerji \u00dcretim ve Da\u011f\u0131t\u0131m Tesisleri Trafo \u0130stasyonlar\u0131 Madenler \u00c7imento ve Petrokimya Fabrikalar\u0131 Demir \u00c7elik \u0130\u015fletmeleri Pompa \u0130stasyonlar\u0131 Havalanlar\u0131, Limanlar, Demiryollar\u0131 Al\u0131\u015fveri\u015f Merkezleri Hastaneler AVANTAJLAR Y\u00fcksek ak\u0131m ve k\u0131sa devreye [&hellip;]\" \/>\n<meta property=\"og:url\" content=\"https:\/\/www.iyienerji.com.tr\/index.php\/metal-clad-hucre\/\" \/>\n<meta property=\"og:site_name\" content=\"\u0130Y\u0130 Enerji\" \/>\n<meta property=\"og:image\" content=\"http:\/\/www.fibaelektrik.com\/wp-content\/uploads\/4.jpg\" \/>\n<meta name=\"twitter:card\" content=\"summary_large_image\" \/>\n<meta name=\"twitter:label1\" content=\"Tahmini okuma s\u00fcresi\" \/>\n\t<meta name=\"twitter:data1\" content=\"4 dakika\" \/>\n<script type=\"application\/ld+json\" class=\"yoast-schema-graph\">{\"@context\":\"https:\/\/schema.org\",\"@graph\":[{\"@type\":\"WebSite\",\"@id\":\"https:\/\/www.iyienerji.com.tr\/#website\",\"url\":\"https:\/\/www.iyienerji.com.tr\/\",\"name\":\"\u0130Y\u0130 Enerji\",\"description\":\"\u0130Y\u0130 Enerji\",\"potentialAction\":[{\"@type\":\"SearchAction\",\"target\":{\"@type\":\"EntryPoint\",\"urlTemplate\":\"https:\/\/www.iyienerji.com.tr\/?s={search_term_string}\"},\"query-input\":\"required name=search_term_string\"}],\"inLanguage\":\"tr\"},{\"@type\":\"ImageObject\",\"inLanguage\":\"tr\",\"@id\":\"https:\/\/www.iyienerji.com.tr\/index.php\/metal-clad-hucre\/#primaryimage\",\"url\":\"http:\/\/www.fibaelektrik.com\/wp-content\/uploads\/4.jpg\",\"contentUrl\":\"http:\/\/www.fibaelektrik.com\/wp-content\/uploads\/4.jpg\"},{\"@type\":\"WebPage\",\"@id\":\"https:\/\/www.iyienerji.com.tr\/index.php\/metal-clad-hucre\/#webpage\",\"url\":\"https:\/\/www.iyienerji.com.tr\/index.php\/metal-clad-hucre\/\",\"name\":\"Metal Clad H\u00fccre | \u0130Y\u0130 Enerji\",\"isPartOf\":{\"@id\":\"https:\/\/www.iyienerji.com.tr\/#website\"},\"primaryImageOfPage\":{\"@id\":\"https:\/\/www.iyienerji.com.tr\/index.php\/metal-clad-hucre\/#primaryimage\"},\"datePublished\":\"2015-12-03T14:53:57+00:00\",\"dateModified\":\"2015-12-03T14:53:57+00:00\",\"breadcrumb\":{\"@id\":\"https:\/\/www.iyienerji.com.tr\/index.php\/metal-clad-hucre\/#breadcrumb\"},\"inLanguage\":\"tr\",\"potentialAction\":[{\"@type\":\"ReadAction\",\"target\":[\"https:\/\/www.iyienerji.com.tr\/index.php\/metal-clad-hucre\/\"]}]},{\"@type\":\"BreadcrumbList\",\"@id\":\"https:\/\/www.iyienerji.com.tr\/index.php\/metal-clad-hucre\/#breadcrumb\",\"itemListElement\":[{\"@type\":\"ListItem\",\"position\":1,\"name\":\"Ana sayfa\",\"item\":\"https:\/\/www.iyienerji.com.tr\/\"},{\"@type\":\"ListItem\",\"position\":2,\"name\":\"Metal Clad H\u00fccre\"}]}]}<\/script>\n<!-- \/ Yoast SEO plugin. -->","yoast_head_json":{"title":"Metal Clad H\u00fccre | \u0130Y\u0130 Enerji","robots":{"index":"index","follow":"follow","max-snippet":"max-snippet:-1","max-image-preview":"max-image-preview:large","max-video-preview":"max-video-preview:-1"},"canonical":"https:\/\/www.iyienerji.com.tr\/index.php\/metal-clad-hucre\/","og_locale":"tr_TR","og_type":"article","og_title":"Metal Clad H\u00fccre | \u0130Y\u0130 Enerji","og_description":"Metal Clad H\u00fccreler 3 ana 1 yard\u0131mc\u0131 b\u00f6l\u00fcmden olu\u015fan ve topraklanm\u0131\u015f metal plakalarla birbirinden ayr\u0131lan, \u00e7ekmeceli tip anahtarlama eleman\u0131 bulunan orta gerilim \u015falt sistemidir. UYGULAMA ALANLARI Enerji \u00dcretim ve Da\u011f\u0131t\u0131m Tesisleri Trafo \u0130stasyonlar\u0131 Madenler \u00c7imento ve Petrokimya Fabrikalar\u0131 Demir \u00c7elik \u0130\u015fletmeleri Pompa \u0130stasyonlar\u0131 Havalanlar\u0131, Limanlar, Demiryollar\u0131 Al\u0131\u015fveri\u015f Merkezleri Hastaneler AVANTAJLAR Y\u00fcksek ak\u0131m ve k\u0131sa devreye [&hellip;]","og_url":"https:\/\/www.iyienerji.com.tr\/index.php\/metal-clad-hucre\/","og_site_name":"\u0130Y\u0130 Enerji","og_image":[{"url":"http:\/\/www.fibaelektrik.com\/wp-content\/uploads\/4.jpg"}],"twitter_card":"summary_large_image","twitter_misc":{"Tahmini okuma s\u00fcresi":"4 dakika"},"schema":{"@context":"https:\/\/schema.org","@graph":[{"@type":"WebSite","@id":"https:\/\/www.iyienerji.com.tr\/#website","url":"https:\/\/www.iyienerji.com.tr\/","name":"\u0130Y\u0130 Enerji","description":"\u0130Y\u0130 Enerji","potentialAction":[{"@type":"SearchAction","target":{"@type":"EntryPoint","urlTemplate":"https:\/\/www.iyienerji.com.tr\/?s={search_term_string}"},"query-input":"required name=search_term_string"}],"inLanguage":"tr"},{"@type":"ImageObject","inLanguage":"tr","@id":"https:\/\/www.iyienerji.com.tr\/index.php\/metal-clad-hucre\/#primaryimage","url":"http:\/\/www.fibaelektrik.com\/wp-content\/uploads\/4.jpg","contentUrl":"http:\/\/www.fibaelektrik.com\/wp-content\/uploads\/4.jpg"},{"@type":"WebPage","@id":"https:\/\/www.iyienerji.com.tr\/index.php\/metal-clad-hucre\/#webpage","url":"https:\/\/www.iyienerji.com.tr\/index.php\/metal-clad-hucre\/","name":"Metal Clad H\u00fccre | \u0130Y\u0130 Enerji","isPartOf":{"@id":"https:\/\/www.iyienerji.com.tr\/#website"},"primaryImageOfPage":{"@id":"https:\/\/www.iyienerji.com.tr\/index.php\/metal-clad-hucre\/#primaryimage"},"datePublished":"2015-12-03T14:53:57+00:00","dateModified":"2015-12-03T14:53:57+00:00","breadcrumb":{"@id":"https:\/\/www.iyienerji.com.tr\/index.php\/metal-clad-hucre\/#breadcrumb"},"inLanguage":"tr","potentialAction":[{"@type":"ReadAction","target":["https:\/\/www.iyienerji.com.tr\/index.php\/metal-clad-hucre\/"]}]},{"@type":"BreadcrumbList","@id":"https:\/\/www.iyienerji.com.tr\/index.php\/metal-clad-hucre\/#breadcrumb","itemListElement":[{"@type":"ListItem","position":1,"name":"Ana sayfa","item":"https:\/\/www.iyienerji.com.tr\/"},{"@type":"ListItem","position":2,"name":"Metal Clad H\u00fccre"}]}]}},"_links":{"self":[{"href":"https:\/\/www.iyienerji.com.tr\/index.php\/wp-json\/wp\/v2\/pages\/3046"}],"collection":[{"href":"https:\/\/www.iyienerji.com.tr\/index.php\/wp-json\/wp\/v2\/pages"}],"about":[{"href":"https:\/\/www.iyienerji.com.tr\/index.php\/wp-json\/wp\/v2\/types\/page"}],"author":[{"embeddable":true,"href":"https:\/\/www.iyienerji.com.tr\/index.php\/wp-json\/wp\/v2\/users\/1"}],"replies":[{"embeddable":true,"href":"https:\/\/www.iyienerji.com.tr\/index.php\/wp-json\/wp\/v2\/comments?post=3046"}],"version-history":[{"count":1,"href":"https:\/\/www.iyienerji.com.tr\/index.php\/wp-json\/wp\/v2\/pages\/3046\/revisions"}],"predecessor-version":[{"id":3047,"href":"https:\/\/www.iyienerji.com.tr\/index.php\/wp-json\/wp\/v2\/pages\/3046\/revisions\/3047"}],"wp:attachment":[{"href":"https:\/\/www.iyienerji.com.tr\/index.php\/wp-json\/wp\/v2\/media?parent=3046"}],"curies":[{"name":"wp","href":"https:\/\/api.w.org\/{rel}","templated":true}]}}