{"id":3043,"date":"2015-12-03T16:51:47","date_gmt":"2015-12-03T14:51:47","guid":{"rendered":"http:\/\/iyienerji.com.tr\/?page_id=3043"},"modified":"2015-12-03T16:51:47","modified_gmt":"2015-12-03T14:51:47","slug":"ring-main-unit-rmu","status":"publish","type":"page","link":"https:\/\/www.iyienerji.com.tr\/index.php\/ring-main-unit-rmu\/","title":{"rendered":"Ring Main Unit (Rmu)"},"content":{"rendered":"<p><strong><img loading=\"lazy\" class=\"alignleft size-full wp-image-5231\" src=\"http:\/\/www.fibaelektrik.com\/wp-content\/uploads\/ring-main.jpg\" alt=\"ring-main\" width=\"250\" height=\"250\" \/><\/strong><\/p>\n<p><strong>LBSG Serisi Komple SF6 Gaz Yal\u0131t\u0131ml\u0131 orta gerilim Mod\u00fcler H\u00fccreler(RMU), art\u0131r\u0131lm\u0131\u015f fonksiyonel \u00f6zellikleri ve minimize edilmi\u015f\u00a0<\/strong><strong>boyutlar\u0131yla g\u00fcn\u00fcm\u00fcz\u00fcn geli\u015fmi\u015f O.G sekonder da\u011f\u0131t\u0131m sistemlerinde kullan\u0131lmakta olan mod\u00fcler yap\u0131ya sahip \u015falt\u00a0<\/strong><strong>cihazlar\u0131d\u0131r.<\/strong><\/p>\n<p><strong>Puffer sistemi (SF6 gaz\u0131n\u0131n do\u011frudan ark\u0131n \u00fczerine y\u00f6nlendirilmesi) ile \u00e7al\u0131\u015fan RMU\u2019lar SCADA sistemlerine uyumlu olarak\u00a0<\/strong><strong>uluslararas\u0131 seri \u00fcretim metodlar\u0131 kullan\u0131larak \u00fcretilmektedir. RMU\u2019lar, mekanizman\u0131n \u00f6nceden kurulmas\u0131 kayd\u0131yla motor\u00a0<\/strong><strong>olmasa dahi uzaktan a\u00e7ma kapama \u00f6zelli\u011fi ile kullan\u0131c\u0131ya benzersiz bir \u00e7\u00f6z\u00fcm sunmaktad\u0131r. OG sekonder da\u011f\u0131t\u0131m\u00a0<\/strong><strong>sistemlerinde genellikle sac veya beton k\u00f6\u015fk i\u00e7erisinde kullan\u0131lmakta olan RMU\u2019lar kompakt boyutlar\u0131 ve art\u0131r\u0131lm\u0131\u015f g\u00fcvenlik\u00a0<\/strong><strong>\u00f6zellikleri sayesinde kullan\u0131c\u0131ya ak\u0131lc\u0131 \u00e7\u00f6z\u00fcmler sunmaktad\u0131r.<\/strong><\/p>\n<p><strong>AVANTAJLARI<\/strong><\/p>\n<p><strong>\u0130leri Teknoloji Dizayn ve \u00dcretim<\/strong><\/p>\n<ul>\n<li><strong>Y\u00fcksek ay\u0131rma kapasitesine sahip, dikey eksende hareket eden ve puffer sistemini optimum \u015fekilde kullanan kontakt yap\u0131s\u0131<\/strong><\/li>\n<li><strong>Robot laser teknolojisi kullan\u0131larak \u00fcretilen 3mm kal\u0131nl\u0131\u011f\u0131nda pazlanmaz \u00e7elik g\u00f6vde ile sa\u011flam, d\u00fczg\u00fcn g\u00f6r\u00fcn\u00fcml\u00fc ve\u00a0<\/strong><strong>s\u0131zd\u0131rmazl\u0131k garantili yap\u0131<\/strong><\/li>\n<\/ul>\n<p><strong>Art\u0131r\u0131lm\u0131\u015f G\u00fcvelik \u00d6zellikleri<\/strong><\/p>\n<ul>\n<li><strong>Ba\u011f\u0131ms\u0131z bir milde hareket eden Toprak b\u0131\u00e7a\u011f\u0131 ve kullan\u0131c\u0131 hatas\u0131n\u0131 s\u0131f\u0131ra indiren mekanik kilitlemeler<\/strong><\/li>\n<li><strong>Sa\u011flam yap\u0131 ile en zor \u015fartlarda dahi kullan\u0131c\u0131ya zarar gelmemesi, (ilk denemede ba\u015far\u0131 ile tamamlanan i\u00e7 ark testi ile\u00a0<\/strong><strong>kan\u0131tlanm\u0131\u015ft\u0131r)<\/strong><\/li>\n<\/ul>\n<p><strong>Esnek Dizayn<\/strong><\/p>\n<ul>\n<li><strong>Kullan\u0131c\u0131 taleplerine en do\u011fru \u015fekilde yan\u0131t vermek ad\u0131na, kompakt ve geni\u015fleyebilir tiplerde \u00fcretim.<\/strong><\/li>\n<\/ul>\n<p><strong>YAPISAL \u00d6ZELL\u0130KLER\u0130<\/strong><\/p>\n<ul>\n<li><strong>paslanmaz \u00e7elik g\u00f6vde<\/strong><\/li>\n<li><strong>baralar ve baglant\u0131 elemanlar\u0131<\/strong><\/li>\n<li><strong>mekanizma<\/strong><\/li>\n<li><strong>kumanda panosu ve mimik panel<\/strong><\/li>\n<\/ul>\n<p><strong>G\u00dcVENL\u0130K ve \u0130\u015eLETME<\/strong><\/p>\n<p><strong>Kolay anla\u015f\u0131l\u0131r bir \u00f6n panel dizayn edilerek i\u015fletmeciye basit bir kullan\u0131m olana\u011f\u0131 sa\u011flanmaktad\u0131r.<\/strong><\/p>\n<p><strong>Mekanik ve elektriksel kilitlemeler, uyar\u0131c\u0131 yaz\u0131c\u0131lar ile desteklenerek h\u00fccrelerde yanl\u0131\u015f manevra yapma ve enerjili b\u00f6l\u00fcmlere eri\u015fim olas\u0131l\u0131\u011f\u0131 tamamen ortadan kald\u0131r\u0131lm\u0131\u015ft\u0131r.<\/strong><\/p>\n<p><strong>Kablo Ba\u011flama B\u00f6l\u00fcm\u00fcne topraklama ay\u0131r\u0131c\u0131s\u0131 kapat\u0131lmadan ula\u015f\u0131lmas\u0131 imkans\u0131zla\u015ft\u0131r\u0131lm\u0131\u015ft\u0131r.<\/strong><\/p>\n<p><strong>Ayr\u0131ca olas\u0131 bir i\u00e7 ark esnas\u0131nda i\u015fletme personeline gelebilecek dinamik ve termik t\u00fcm etkiler tamamen ortadan kald\u0131r\u0131lm\u0131\u015f ve bu durum uluslararas\u0131 akredite laboratuarlarda yap\u0131lan testlerle belgelenmi\u015ftir. sigortal\u0131 Trafo Koruma H\u00fccrelerinde bulunan ve son derece kolay de\u011fi\u015fim imkan\u0131na sahip sigorta yuvalar\u0131 sayesinde sigorta de\u011fi\u015fimi saniyeler\u00a0 i\u00e7erisinde yap\u0131labilmektedir.<\/strong><\/p>\n<p>&nbsp;<\/p>\n","protected":false},"excerpt":{"rendered":"<p>LBSG Serisi Komple SF6 Gaz Yal\u0131t\u0131ml\u0131 orta gerilim Mod\u00fcler H\u00fccreler(RMU), art\u0131r\u0131lm\u0131\u015f fonksiyonel \u00f6zellikleri ve minimize edilmi\u015f\u00a0boyutlar\u0131yla g\u00fcn\u00fcm\u00fcz\u00fcn geli\u015fmi\u015f O.G sekonder da\u011f\u0131t\u0131m sistemlerinde kullan\u0131lmakta olan mod\u00fcler yap\u0131ya sahip \u015falt\u00a0cihazlar\u0131d\u0131r. Puffer sistemi (SF6 gaz\u0131n\u0131n do\u011frudan ark\u0131n \u00fczerine y\u00f6nlendirilmesi) ile \u00e7al\u0131\u015fan RMU\u2019lar SCADA sistemlerine uyumlu olarak\u00a0uluslararas\u0131 seri \u00fcretim metodlar\u0131 kullan\u0131larak \u00fcretilmektedir. RMU\u2019lar, mekanizman\u0131n \u00f6nceden kurulmas\u0131 kayd\u0131yla motor\u00a0olmasa dahi [&hellip;]<\/p>\n","protected":false},"author":1,"featured_media":0,"parent":0,"menu_order":0,"comment_status":"closed","ping_status":"closed","template":"","meta":[],"yoast_head":"<!-- This site is optimized with the Yoast SEO plugin v19.0 - https:\/\/yoast.com\/wordpress\/plugins\/seo\/ -->\n<title>Ring Main Unit (Rmu) | \u0130Y\u0130 Enerji<\/title>\n<meta name=\"robots\" content=\"index, follow, max-snippet:-1, max-image-preview:large, max-video-preview:-1\" \/>\n<link rel=\"canonical\" href=\"https:\/\/www.iyienerji.com.tr\/index.php\/ring-main-unit-rmu\/\" \/>\n<meta property=\"og:locale\" content=\"tr_TR\" \/>\n<meta property=\"og:type\" content=\"article\" \/>\n<meta property=\"og:title\" content=\"Ring Main Unit (Rmu) | \u0130Y\u0130 Enerji\" \/>\n<meta property=\"og:description\" content=\"LBSG Serisi Komple SF6 Gaz Yal\u0131t\u0131ml\u0131 orta gerilim Mod\u00fcler H\u00fccreler(RMU), art\u0131r\u0131lm\u0131\u015f fonksiyonel \u00f6zellikleri ve minimize edilmi\u015f\u00a0boyutlar\u0131yla g\u00fcn\u00fcm\u00fcz\u00fcn geli\u015fmi\u015f O.G sekonder da\u011f\u0131t\u0131m sistemlerinde kullan\u0131lmakta olan mod\u00fcler yap\u0131ya sahip \u015falt\u00a0cihazlar\u0131d\u0131r. Puffer sistemi (SF6 gaz\u0131n\u0131n do\u011frudan ark\u0131n \u00fczerine y\u00f6nlendirilmesi) ile \u00e7al\u0131\u015fan RMU\u2019lar SCADA sistemlerine uyumlu olarak\u00a0uluslararas\u0131 seri \u00fcretim metodlar\u0131 kullan\u0131larak \u00fcretilmektedir. RMU\u2019lar, mekanizman\u0131n \u00f6nceden kurulmas\u0131 kayd\u0131yla motor\u00a0olmasa dahi [&hellip;]\" \/>\n<meta property=\"og:url\" content=\"https:\/\/www.iyienerji.com.tr\/index.php\/ring-main-unit-rmu\/\" \/>\n<meta property=\"og:site_name\" content=\"\u0130Y\u0130 Enerji\" \/>\n<meta property=\"og:image\" content=\"http:\/\/www.fibaelektrik.com\/wp-content\/uploads\/ring-main.jpg\" \/>\n<meta name=\"twitter:card\" content=\"summary_large_image\" \/>\n<meta name=\"twitter:label1\" content=\"Tahmini okuma s\u00fcresi\" \/>\n\t<meta name=\"twitter:data1\" content=\"2 dakika\" \/>\n<script type=\"application\/ld+json\" class=\"yoast-schema-graph\">{\"@context\":\"https:\/\/schema.org\",\"@graph\":[{\"@type\":\"WebSite\",\"@id\":\"https:\/\/www.iyienerji.com.tr\/#website\",\"url\":\"https:\/\/www.iyienerji.com.tr\/\",\"name\":\"\u0130Y\u0130 Enerji\",\"description\":\"\u0130Y\u0130 Enerji\",\"potentialAction\":[{\"@type\":\"SearchAction\",\"target\":{\"@type\":\"EntryPoint\",\"urlTemplate\":\"https:\/\/www.iyienerji.com.tr\/?s={search_term_string}\"},\"query-input\":\"required name=search_term_string\"}],\"inLanguage\":\"tr\"},{\"@type\":\"ImageObject\",\"inLanguage\":\"tr\",\"@id\":\"https:\/\/www.iyienerji.com.tr\/index.php\/ring-main-unit-rmu\/#primaryimage\",\"url\":\"http:\/\/www.fibaelektrik.com\/wp-content\/uploads\/ring-main.jpg\",\"contentUrl\":\"http:\/\/www.fibaelektrik.com\/wp-content\/uploads\/ring-main.jpg\"},{\"@type\":\"WebPage\",\"@id\":\"https:\/\/www.iyienerji.com.tr\/index.php\/ring-main-unit-rmu\/#webpage\",\"url\":\"https:\/\/www.iyienerji.com.tr\/index.php\/ring-main-unit-rmu\/\",\"name\":\"Ring Main Unit (Rmu) | \u0130Y\u0130 Enerji\",\"isPartOf\":{\"@id\":\"https:\/\/www.iyienerji.com.tr\/#website\"},\"primaryImageOfPage\":{\"@id\":\"https:\/\/www.iyienerji.com.tr\/index.php\/ring-main-unit-rmu\/#primaryimage\"},\"datePublished\":\"2015-12-03T14:51:47+00:00\",\"dateModified\":\"2015-12-03T14:51:47+00:00\",\"breadcrumb\":{\"@id\":\"https:\/\/www.iyienerji.com.tr\/index.php\/ring-main-unit-rmu\/#breadcrumb\"},\"inLanguage\":\"tr\",\"potentialAction\":[{\"@type\":\"ReadAction\",\"target\":[\"https:\/\/www.iyienerji.com.tr\/index.php\/ring-main-unit-rmu\/\"]}]},{\"@type\":\"BreadcrumbList\",\"@id\":\"https:\/\/www.iyienerji.com.tr\/index.php\/ring-main-unit-rmu\/#breadcrumb\",\"itemListElement\":[{\"@type\":\"ListItem\",\"position\":1,\"name\":\"Ana sayfa\",\"item\":\"https:\/\/www.iyienerji.com.tr\/\"},{\"@type\":\"ListItem\",\"position\":2,\"name\":\"Ring Main Unit (Rmu)\"}]}]}<\/script>\n<!-- \/ Yoast SEO plugin. -->","yoast_head_json":{"title":"Ring Main Unit (Rmu) | \u0130Y\u0130 Enerji","robots":{"index":"index","follow":"follow","max-snippet":"max-snippet:-1","max-image-preview":"max-image-preview:large","max-video-preview":"max-video-preview:-1"},"canonical":"https:\/\/www.iyienerji.com.tr\/index.php\/ring-main-unit-rmu\/","og_locale":"tr_TR","og_type":"article","og_title":"Ring Main Unit (Rmu) | \u0130Y\u0130 Enerji","og_description":"LBSG Serisi Komple SF6 Gaz Yal\u0131t\u0131ml\u0131 orta gerilim Mod\u00fcler H\u00fccreler(RMU), art\u0131r\u0131lm\u0131\u015f fonksiyonel \u00f6zellikleri ve minimize edilmi\u015f\u00a0boyutlar\u0131yla g\u00fcn\u00fcm\u00fcz\u00fcn geli\u015fmi\u015f O.G sekonder da\u011f\u0131t\u0131m sistemlerinde kullan\u0131lmakta olan mod\u00fcler yap\u0131ya sahip \u015falt\u00a0cihazlar\u0131d\u0131r. Puffer sistemi (SF6 gaz\u0131n\u0131n do\u011frudan ark\u0131n \u00fczerine y\u00f6nlendirilmesi) ile \u00e7al\u0131\u015fan RMU\u2019lar SCADA sistemlerine uyumlu olarak\u00a0uluslararas\u0131 seri \u00fcretim metodlar\u0131 kullan\u0131larak \u00fcretilmektedir. RMU\u2019lar, mekanizman\u0131n \u00f6nceden kurulmas\u0131 kayd\u0131yla motor\u00a0olmasa dahi [&hellip;]","og_url":"https:\/\/www.iyienerji.com.tr\/index.php\/ring-main-unit-rmu\/","og_site_name":"\u0130Y\u0130 Enerji","og_image":[{"url":"http:\/\/www.fibaelektrik.com\/wp-content\/uploads\/ring-main.jpg"}],"twitter_card":"summary_large_image","twitter_misc":{"Tahmini okuma s\u00fcresi":"2 dakika"},"schema":{"@context":"https:\/\/schema.org","@graph":[{"@type":"WebSite","@id":"https:\/\/www.iyienerji.com.tr\/#website","url":"https:\/\/www.iyienerji.com.tr\/","name":"\u0130Y\u0130 Enerji","description":"\u0130Y\u0130 Enerji","potentialAction":[{"@type":"SearchAction","target":{"@type":"EntryPoint","urlTemplate":"https:\/\/www.iyienerji.com.tr\/?s={search_term_string}"},"query-input":"required name=search_term_string"}],"inLanguage":"tr"},{"@type":"ImageObject","inLanguage":"tr","@id":"https:\/\/www.iyienerji.com.tr\/index.php\/ring-main-unit-rmu\/#primaryimage","url":"http:\/\/www.fibaelektrik.com\/wp-content\/uploads\/ring-main.jpg","contentUrl":"http:\/\/www.fibaelektrik.com\/wp-content\/uploads\/ring-main.jpg"},{"@type":"WebPage","@id":"https:\/\/www.iyienerji.com.tr\/index.php\/ring-main-unit-rmu\/#webpage","url":"https:\/\/www.iyienerji.com.tr\/index.php\/ring-main-unit-rmu\/","name":"Ring Main Unit (Rmu) | \u0130Y\u0130 Enerji","isPartOf":{"@id":"https:\/\/www.iyienerji.com.tr\/#website"},"primaryImageOfPage":{"@id":"https:\/\/www.iyienerji.com.tr\/index.php\/ring-main-unit-rmu\/#primaryimage"},"datePublished":"2015-12-03T14:51:47+00:00","dateModified":"2015-12-03T14:51:47+00:00","breadcrumb":{"@id":"https:\/\/www.iyienerji.com.tr\/index.php\/ring-main-unit-rmu\/#breadcrumb"},"inLanguage":"tr","potentialAction":[{"@type":"ReadAction","target":["https:\/\/www.iyienerji.com.tr\/index.php\/ring-main-unit-rmu\/"]}]},{"@type":"BreadcrumbList","@id":"https:\/\/www.iyienerji.com.tr\/index.php\/ring-main-unit-rmu\/#breadcrumb","itemListElement":[{"@type":"ListItem","position":1,"name":"Ana sayfa","item":"https:\/\/www.iyienerji.com.tr\/"},{"@type":"ListItem","position":2,"name":"Ring Main Unit (Rmu)"}]}]}},"_links":{"self":[{"href":"https:\/\/www.iyienerji.com.tr\/index.php\/wp-json\/wp\/v2\/pages\/3043"}],"collection":[{"href":"https:\/\/www.iyienerji.com.tr\/index.php\/wp-json\/wp\/v2\/pages"}],"about":[{"href":"https:\/\/www.iyienerji.com.tr\/index.php\/wp-json\/wp\/v2\/types\/page"}],"author":[{"embeddable":true,"href":"https:\/\/www.iyienerji.com.tr\/index.php\/wp-json\/wp\/v2\/users\/1"}],"replies":[{"embeddable":true,"href":"https:\/\/www.iyienerji.com.tr\/index.php\/wp-json\/wp\/v2\/comments?post=3043"}],"version-history":[{"count":1,"href":"https:\/\/www.iyienerji.com.tr\/index.php\/wp-json\/wp\/v2\/pages\/3043\/revisions"}],"predecessor-version":[{"id":3044,"href":"https:\/\/www.iyienerji.com.tr\/index.php\/wp-json\/wp\/v2\/pages\/3043\/revisions\/3044"}],"wp:attachment":[{"href":"https:\/\/www.iyienerji.com.tr\/index.php\/wp-json\/wp\/v2\/media?parent=3043"}],"curies":[{"name":"wp","href":"https:\/\/api.w.org\/{rel}","templated":true}]}}