{"id":3026,"date":"2015-12-03T16:48:10","date_gmt":"2015-12-03T14:48:10","guid":{"rendered":"http:\/\/iyienerji.com.tr\/?page_id=3026"},"modified":"2015-12-03T16:48:10","modified_gmt":"2015-12-03T14:48:10","slug":"metal-enclosed-hucre","status":"publish","type":"page","link":"https:\/\/www.iyienerji.com.tr\/index.php\/metal-enclosed-hucre\/","title":{"rendered":"Metal Enclosed H\u00fccre"},"content":{"rendered":"<p><strong><img loading=\"lazy\" class=\"alignleft  wp-image-5225\" src=\"http:\/\/www.fibaelektrik.com\/wp-content\/uploads\/enclosed.jpg\" alt=\"enclosed\" width=\"514\" height=\"301\" \/><\/strong><\/p>\n<p>36 kV\u2019 a kadar sekonder da\u011f\u0131t\u0131m sistemlerinde, kompakt k\u00f6\u015fk tipi trafo binalar\u0131nda ve end\u00fcstriyel tesislerde, dahili mekanlarda kullan\u0131m amac\u0131 ile tasarlanm\u0131\u015f orta gerilim \u015falt cihazlar\u0131d\u0131r. Bir \u015falt merkezinde gerekli olabilecek t\u00fcm fonksiyonel birimler yan yana kolayl\u0131kla tesis edilebilmektedir. Fabrikada \u00fcretimi tamamlanm\u0131\u015f ve t\u00fcm rutin tip testleri yap\u0131lm\u0131\u015f h\u00fccreler g\u00fcvenle kullan\u0131larak \u00e7ok k\u0131sa s\u00fcrede pratik bir \u015fekilde devreye al\u0131nabilmektedir.<\/p>\n<p>Ay\u0131rma ve kesme i\u015flemleri SF6 gaz ortam\u0131nda ger\u00e7ekle\u015ftirilmekte olup baralar hava yal\u0131t\u0131ml\u0131d\u0131r. Bu sayede g\u00fcvenli bir ay\u0131rma ve kesme i\u015flemi sa\u011flanarak \u00f6l\u00e7\u00fcler minimum d\u00fczeye \u00e7ekilmi\u015ftir.\u00a0 mod\u00fcler h\u00fccreler kompakt boyutlar\u0131 ile k\u00f6\u015fk tipi trafo merkezlerinde rahatl\u0131kla ve g\u00fcvenle kullan\u0131lmaktad\u0131r.<\/p>\n<p>mod\u00fcler h\u00fccreler 4 ana b\u00f6l\u00fcmden olu\u015fur. B\u00f6lmeler birbirinden metal g\u00f6vde ile ayr\u0131lm\u0131\u015ft\u0131r;<\/p>\n<p>1.Kablo ba\u011flant\u0131 ve anahtarlama b\u00f6l\u00fcm\u00fc<br \/>\n2.Bara b\u00f6l\u00fcm\u00fc<br \/>\n3.\u0130\u015fletme mekanizmas\u0131 b\u00f6l\u00fcm\u00fc<br \/>\n4.Al\u00e7ak gerilim b\u00f6l\u00fcm\u00fc<\/p>\n<p>KABLO BA\u011eLANTI VE ANAHTARLAMA B\u00d6L\u00dcM\u00dc<\/p>\n<p>\u015eebeke kablolar\u0131 topraklama ay\u0131r\u0131c\u0131s\u0131n\u0131n alt\u0131nda bulunan ba\u011flant\u0131 terminaline ba\u011flan\u0131r. Bu b\u00f6l\u00fcmde anahtarlama eleman\u0131 olarak\u00a0h\u00fccre tipine g\u00f6re y\u00fck ay\u0131r\u0131c\u0131s\u0131, ay\u0131r\u0131c\u0131, devre kesicisi ve topraklama ay\u0131r\u0131c\u0131s\u0131 bulunur. Sigortal\u0131 y\u00fck ay\u0131r\u0131c\u0131s\u0131 birle\u015fi\u011finde OG sigortalar ve\u00a0vurucu pim iletim mekanizmas\u0131 bulunur.<\/p>\n<p>Y\u00fck ay\u0131r\u0131c\u0131s\u0131 veya ay\u0131r\u0131c\u0131 epoksi re\u00e7ine g\u00f6vde i\u00e7erisinde, bara b\u00f6l\u00fcm\u00fcnden ve kablo ba\u011flant\u0131 b\u00f6l\u00fcm\u00fcnden sac b\u00f6lme ile tamamen\u00a0ayr\u0131lm\u0131\u015ft\u0131r.\u00a0Bu b\u00f6l\u00fcme 240 mm \u2019ye kadar tek damarl\u0131 kablolar kolayl\u0131kla ba\u011flanabilir.<br \/>\nKablolar\u0131n h\u00fccrede dik durabilmesi i\u00e7in kablo giri\u015flerinde rakor ve kelep\u00e7eler bulunmaktad\u0131r. Bu b\u00f6l\u00fcme eri\u015fmek i\u00e7in topraklama\u00a0ay\u0131r\u0131c\u0131s\u0131n\u0131n kapal\u0131 olmas\u0131 gerekmektedir.<\/p>\n<p><em><strong>BARA B\u00d6L\u00dcM\u00dc<\/strong><\/em><\/p>\n<p>Mod\u00fcler h\u00fccreler yan yana tesis edildiklerinde h\u00fccreler aras\u0131 bara ba\u011flant\u0131s\u0131 uygun kesitlerde 3 adet bara ile yap\u0131lmaktad\u0131r. Bara b\u00f6l\u00fcm\u00fcne eri\u015fim h\u00fccre \u00fcst kapa\u011f\u0131ndan sa\u011flanmaktad\u0131r.<\/p>\n<p><img loading=\"lazy\" class=\"alignright size-full wp-image-5226\" src=\"http:\/\/www.fibaelektrik.com\/wp-content\/uploads\/enclosed2.jpg\" alt=\"enclosed2\" width=\"375\" height=\"500\" \/><\/p>\n<p><em><strong>\u0130\u015eLETME MEKAN\u0130ZMASI B\u00d6L\u00dcM\u00dc<\/strong><\/em><\/p>\n<p>Bu b\u00f6l\u00fcmde y\u00fck ay\u0131r\u0131c\u0131s\u0131, ay\u0131r\u0131c\u0131, kesici, ve topraklama ay\u0131r\u0131c\u0131lar\u0131n\u0131n tahrik mekanizma elemanlar\u0131 bulunur. Opsiyonel olarak bu b\u00f6l\u00fcme Ay\u0131r\u0131c\u0131 Yay Kurma Motoru ve hat ba\u015f\u0131 durumuna g\u00f6re Toprak Ay\u0131r\u0131c\u0131s\u0131 Emniyet mekanizmas\u0131 monte edilebilir.<\/p>\n<p><em><strong>AG PANO B\u00d6L\u00dcM\u00dc<\/strong><\/em><\/p>\n<p>Bu b\u00f6l\u00fcmde terminal bloklar\u0131, AG sigortalar, termostat, \u00f6l\u00e7\u00fc aletleri ve koruma r\u00f6leleri bulunur. H\u00fccre enerjili (baralar ve kablo) iken AG panoda i\u015flem yap\u0131labilir.<\/p>\n<p><strong>Temel Kilitleme Sistemleri<\/strong><\/p>\n<p>Y\u00fck ay\u0131r\u0131c\u0131s\u0131, sadece h\u00fccre kap\u0131s\u0131 kapal\u0131 oldu\u011funda ve topraklama ay\u0131r\u0131c\u0131s\u0131 a\u00e7\u0131k oldu\u011funda kapat\u0131labilir.<br \/>\nTopraklama ay\u0131r\u0131c\u0131s\u0131, y\u00fck ay\u0131r\u0131c\u0131s\u0131 a\u00e7\u0131k oldu\u011funda kapat\u0131labilir.<br \/>\nH\u00fccre kap\u0131s\u0131, topraklama ay\u0131r\u0131c\u0131s\u0131 kapal\u0131 durumda iken a\u00e7\u0131labilir.<br \/>\nY\u00fck ay\u0131r\u0131c\u0131s\u0131, h\u00fccre kap\u0131s\u0131 a\u00e7\u0131k oldu\u011funda kapat\u0131lamaz.<br \/>\n\u0130ste\u011fe ba\u011fl\u0131 olarak giri\u015f h\u00fccresine ba\u011fl\u0131 kabloda enerji oldu\u011funda toprak kapama kilidi konulabilir. Bu sayede kablo enerjili iken topra\u011f\u0131n 3 faz k\u0131sa devreye kapanmas\u0131 \u00f6nlenir.<\/p>\n<p><strong>Kesicili H\u00fccreler;<\/strong><\/p>\n<p>Ay\u0131r\u0131c\u0131 ve ay\u0131r\u0131c\u0131lar (kuplaj h\u00fccresinde) sadece kesici a\u00e7\u0131k konumda iken a\u00e7\u0131labilir.<br \/>\nAy\u0131r\u0131c\u0131 veya kesici a\u00e7\u0131k konumda kilitlenebilir.<br \/>\nToprak ay\u0131r\u0131c\u0131s\u0131 ancak ay\u0131r\u0131c\u0131 a\u00e7\u0131k iken kapat\u0131labilir.<br \/>\nH\u00fccre kap\u0131s\u0131, kesici ve ay\u0131r\u0131c\u0131 a\u00e7\u0131k iken kapat\u0131lamaz.<br \/>\nH\u00fccre kap\u0131s\u0131 ancak: Kesici a\u00e7\u0131k konumda kilitlenmi\u015f ise ay\u0131r\u0131c\u0131 a\u00e7\u0131k ise ve topraklama\u00a0ay\u0131r\u0131c\u0131s\u0131 kapat\u0131lm\u0131\u015f ise a\u00e7\u0131labilir.<\/p>\n<p><em><strong>YAPISAL \u00d6ZELL\u0130KLER<\/strong><\/em><\/p>\n<p>HMH serisi h\u00fccreler tamamen mod\u00fcler yap\u0131da fonksiyonellik, g\u00f6r\u00fcn\u00fcm ve emniyet unsurlar\u0131 g\u00f6z \u00f6n\u00fcnde bulundurularak dizayn edilmi\u015ftir. H\u00fccre karkaslar\u0131 2mm s\u0131cak dald\u0131rma galvaniz sacdan \u00fcretilmekte olup standartlar\u0131n \u00fczerinde kullan\u0131lan 275gr\/m\u00b2 galvaniz kal\u0131nl\u0131\u011f\u0131 ile en nemli ortamlarda dahi herhangi bir deformasyona u\u011framamaktad\u0131r.<br \/>\nH\u00fccrelerde kullan\u0131lmakta olan t\u00fcm epoksi re\u00e7ine par\u00e7alar ( mesnet ve kapasitif izolat\u00f6rler, y\u00fck ay\u0131r\u0131c\u0131 g\u00f6vdesi v.b) fabrikam\u0131z b\u00fcnyesindeki epoksi re\u00e7ine tesisinde \u00fcretilmekte ve her bir \u00fcr\u00fcn ana montaj hatt\u0131na girmeden \u00f6nce ilgili testlere tabi tutulmaktad\u0131r.<\/p>\n<p><em><strong>STANDART VE OPS\u0130YONEL AKSESUARLAR<\/strong><\/em><\/p>\n<p>h\u00fccrelerde iki farkl\u0131 tip ak\u0131m trafosu kullan\u0131lmaktad\u0131r;<\/p>\n<p>\u2013 Toroid tip ak\u0131m trafosu<br \/>\n-D\u00f6kme re\u00e7ine tip ak\u0131m trafosu<\/p>\n<p><strong>D\u0130J\u0130TAL KORUMA VE KONTROL R\u00d6LELER\u0130<\/strong><\/p>\n<p>h\u00fccrelerde \u00e7ok \u00e7e\u015fitli tip koruma , \u00f6l\u00e7\u00fc ve kontrol \u00f6zelliklerine\u00a0sahip r\u00f6leler kullan\u0131lmaktad\u0131r. M\u00fc\u015fteri ve proje gereksinimleri g\u00f6z \u00f6n\u00fcnde\u00a0bulundurularak se\u00e7ilen r\u00f6leler fabrikam\u0131zda istenilen set de\u011ferleri ile birlikte\u00a0sevk edilmektedir. S\u0131kl\u0131kla kullan\u0131lmakta olan a\u015f\u0131r\u0131 ak\u0131m ve toprak koruma\u00a0fonksiyonlar\u0131n\u0131 sa\u011flayan r\u00f6leler Ulusoy toroid ak\u0131m trafosu ile tam uyumlu\u00a0\u00e7al\u0131\u015fmakta olup , m\u00fc\u015fteri talebi do\u011frultusunda farkl\u0131 \u00fcreticilerin r\u00f6leleri de h\u00fccrelerimizde kullan\u0131labilmektedir.<\/p>\n<p><strong><em>ARIZA G\u00d6STERGE D\u00dcZENE\u011e\u0130<\/em><\/strong><\/p>\n<p>\u00c7e\u015fitli \u00fcreticilerden tedarik edilen ve kumanda panosuna veya beton\u00a0k\u00f6\u015fk i\u00e7erisine monte edilebilen faz ve toprak ar\u0131zas\u0131n\u0131 g\u00f6steren cihazlar\u00a0h\u00fccrelerimiz ile birlikte opsiyonel olarak sunulmaktad\u0131r.<\/p>\n<p><strong><em>\u00d6L\u00c7\u00dc ALETLER\u0130<\/em><\/strong><\/p>\n<p>H\u00fccrelerimizde ampermetre, voltmetre, saya\u00e7, enerji analiz\u00f6r\u00fc gibi \u00f6l\u00e7\u00fc\u00a0aletlerinin se\u00e7imi yine m\u00fc\u015fteri ve proje gereksinimleri do\u011frultusunda\u00a0yap\u0131lmaktad\u0131r.<\/p>\n<p><em><strong>OG S\u0130GORTALAR<\/strong><\/em><\/p>\n<p>h\u00fccrelerimizde trafo g\u00fcc\u00fcne g\u00f6re se\u00e7imi yap\u0131lan y\u00fcksek kesme\u00a0kapasiteli OG sigortalar kullan\u0131lmaktad\u0131r.<\/p>\n<p><em><strong>UZAKTAN KUMANDA<\/strong><\/em><\/p>\n<p>h\u00fccrelerde standart olarak sunulan uzaktan kumanda ile h\u00fccre\u00a0\u00fczerindeki operasyonu 5 metreye kadar uzaktan yapabilmek m\u00fcmk\u00fcnd\u00fcr.<\/p>\n<p><em><strong>BARALAR<\/strong><\/em><\/p>\n<p>H\u00fccrelerin birbirleri ile ba\u011flant\u0131lar\u0131nda kullan\u0131lmakta olan baralar y\u00fcksek\u00a0iletkenlik kapasitesine sahip aluminyum veya bak\u0131rdan \u00fcretilmekte olup \u0131s\u0131\u00a0b\u00fcz\u00fc\u015fmeli borular ile izole edilmi\u015ftir.<\/p>\n","protected":false},"excerpt":{"rendered":"<p>36 kV\u2019 a kadar sekonder da\u011f\u0131t\u0131m sistemlerinde, kompakt k\u00f6\u015fk tipi trafo binalar\u0131nda ve end\u00fcstriyel tesislerde, dahili mekanlarda kullan\u0131m amac\u0131 ile tasarlanm\u0131\u015f orta gerilim \u015falt cihazlar\u0131d\u0131r. Bir \u015falt merkezinde gerekli olabilecek t\u00fcm fonksiyonel birimler yan yana kolayl\u0131kla tesis edilebilmektedir. Fabrikada \u00fcretimi tamamlanm\u0131\u015f ve t\u00fcm rutin tip testleri yap\u0131lm\u0131\u015f h\u00fccreler g\u00fcvenle kullan\u0131larak \u00e7ok k\u0131sa s\u00fcrede pratik bir [&hellip;]<\/p>\n","protected":false},"author":1,"featured_media":0,"parent":0,"menu_order":0,"comment_status":"closed","ping_status":"closed","template":"","meta":[],"yoast_head":"<!-- This site is optimized with the Yoast SEO plugin v19.0 - https:\/\/yoast.com\/wordpress\/plugins\/seo\/ -->\n<title>Metal Enclosed H\u00fccre | \u0130Y\u0130 Enerji<\/title>\n<meta name=\"robots\" content=\"index, follow, max-snippet:-1, max-image-preview:large, max-video-preview:-1\" \/>\n<link rel=\"canonical\" href=\"https:\/\/www.iyienerji.com.tr\/index.php\/metal-enclosed-hucre\/\" \/>\n<meta property=\"og:locale\" content=\"tr_TR\" \/>\n<meta property=\"og:type\" content=\"article\" \/>\n<meta property=\"og:title\" content=\"Metal Enclosed H\u00fccre | \u0130Y\u0130 Enerji\" \/>\n<meta property=\"og:description\" content=\"36 kV\u2019 a kadar sekonder da\u011f\u0131t\u0131m sistemlerinde, kompakt k\u00f6\u015fk tipi trafo binalar\u0131nda ve end\u00fcstriyel tesislerde, dahili mekanlarda kullan\u0131m amac\u0131 ile tasarlanm\u0131\u015f orta gerilim \u015falt cihazlar\u0131d\u0131r. Bir \u015falt merkezinde gerekli olabilecek t\u00fcm fonksiyonel birimler yan yana kolayl\u0131kla tesis edilebilmektedir. Fabrikada \u00fcretimi tamamlanm\u0131\u015f ve t\u00fcm rutin tip testleri yap\u0131lm\u0131\u015f h\u00fccreler g\u00fcvenle kullan\u0131larak \u00e7ok k\u0131sa s\u00fcrede pratik bir [&hellip;]\" \/>\n<meta property=\"og:url\" content=\"https:\/\/www.iyienerji.com.tr\/index.php\/metal-enclosed-hucre\/\" \/>\n<meta property=\"og:site_name\" content=\"\u0130Y\u0130 Enerji\" \/>\n<meta property=\"og:image\" content=\"http:\/\/www.fibaelektrik.com\/wp-content\/uploads\/enclosed.jpg\" \/>\n<meta name=\"twitter:card\" content=\"summary_large_image\" \/>\n<meta name=\"twitter:label1\" content=\"Tahmini okuma s\u00fcresi\" \/>\n\t<meta name=\"twitter:data1\" content=\"5 dakika\" \/>\n<script type=\"application\/ld+json\" class=\"yoast-schema-graph\">{\"@context\":\"https:\/\/schema.org\",\"@graph\":[{\"@type\":\"WebSite\",\"@id\":\"https:\/\/www.iyienerji.com.tr\/#website\",\"url\":\"https:\/\/www.iyienerji.com.tr\/\",\"name\":\"\u0130Y\u0130 Enerji\",\"description\":\"\u0130Y\u0130 Enerji\",\"potentialAction\":[{\"@type\":\"SearchAction\",\"target\":{\"@type\":\"EntryPoint\",\"urlTemplate\":\"https:\/\/www.iyienerji.com.tr\/?s={search_term_string}\"},\"query-input\":\"required name=search_term_string\"}],\"inLanguage\":\"tr\"},{\"@type\":\"ImageObject\",\"inLanguage\":\"tr\",\"@id\":\"https:\/\/www.iyienerji.com.tr\/index.php\/metal-enclosed-hucre\/#primaryimage\",\"url\":\"http:\/\/www.fibaelektrik.com\/wp-content\/uploads\/enclosed.jpg\",\"contentUrl\":\"http:\/\/www.fibaelektrik.com\/wp-content\/uploads\/enclosed.jpg\"},{\"@type\":\"WebPage\",\"@id\":\"https:\/\/www.iyienerji.com.tr\/index.php\/metal-enclosed-hucre\/#webpage\",\"url\":\"https:\/\/www.iyienerji.com.tr\/index.php\/metal-enclosed-hucre\/\",\"name\":\"Metal Enclosed H\u00fccre | \u0130Y\u0130 Enerji\",\"isPartOf\":{\"@id\":\"https:\/\/www.iyienerji.com.tr\/#website\"},\"primaryImageOfPage\":{\"@id\":\"https:\/\/www.iyienerji.com.tr\/index.php\/metal-enclosed-hucre\/#primaryimage\"},\"datePublished\":\"2015-12-03T14:48:10+00:00\",\"dateModified\":\"2015-12-03T14:48:10+00:00\",\"breadcrumb\":{\"@id\":\"https:\/\/www.iyienerji.com.tr\/index.php\/metal-enclosed-hucre\/#breadcrumb\"},\"inLanguage\":\"tr\",\"potentialAction\":[{\"@type\":\"ReadAction\",\"target\":[\"https:\/\/www.iyienerji.com.tr\/index.php\/metal-enclosed-hucre\/\"]}]},{\"@type\":\"BreadcrumbList\",\"@id\":\"https:\/\/www.iyienerji.com.tr\/index.php\/metal-enclosed-hucre\/#breadcrumb\",\"itemListElement\":[{\"@type\":\"ListItem\",\"position\":1,\"name\":\"Ana sayfa\",\"item\":\"https:\/\/www.iyienerji.com.tr\/\"},{\"@type\":\"ListItem\",\"position\":2,\"name\":\"Metal Enclosed H\u00fccre\"}]}]}<\/script>\n<!-- \/ Yoast SEO plugin. -->","yoast_head_json":{"title":"Metal Enclosed H\u00fccre | \u0130Y\u0130 Enerji","robots":{"index":"index","follow":"follow","max-snippet":"max-snippet:-1","max-image-preview":"max-image-preview:large","max-video-preview":"max-video-preview:-1"},"canonical":"https:\/\/www.iyienerji.com.tr\/index.php\/metal-enclosed-hucre\/","og_locale":"tr_TR","og_type":"article","og_title":"Metal Enclosed H\u00fccre | \u0130Y\u0130 Enerji","og_description":"36 kV\u2019 a kadar sekonder da\u011f\u0131t\u0131m sistemlerinde, kompakt k\u00f6\u015fk tipi trafo binalar\u0131nda ve end\u00fcstriyel tesislerde, dahili mekanlarda kullan\u0131m amac\u0131 ile tasarlanm\u0131\u015f orta gerilim \u015falt cihazlar\u0131d\u0131r. Bir \u015falt merkezinde gerekli olabilecek t\u00fcm fonksiyonel birimler yan yana kolayl\u0131kla tesis edilebilmektedir. Fabrikada \u00fcretimi tamamlanm\u0131\u015f ve t\u00fcm rutin tip testleri yap\u0131lm\u0131\u015f h\u00fccreler g\u00fcvenle kullan\u0131larak \u00e7ok k\u0131sa s\u00fcrede pratik bir [&hellip;]","og_url":"https:\/\/www.iyienerji.com.tr\/index.php\/metal-enclosed-hucre\/","og_site_name":"\u0130Y\u0130 Enerji","og_image":[{"url":"http:\/\/www.fibaelektrik.com\/wp-content\/uploads\/enclosed.jpg"}],"twitter_card":"summary_large_image","twitter_misc":{"Tahmini okuma s\u00fcresi":"5 dakika"},"schema":{"@context":"https:\/\/schema.org","@graph":[{"@type":"WebSite","@id":"https:\/\/www.iyienerji.com.tr\/#website","url":"https:\/\/www.iyienerji.com.tr\/","name":"\u0130Y\u0130 Enerji","description":"\u0130Y\u0130 Enerji","potentialAction":[{"@type":"SearchAction","target":{"@type":"EntryPoint","urlTemplate":"https:\/\/www.iyienerji.com.tr\/?s={search_term_string}"},"query-input":"required name=search_term_string"}],"inLanguage":"tr"},{"@type":"ImageObject","inLanguage":"tr","@id":"https:\/\/www.iyienerji.com.tr\/index.php\/metal-enclosed-hucre\/#primaryimage","url":"http:\/\/www.fibaelektrik.com\/wp-content\/uploads\/enclosed.jpg","contentUrl":"http:\/\/www.fibaelektrik.com\/wp-content\/uploads\/enclosed.jpg"},{"@type":"WebPage","@id":"https:\/\/www.iyienerji.com.tr\/index.php\/metal-enclosed-hucre\/#webpage","url":"https:\/\/www.iyienerji.com.tr\/index.php\/metal-enclosed-hucre\/","name":"Metal Enclosed H\u00fccre | \u0130Y\u0130 Enerji","isPartOf":{"@id":"https:\/\/www.iyienerji.com.tr\/#website"},"primaryImageOfPage":{"@id":"https:\/\/www.iyienerji.com.tr\/index.php\/metal-enclosed-hucre\/#primaryimage"},"datePublished":"2015-12-03T14:48:10+00:00","dateModified":"2015-12-03T14:48:10+00:00","breadcrumb":{"@id":"https:\/\/www.iyienerji.com.tr\/index.php\/metal-enclosed-hucre\/#breadcrumb"},"inLanguage":"tr","potentialAction":[{"@type":"ReadAction","target":["https:\/\/www.iyienerji.com.tr\/index.php\/metal-enclosed-hucre\/"]}]},{"@type":"BreadcrumbList","@id":"https:\/\/www.iyienerji.com.tr\/index.php\/metal-enclosed-hucre\/#breadcrumb","itemListElement":[{"@type":"ListItem","position":1,"name":"Ana sayfa","item":"https:\/\/www.iyienerji.com.tr\/"},{"@type":"ListItem","position":2,"name":"Metal Enclosed H\u00fccre"}]}]}},"_links":{"self":[{"href":"https:\/\/www.iyienerji.com.tr\/index.php\/wp-json\/wp\/v2\/pages\/3026"}],"collection":[{"href":"https:\/\/www.iyienerji.com.tr\/index.php\/wp-json\/wp\/v2\/pages"}],"about":[{"href":"https:\/\/www.iyienerji.com.tr\/index.php\/wp-json\/wp\/v2\/types\/page"}],"author":[{"embeddable":true,"href":"https:\/\/www.iyienerji.com.tr\/index.php\/wp-json\/wp\/v2\/users\/1"}],"replies":[{"embeddable":true,"href":"https:\/\/www.iyienerji.com.tr\/index.php\/wp-json\/wp\/v2\/comments?post=3026"}],"version-history":[{"count":1,"href":"https:\/\/www.iyienerji.com.tr\/index.php\/wp-json\/wp\/v2\/pages\/3026\/revisions"}],"predecessor-version":[{"id":3041,"href":"https:\/\/www.iyienerji.com.tr\/index.php\/wp-json\/wp\/v2\/pages\/3026\/revisions\/3041"}],"wp:attachment":[{"href":"https:\/\/www.iyienerji.com.tr\/index.php\/wp-json\/wp\/v2\/media?parent=3026"}],"curies":[{"name":"wp","href":"https:\/\/api.w.org\/{rel}","templated":true}]}}