{"id":3005,"date":"2015-12-03T16:10:55","date_gmt":"2015-12-03T14:10:55","guid":{"rendered":"http:\/\/iyienerji.com.tr\/?page_id=3005"},"modified":"2015-12-03T16:36:38","modified_gmt":"2015-12-03T14:36:38","slug":"kuru-tip-transformator","status":"publish","type":"page","link":"https:\/\/www.iyienerji.com.tr\/index.php\/kuru-tip-transformator\/","title":{"rendered":"Kuru Tip Transformat\u00f6r"},"content":{"rendered":"<p><img loading=\"lazy\" class=\"alignleft wp-image-5450 size-full\" src=\"http:\/\/www.fibaelektrik.com\/wp-content\/uploads\/Dry_Type_Transformer.jpg\" alt=\"Dry_Type_Transformer\" width=\"500\" height=\"500\" \/><\/p>\n<div id=\"cke_pastebin\"><strong>YG sarg\u0131lar\u0131, epoksi d\u00f6kme re\u00e7ine ile vakum alt\u0131nda kaplanan transformat\u00f6rlerken; AG sarg\u0131lar\u0131, hem d\u00f6kme re\u00e7ine hem de prepreg yap\u0131labilen transformat\u00f6rlerdir.<\/strong><\/div>\n<div id=\"cke_pastebin\"><strong>\u00a0<\/strong><\/div>\n<div id=\"cke_pastebin\"><strong>160-15000 kVA g\u00fc\u00e7 aral\u0131\u011f\u0131nda, 36 kV \u00a0gerilim seviyesine kadar, do\u011fal hava so\u011futmal\u0131 (AN) veya fan so\u011futmal\u0131 (AF) se\u00e7ene\u011fiyle \u00fcretilirler.(So\u011futma fan\u0131 kullan\u0131larak %50\u2019ye varan g\u00fc\u00e7 art\u0131\u015f\u0131 sa\u011flan\u0131r.)<\/strong><\/div>\n<div id=\"cke_pastebin\"><\/div>\n<div id=\"cke_pastebin\"><\/div>\n<div id=\"cke_pastebin\"><strong>Neden kuru tip transformat\u00f6rler?<\/strong><\/div>\n<div id=\"cke_pastebin\"><\/div>\n<div id=\"cke_pastebin\"><strong>Vakum alt\u0131nda d\u00f6k\u00fcm yap\u0131lm\u0131\u015f epoksi re\u00e7ine, YG-AG sarg\u0131lar\u0131na nemin girmesini engeller,zorlu ve sert ortamlara kar\u015f\u0131 koruma sa\u011flar. Bu y\u00fczden de nemli ve yo\u011funla\u015fman\u0131n oldu\u011fu alanlarda kolayl\u0131kla \u00e7al\u0131\u015fabilmektedir. Uzun s\u00fcre devre d\u0131\u015f\u0131 kalmas\u0131 halinde tekrar i\u015fletmeye al\u0131n\u0131rken kurutulmas\u0131na gerek yoktur.<\/strong><\/div>\n<div id=\"cke_pastebin\"><strong>\u00a0<\/strong><\/div>\n<div id=\"cke_pastebin\"><strong>Sarg\u0131lara kaplanan epoksi d\u00f6kme re\u00e7inenin yanmaz ve kendili\u011finden s\u00f6nebilme \u00f6zelli\u011finden dolay\u0131 yang\u0131n tehlikesi ve \u00e7evre kirlili\u011fine sebep olabilecek s\u0131z\u0131nt\u0131 riski yoktur. Bu nedenle emniyetli ve \u00e7evre dostudur.<\/strong><\/div>\n<div id=\"cke_pastebin\"><strong>\u00a0<\/strong><\/div>\n<div id=\"cke_pastebin\"><strong>Kuru tip transformat\u00f6r boyutlar\u0131n\u0131n ya\u011fl\u0131 tip transformat\u00f6rlere g\u00f6re daha k\u00fc\u00e7\u00fck olmas\u0131 nedeniyle daha az yer kaplama ve daha az in\u015faat i\u015fi gibi \u00fcst\u00fcnl\u00fc\u011f\u00fc vard\u0131r.<\/strong><\/div>\n<div id=\"cke_pastebin\"><strong>\u00a0<\/strong><\/div>\n<div id=\"cke_pastebin\"><strong>Ya\u011fl\u0131 tip transformat\u00f6rlere oranla d\u00fc\u015f\u00fck termal ve diyalektik ya\u015flanma etkisiyle daha uzun transformat\u00f6r \u00f6mr\u00fc sa\u011flar.<\/strong><\/div>\n<div id=\"cke_pastebin\"><strong>\u00a0<\/strong><\/div>\n<div id=\"cke_pastebin\"><strong>K\u0131sa devrelere kar\u015f\u0131 y\u00fcksek dayan\u0131m ve a\u015f\u0131r\u0131 y\u00fck\u00fc destekleyen y\u00fcksek kapasite etkisiyle daha kullan\u0131\u015fl\u0131d\u0131r.<\/strong><\/div>\n<div id=\"cke_pastebin\"><strong>\u00a0<\/strong><\/div>\n<div id=\"cke_pastebin\"><strong>Kolay kurulum ve montaj\u0131 yap\u0131l\u0131r,\u00e7ok s\u0131k bak\u0131m gerektirmez.<\/strong><\/div>\n<div id=\"cke_pastebin\"><strong>\u00a0<\/strong><\/div>\n<div id=\"cke_pastebin\"><strong>IEC 60076-11\u2019e g\u00f6re ;<\/strong><\/div>\n<div id=\"cke_pastebin\"><\/div>\n<div id=\"cke_pastebin\"><strong>\u00a0 \u00a0 \u00a0 \u00a0 * Klimatik C1\/C2<\/strong><\/div>\n<div id=\"cke_pastebin\"><strong>\u00a0<\/strong><\/div>\n<div id=\"cke_pastebin\"><strong>\u00a0 \u00a0 \u00a0 \u00a0 * \u00c7evre E2<\/strong><\/div>\n<div id=\"cke_pastebin\"><strong>\u00a0<\/strong><\/div>\n<div id=\"cke_pastebin\"><strong>\u00a0 \u00a0 \u00a0 \u00a0 * Yang\u0131n F1<\/strong><\/div>\n<div id=\"cke_pastebin\"><\/div>\n<div id=\"cke_pastebin\"><strong>Standartlar\u0131 sa\u011flan\u0131r.<\/strong><\/div>\n<div id=\"cke_pastebin\"><strong>\u00a0<\/strong><\/div>\n<div id=\"cke_pastebin\"><strong>\u00a0<\/strong><\/div>\n<div id=\"cke_pastebin\"><strong>\u00dcr\u00fcn \u00e7e\u015fitleri ve kullan\u0131m alanlar\u0131<\/strong><\/div>\n<div id=\"cke_pastebin\"><strong>\u00a0<\/strong><\/div>\n<div id=\"cke_pastebin\"><strong>1. Da\u011f\u0131t\u0131m tipi transformat\u00f6rler (160-3150 kVA)<\/strong><\/div>\n<div id=\"cke_pastebin\"><strong>\u00a0<\/strong><\/div>\n<div id=\"cke_pastebin\"><strong>2. Monofaze tek fazl\u0131 transformat\u00f6rler<\/strong><\/div>\n<div id=\"cke_pastebin\"><strong>\u00a0<\/strong><\/div>\n<div id=\"cke_pastebin\"><strong>3. G\u00fc\u00e7 transformat\u00f6rleri (4000-15000 kVA)<\/strong><\/div>\n<div id=\"cke_pastebin\"><strong>\u00a0<\/strong><\/div>\n<div id=\"cke_pastebin\"><strong>4. OLTC y\u00fckte kademe de\u011fi\u015ftirmeli transformat\u00f6rler<\/strong><\/div>\n<div id=\"cke_pastebin\"><strong>\u00a0<\/strong><\/div>\n<div id=\"cke_pastebin\"><strong>5. Rectifier do\u011frultucu tip transformat\u00f6rler<\/strong><\/div>\n<div id=\"cke_pastebin\"><strong>\u00a0<\/strong><\/div>\n<div id=\"cke_pastebin\"><strong>6. Su ve hava so\u011futmal\u0131 transformat\u00f6rler(Denizalt\u0131,Marin ve Petrol Sondaj Platformlar\u0131 i\u00e7in)<\/strong><\/div>\n<div id=\"cke_pastebin\"><strong>\u00a0<\/strong><\/div>\n<div id=\"cke_pastebin\"><strong>7. Windpower r\u00fczgar t\u00fcrbini transformat\u00f6rleri<\/strong><\/div>\n<div id=\"cke_pastebin\"><strong>\u00a0<\/strong><\/div>\n<div id=\"cke_pastebin\"><strong>8. Metro, t\u00fcnel, maden ocaklar\u0131, havaalan\u0131, al\u0131\u015fveri\u015f merkezi, okul, hastane, g\u00f6kdelen binalar\u0131 gibi insanlar\u0131n \u00e7ok yo\u011fun olarak ya\u015fad\u0131\u011f\u0131 ortamlarda yanma ve patlama riskini minimum seviyeye indirir.<\/strong><\/div>\n<div id=\"cke_pastebin\"><strong>\u00a0<\/strong><\/div>\n<div id=\"cke_pastebin\"><strong>9. Opsiyonel olarak IP20,IP23,IP33 koruma s\u0131n\u0131flar\u0131na g\u00f6re dahili ve harici tip h\u00fccreli (enclosure) olarak<\/strong> <strong>\u00fcretilebilir.<\/strong><\/div>\n<div><\/div>\n<div><a href=\"http:\/\/iyienerji.com.tr\/wp-content\/uploads\/2015\/12\/TRANSFORMATOR_fiyat.pdf\" target=\"_blank\"><img loading=\"lazy\" class=\"alignnone size-medium wp-image-3021\" src=\"http:\/\/iyienerji.com.tr\/wp-content\/uploads\/2015\/12\/fiyat_listesi_ornek-300x97.gif\" alt=\"fiyat_listesi_ornek\" width=\"300\" height=\"97\" \/><\/a><\/div>\n","protected":false},"excerpt":{"rendered":"<p>YG sarg\u0131lar\u0131, epoksi d\u00f6kme re\u00e7ine ile vakum alt\u0131nda kaplanan transformat\u00f6rlerken; AG sarg\u0131lar\u0131, hem d\u00f6kme re\u00e7ine hem de prepreg yap\u0131labilen transformat\u00f6rlerdir. \u00a0 160-15000 kVA g\u00fc\u00e7 aral\u0131\u011f\u0131nda, 36 kV \u00a0gerilim seviyesine kadar, do\u011fal hava so\u011futmal\u0131 (AN) veya fan so\u011futmal\u0131 (AF) se\u00e7ene\u011fiyle \u00fcretilirler.(So\u011futma fan\u0131 kullan\u0131larak %50\u2019ye varan g\u00fc\u00e7 art\u0131\u015f\u0131 sa\u011flan\u0131r.) Neden kuru tip transformat\u00f6rler? Vakum alt\u0131nda d\u00f6k\u00fcm yap\u0131lm\u0131\u015f [&hellip;]<\/p>\n","protected":false},"author":1,"featured_media":0,"parent":0,"menu_order":0,"comment_status":"closed","ping_status":"closed","template":"","meta":[],"yoast_head":"<!-- This site is optimized with the Yoast SEO plugin v19.0 - https:\/\/yoast.com\/wordpress\/plugins\/seo\/ -->\n<title>Kuru Tip Transformat\u00f6r | \u0130Y\u0130 Enerji<\/title>\n<meta name=\"robots\" content=\"index, follow, max-snippet:-1, max-image-preview:large, max-video-preview:-1\" \/>\n<link rel=\"canonical\" href=\"https:\/\/www.iyienerji.com.tr\/index.php\/kuru-tip-transformator\/\" \/>\n<meta property=\"og:locale\" content=\"tr_TR\" \/>\n<meta property=\"og:type\" content=\"article\" \/>\n<meta property=\"og:title\" content=\"Kuru Tip Transformat\u00f6r | \u0130Y\u0130 Enerji\" \/>\n<meta property=\"og:description\" content=\"YG sarg\u0131lar\u0131, epoksi d\u00f6kme re\u00e7ine ile vakum alt\u0131nda kaplanan transformat\u00f6rlerken; AG sarg\u0131lar\u0131, hem d\u00f6kme re\u00e7ine hem de prepreg yap\u0131labilen transformat\u00f6rlerdir. \u00a0 160-15000 kVA g\u00fc\u00e7 aral\u0131\u011f\u0131nda, 36 kV \u00a0gerilim seviyesine kadar, do\u011fal hava so\u011futmal\u0131 (AN) veya fan so\u011futmal\u0131 (AF) se\u00e7ene\u011fiyle \u00fcretilirler.(So\u011futma fan\u0131 kullan\u0131larak %50\u2019ye varan g\u00fc\u00e7 art\u0131\u015f\u0131 sa\u011flan\u0131r.) Neden kuru tip transformat\u00f6rler? Vakum alt\u0131nda d\u00f6k\u00fcm yap\u0131lm\u0131\u015f [&hellip;]\" \/>\n<meta property=\"og:url\" content=\"https:\/\/www.iyienerji.com.tr\/index.php\/kuru-tip-transformator\/\" \/>\n<meta property=\"og:site_name\" content=\"\u0130Y\u0130 Enerji\" \/>\n<meta property=\"article:modified_time\" content=\"2015-12-03T14:36:38+00:00\" \/>\n<meta property=\"og:image\" content=\"http:\/\/www.fibaelektrik.com\/wp-content\/uploads\/Dry_Type_Transformer.jpg\" \/>\n<meta name=\"twitter:card\" content=\"summary_large_image\" \/>\n<meta name=\"twitter:label1\" content=\"Tahmini okuma s\u00fcresi\" \/>\n\t<meta name=\"twitter:data1\" content=\"2 dakika\" \/>\n<script type=\"application\/ld+json\" class=\"yoast-schema-graph\">{\"@context\":\"https:\/\/schema.org\",\"@graph\":[{\"@type\":\"WebSite\",\"@id\":\"https:\/\/www.iyienerji.com.tr\/#website\",\"url\":\"https:\/\/www.iyienerji.com.tr\/\",\"name\":\"\u0130Y\u0130 Enerji\",\"description\":\"\u0130Y\u0130 Enerji\",\"potentialAction\":[{\"@type\":\"SearchAction\",\"target\":{\"@type\":\"EntryPoint\",\"urlTemplate\":\"https:\/\/www.iyienerji.com.tr\/?s={search_term_string}\"},\"query-input\":\"required name=search_term_string\"}],\"inLanguage\":\"tr\"},{\"@type\":\"ImageObject\",\"inLanguage\":\"tr\",\"@id\":\"https:\/\/www.iyienerji.com.tr\/index.php\/kuru-tip-transformator\/#primaryimage\",\"url\":\"http:\/\/www.fibaelektrik.com\/wp-content\/uploads\/Dry_Type_Transformer.jpg\",\"contentUrl\":\"http:\/\/www.fibaelektrik.com\/wp-content\/uploads\/Dry_Type_Transformer.jpg\"},{\"@type\":\"WebPage\",\"@id\":\"https:\/\/www.iyienerji.com.tr\/index.php\/kuru-tip-transformator\/#webpage\",\"url\":\"https:\/\/www.iyienerji.com.tr\/index.php\/kuru-tip-transformator\/\",\"name\":\"Kuru Tip Transformat\u00f6r | \u0130Y\u0130 Enerji\",\"isPartOf\":{\"@id\":\"https:\/\/www.iyienerji.com.tr\/#website\"},\"primaryImageOfPage\":{\"@id\":\"https:\/\/www.iyienerji.com.tr\/index.php\/kuru-tip-transformator\/#primaryimage\"},\"datePublished\":\"2015-12-03T14:10:55+00:00\",\"dateModified\":\"2015-12-03T14:36:38+00:00\",\"breadcrumb\":{\"@id\":\"https:\/\/www.iyienerji.com.tr\/index.php\/kuru-tip-transformator\/#breadcrumb\"},\"inLanguage\":\"tr\",\"potentialAction\":[{\"@type\":\"ReadAction\",\"target\":[\"https:\/\/www.iyienerji.com.tr\/index.php\/kuru-tip-transformator\/\"]}]},{\"@type\":\"BreadcrumbList\",\"@id\":\"https:\/\/www.iyienerji.com.tr\/index.php\/kuru-tip-transformator\/#breadcrumb\",\"itemListElement\":[{\"@type\":\"ListItem\",\"position\":1,\"name\":\"Ana sayfa\",\"item\":\"https:\/\/www.iyienerji.com.tr\/\"},{\"@type\":\"ListItem\",\"position\":2,\"name\":\"Kuru Tip Transformat\u00f6r\"}]}]}<\/script>\n<!-- \/ Yoast SEO plugin. -->","yoast_head_json":{"title":"Kuru Tip Transformat\u00f6r | \u0130Y\u0130 Enerji","robots":{"index":"index","follow":"follow","max-snippet":"max-snippet:-1","max-image-preview":"max-image-preview:large","max-video-preview":"max-video-preview:-1"},"canonical":"https:\/\/www.iyienerji.com.tr\/index.php\/kuru-tip-transformator\/","og_locale":"tr_TR","og_type":"article","og_title":"Kuru Tip Transformat\u00f6r | \u0130Y\u0130 Enerji","og_description":"YG sarg\u0131lar\u0131, epoksi d\u00f6kme re\u00e7ine ile vakum alt\u0131nda kaplanan transformat\u00f6rlerken; AG sarg\u0131lar\u0131, hem d\u00f6kme re\u00e7ine hem de prepreg yap\u0131labilen transformat\u00f6rlerdir. \u00a0 160-15000 kVA g\u00fc\u00e7 aral\u0131\u011f\u0131nda, 36 kV \u00a0gerilim seviyesine kadar, do\u011fal hava so\u011futmal\u0131 (AN) veya fan so\u011futmal\u0131 (AF) se\u00e7ene\u011fiyle \u00fcretilirler.(So\u011futma fan\u0131 kullan\u0131larak %50\u2019ye varan g\u00fc\u00e7 art\u0131\u015f\u0131 sa\u011flan\u0131r.) Neden kuru tip transformat\u00f6rler? Vakum alt\u0131nda d\u00f6k\u00fcm yap\u0131lm\u0131\u015f [&hellip;]","og_url":"https:\/\/www.iyienerji.com.tr\/index.php\/kuru-tip-transformator\/","og_site_name":"\u0130Y\u0130 Enerji","article_modified_time":"2015-12-03T14:36:38+00:00","og_image":[{"url":"http:\/\/www.fibaelektrik.com\/wp-content\/uploads\/Dry_Type_Transformer.jpg"}],"twitter_card":"summary_large_image","twitter_misc":{"Tahmini okuma s\u00fcresi":"2 dakika"},"schema":{"@context":"https:\/\/schema.org","@graph":[{"@type":"WebSite","@id":"https:\/\/www.iyienerji.com.tr\/#website","url":"https:\/\/www.iyienerji.com.tr\/","name":"\u0130Y\u0130 Enerji","description":"\u0130Y\u0130 Enerji","potentialAction":[{"@type":"SearchAction","target":{"@type":"EntryPoint","urlTemplate":"https:\/\/www.iyienerji.com.tr\/?s={search_term_string}"},"query-input":"required name=search_term_string"}],"inLanguage":"tr"},{"@type":"ImageObject","inLanguage":"tr","@id":"https:\/\/www.iyienerji.com.tr\/index.php\/kuru-tip-transformator\/#primaryimage","url":"http:\/\/www.fibaelektrik.com\/wp-content\/uploads\/Dry_Type_Transformer.jpg","contentUrl":"http:\/\/www.fibaelektrik.com\/wp-content\/uploads\/Dry_Type_Transformer.jpg"},{"@type":"WebPage","@id":"https:\/\/www.iyienerji.com.tr\/index.php\/kuru-tip-transformator\/#webpage","url":"https:\/\/www.iyienerji.com.tr\/index.php\/kuru-tip-transformator\/","name":"Kuru Tip Transformat\u00f6r | \u0130Y\u0130 Enerji","isPartOf":{"@id":"https:\/\/www.iyienerji.com.tr\/#website"},"primaryImageOfPage":{"@id":"https:\/\/www.iyienerji.com.tr\/index.php\/kuru-tip-transformator\/#primaryimage"},"datePublished":"2015-12-03T14:10:55+00:00","dateModified":"2015-12-03T14:36:38+00:00","breadcrumb":{"@id":"https:\/\/www.iyienerji.com.tr\/index.php\/kuru-tip-transformator\/#breadcrumb"},"inLanguage":"tr","potentialAction":[{"@type":"ReadAction","target":["https:\/\/www.iyienerji.com.tr\/index.php\/kuru-tip-transformator\/"]}]},{"@type":"BreadcrumbList","@id":"https:\/\/www.iyienerji.com.tr\/index.php\/kuru-tip-transformator\/#breadcrumb","itemListElement":[{"@type":"ListItem","position":1,"name":"Ana sayfa","item":"https:\/\/www.iyienerji.com.tr\/"},{"@type":"ListItem","position":2,"name":"Kuru Tip Transformat\u00f6r"}]}]}},"_links":{"self":[{"href":"https:\/\/www.iyienerji.com.tr\/index.php\/wp-json\/wp\/v2\/pages\/3005"}],"collection":[{"href":"https:\/\/www.iyienerji.com.tr\/index.php\/wp-json\/wp\/v2\/pages"}],"about":[{"href":"https:\/\/www.iyienerji.com.tr\/index.php\/wp-json\/wp\/v2\/types\/page"}],"author":[{"embeddable":true,"href":"https:\/\/www.iyienerji.com.tr\/index.php\/wp-json\/wp\/v2\/users\/1"}],"replies":[{"embeddable":true,"href":"https:\/\/www.iyienerji.com.tr\/index.php\/wp-json\/wp\/v2\/comments?post=3005"}],"version-history":[{"count":2,"href":"https:\/\/www.iyienerji.com.tr\/index.php\/wp-json\/wp\/v2\/pages\/3005\/revisions"}],"predecessor-version":[{"id":3024,"href":"https:\/\/www.iyienerji.com.tr\/index.php\/wp-json\/wp\/v2\/pages\/3005\/revisions\/3024"}],"wp:attachment":[{"href":"https:\/\/www.iyienerji.com.tr\/index.php\/wp-json\/wp\/v2\/media?parent=3005"}],"curies":[{"name":"wp","href":"https:\/\/api.w.org\/{rel}","templated":true}]}}