{"id":3002,"date":"2015-12-03T15:35:00","date_gmt":"2015-12-03T13:35:00","guid":{"rendered":"http:\/\/iyienerji.com.tr\/?page_id=3002"},"modified":"2015-12-03T15:35:34","modified_gmt":"2015-12-03T13:35:34","slug":"kosk-cizimleri","status":"publish","type":"page","link":"https:\/\/www.iyienerji.com.tr\/index.php\/kosk-cizimleri\/","title":{"rendered":"K\u00f6\u015fk \u00c7izimleri"},"content":{"rendered":"<p><img loading=\"lazy\" class=\"wp-image-5172 alignleft\" src=\"http:\/\/www.fibaelektrik.com\/wp-content\/uploads\/ciz1.png\" alt=\"hakkimizda\" width=\"633\" height=\"710\" \/><\/p>\n<p style=\"text-align: left;\"><img loading=\"lazy\" class=\"wp-image-5172\" src=\"http:\/\/www.fibaelektrik.com\/wp-content\/uploads\/ciz2.png\" alt=\"hakkimizda\" width=\"633\" height=\"710\" \/><\/p>\n<p style=\"text-align: left;\"><img loading=\"lazy\" class=\" wp-image-5172 aligncenter\" src=\"http:\/\/www.fibaelektrik.com\/wp-content\/uploads\/ciz3.png\" alt=\"hakkimizda\" width=\"633\" height=\"710\" \/><\/p>\n<p style=\"text-align: left;\"><img loading=\"lazy\" class=\" wp-image-5172 aligncenter\" src=\"http:\/\/www.fibaelektrik.com\/wp-content\/uploads\/ciz4.png\" alt=\"hakkimizda\" width=\"633\" height=\"710\" \/><\/p>\n<p style=\"text-align: left;\"><img loading=\"lazy\" class=\" wp-image-5172 aligncenter\" src=\"http:\/\/www.fibaelektrik.com\/wp-content\/uploads\/ciz5.png\" alt=\"hakkimizda\" width=\"633\" height=\"710\" \/><\/p>\n<p><img loading=\"lazy\" class=\"wp-image-5172 alignleft\" src=\"http:\/\/www.fibaelektrik.com\/wp-content\/uploads\/ciz6.png\" alt=\"hakkimizda\" width=\"633\" height=\"710\" \/><\/p>\n","protected":false},"excerpt":{"rendered":"","protected":false},"author":1,"featured_media":0,"parent":0,"menu_order":0,"comment_status":"closed","ping_status":"closed","template":"","meta":[],"yoast_head":"<!-- This site is optimized with the Yoast SEO plugin v19.0 - https:\/\/yoast.com\/wordpress\/plugins\/seo\/ -->\n<title>K\u00f6\u015fk \u00c7izimleri | \u0130Y\u0130 Enerji<\/title>\n<meta name=\"robots\" content=\"index, follow, max-snippet:-1, max-image-preview:large, max-video-preview:-1\" \/>\n<link rel=\"canonical\" href=\"https:\/\/www.iyienerji.com.tr\/index.php\/kosk-cizimleri\/\" \/>\n<meta property=\"og:locale\" content=\"tr_TR\" \/>\n<meta property=\"og:type\" content=\"article\" \/>\n<meta property=\"og:title\" content=\"K\u00f6\u015fk \u00c7izimleri | \u0130Y\u0130 Enerji\" \/>\n<meta property=\"og:url\" content=\"https:\/\/www.iyienerji.com.tr\/index.php\/kosk-cizimleri\/\" \/>\n<meta property=\"og:site_name\" content=\"\u0130Y\u0130 Enerji\" \/>\n<meta property=\"article:modified_time\" content=\"2015-12-03T13:35:34+00:00\" \/>\n<meta property=\"og:image\" content=\"http:\/\/www.fibaelektrik.com\/wp-content\/uploads\/ciz1.png\" \/>\n<meta name=\"twitter:card\" content=\"summary_large_image\" \/>\n<script type=\"application\/ld+json\" class=\"yoast-schema-graph\">{\"@context\":\"https:\/\/schema.org\",\"@graph\":[{\"@type\":\"WebSite\",\"@id\":\"https:\/\/www.iyienerji.com.tr\/#website\",\"url\":\"https:\/\/www.iyienerji.com.tr\/\",\"name\":\"\u0130Y\u0130 Enerji\",\"description\":\"\u0130Y\u0130 Enerji\",\"potentialAction\":[{\"@type\":\"SearchAction\",\"target\":{\"@type\":\"EntryPoint\",\"urlTemplate\":\"https:\/\/www.iyienerji.com.tr\/?s={search_term_string}\"},\"query-input\":\"required name=search_term_string\"}],\"inLanguage\":\"tr\"},{\"@type\":\"ImageObject\",\"inLanguage\":\"tr\",\"@id\":\"https:\/\/www.iyienerji.com.tr\/index.php\/kosk-cizimleri\/#primaryimage\",\"url\":\"http:\/\/www.fibaelektrik.com\/wp-content\/uploads\/ciz1.png\",\"contentUrl\":\"http:\/\/www.fibaelektrik.com\/wp-content\/uploads\/ciz1.png\"},{\"@type\":\"WebPage\",\"@id\":\"https:\/\/www.iyienerji.com.tr\/index.php\/kosk-cizimleri\/#webpage\",\"url\":\"https:\/\/www.iyienerji.com.tr\/index.php\/kosk-cizimleri\/\",\"name\":\"K\u00f6\u015fk \u00c7izimleri | \u0130Y\u0130 Enerji\",\"isPartOf\":{\"@id\":\"https:\/\/www.iyienerji.com.tr\/#website\"},\"primaryImageOfPage\":{\"@id\":\"https:\/\/www.iyienerji.com.tr\/index.php\/kosk-cizimleri\/#primaryimage\"},\"datePublished\":\"2015-12-03T13:35:00+00:00\",\"dateModified\":\"2015-12-03T13:35:34+00:00\",\"breadcrumb\":{\"@id\":\"https:\/\/www.iyienerji.com.tr\/index.php\/kosk-cizimleri\/#breadcrumb\"},\"inLanguage\":\"tr\",\"potentialAction\":[{\"@type\":\"ReadAction\",\"target\":[\"https:\/\/www.iyienerji.com.tr\/index.php\/kosk-cizimleri\/\"]}]},{\"@type\":\"BreadcrumbList\",\"@id\":\"https:\/\/www.iyienerji.com.tr\/index.php\/kosk-cizimleri\/#breadcrumb\",\"itemListElement\":[{\"@type\":\"ListItem\",\"position\":1,\"name\":\"Ana sayfa\",\"item\":\"https:\/\/www.iyienerji.com.tr\/\"},{\"@type\":\"ListItem\",\"position\":2,\"name\":\"K\u00f6\u015fk \u00c7izimleri\"}]}]}<\/script>\n<!-- \/ Yoast SEO plugin. -->","yoast_head_json":{"title":"K\u00f6\u015fk \u00c7izimleri | \u0130Y\u0130 Enerji","robots":{"index":"index","follow":"follow","max-snippet":"max-snippet:-1","max-image-preview":"max-image-preview:large","max-video-preview":"max-video-preview:-1"},"canonical":"https:\/\/www.iyienerji.com.tr\/index.php\/kosk-cizimleri\/","og_locale":"tr_TR","og_type":"article","og_title":"K\u00f6\u015fk \u00c7izimleri | \u0130Y\u0130 Enerji","og_url":"https:\/\/www.iyienerji.com.tr\/index.php\/kosk-cizimleri\/","og_site_name":"\u0130Y\u0130 Enerji","article_modified_time":"2015-12-03T13:35:34+00:00","og_image":[{"url":"http:\/\/www.fibaelektrik.com\/wp-content\/uploads\/ciz1.png"}],"twitter_card":"summary_large_image","schema":{"@context":"https:\/\/schema.org","@graph":[{"@type":"WebSite","@id":"https:\/\/www.iyienerji.com.tr\/#website","url":"https:\/\/www.iyienerji.com.tr\/","name":"\u0130Y\u0130 Enerji","description":"\u0130Y\u0130 Enerji","potentialAction":[{"@type":"SearchAction","target":{"@type":"EntryPoint","urlTemplate":"https:\/\/www.iyienerji.com.tr\/?s={search_term_string}"},"query-input":"required name=search_term_string"}],"inLanguage":"tr"},{"@type":"ImageObject","inLanguage":"tr","@id":"https:\/\/www.iyienerji.com.tr\/index.php\/kosk-cizimleri\/#primaryimage","url":"http:\/\/www.fibaelektrik.com\/wp-content\/uploads\/ciz1.png","contentUrl":"http:\/\/www.fibaelektrik.com\/wp-content\/uploads\/ciz1.png"},{"@type":"WebPage","@id":"https:\/\/www.iyienerji.com.tr\/index.php\/kosk-cizimleri\/#webpage","url":"https:\/\/www.iyienerji.com.tr\/index.php\/kosk-cizimleri\/","name":"K\u00f6\u015fk \u00c7izimleri | \u0130Y\u0130 Enerji","isPartOf":{"@id":"https:\/\/www.iyienerji.com.tr\/#website"},"primaryImageOfPage":{"@id":"https:\/\/www.iyienerji.com.tr\/index.php\/kosk-cizimleri\/#primaryimage"},"datePublished":"2015-12-03T13:35:00+00:00","dateModified":"2015-12-03T13:35:34+00:00","breadcrumb":{"@id":"https:\/\/www.iyienerji.com.tr\/index.php\/kosk-cizimleri\/#breadcrumb"},"inLanguage":"tr","potentialAction":[{"@type":"ReadAction","target":["https:\/\/www.iyienerji.com.tr\/index.php\/kosk-cizimleri\/"]}]},{"@type":"BreadcrumbList","@id":"https:\/\/www.iyienerji.com.tr\/index.php\/kosk-cizimleri\/#breadcrumb","itemListElement":[{"@type":"ListItem","position":1,"name":"Ana sayfa","item":"https:\/\/www.iyienerji.com.tr\/"},{"@type":"ListItem","position":2,"name":"K\u00f6\u015fk \u00c7izimleri"}]}]}},"_links":{"self":[{"href":"https:\/\/www.iyienerji.com.tr\/index.php\/wp-json\/wp\/v2\/pages\/3002"}],"collection":[{"href":"https:\/\/www.iyienerji.com.tr\/index.php\/wp-json\/wp\/v2\/pages"}],"about":[{"href":"https:\/\/www.iyienerji.com.tr\/index.php\/wp-json\/wp\/v2\/types\/page"}],"author":[{"embeddable":true,"href":"https:\/\/www.iyienerji.com.tr\/index.php\/wp-json\/wp\/v2\/users\/1"}],"replies":[{"embeddable":true,"href":"https:\/\/www.iyienerji.com.tr\/index.php\/wp-json\/wp\/v2\/comments?post=3002"}],"version-history":[{"count":2,"href":"https:\/\/www.iyienerji.com.tr\/index.php\/wp-json\/wp\/v2\/pages\/3002\/revisions"}],"predecessor-version":[{"id":3004,"href":"https:\/\/www.iyienerji.com.tr\/index.php\/wp-json\/wp\/v2\/pages\/3002\/revisions\/3004"}],"wp:attachment":[{"href":"https:\/\/www.iyienerji.com.tr\/index.php\/wp-json\/wp\/v2\/media?parent=3002"}],"curies":[{"name":"wp","href":"https:\/\/api.w.org\/{rel}","templated":true}]}}