{"id":2986,"date":"2015-12-03T15:24:15","date_gmt":"2015-12-03T13:24:15","guid":{"rendered":"http:\/\/iyienerji.com.tr\/?page_id=2986"},"modified":"2015-12-03T15:32:14","modified_gmt":"2015-12-03T13:32:14","slug":"sac-kosk","status":"publish","type":"page","link":"https:\/\/www.iyienerji.com.tr\/index.php\/sac-kosk\/","title":{"rendered":"Sa\u00e7 K\u00f6\u015fk"},"content":{"rendered":"<p><strong><em><img loading=\"lazy\" class=\"alignleft wp-image-5304\" src=\"http:\/\/www.fibaelektrik.com\/wp-content\/uploads\/sac2.jpg\" alt=\"sac2\" width=\"436\" height=\"327\" \/><\/em><\/strong><\/p>\n<p><strong>\u00a0<\/strong><\/p>\n<p><strong>Sac k\u00f6\u015fk i\u00e7erisine konulacak trafo, jenerat\u00f6r, panolar ve benzeri par\u00e7alar iste\u011fe g\u00f6re bo\u015f karkas olarak veya montaj\u0131 yap\u0131lm\u0131\u015f \u015fekilde komple sevk edilir. Y\u00fczey kaplama s\u0131cak dald\u0131rma, elektro galvaniz, elektro statik tozboya veya end\u00fcstriyel ya\u015f boya olarak yap\u0131labilmektedir. Beton k\u00f6\u015fkler ile k\u0131yasland\u0131\u011f\u0131nda daha hafif bir \u00fcr\u00fcn oldu\u011fu i\u00e7in nakliye ve montajda kolayl\u0131klar sa\u011flar.SCK i\u00e7erisinde kullan\u0131lacak Anahtarlama eleman\u0131na uygun olarak tasarland\u0131\u011f\u0131 i\u00e7in istenilen boyutlarda imal edilebilir. Ayr\u0131ca k\u0131zak, r\u00f6mork ve treyler kullan\u0131larak mobil sac k\u00f6\u015fk imal edilmektedir.SCK trafo merkezleri 3 b\u00f6l\u00fcmden meydana gelir<\/strong><\/p>\n<p><strong>1. O.G. anahtarlama b\u00f6l\u00fcm\u00fc 2. TR. B\u00f6l\u00fcm\u00fc 3. A.G. b\u00f6l\u00fcm\u00fc<\/strong><br \/>\n<strong>T\u00fcm sac k\u00f6\u015fkler galvanizli sac kullan\u0131larak imal edilirler. M\u00fc\u015fteri iste\u011fi do\u011frultusunda sand\u00f6vi\u00e7 paneller kullan\u0131larak izolasyon yap\u0131labilir. SCK lar \u00d6zellikle RMU lu trafo merkezlerinde Boyut ve a\u011f\u0131rl\u0131k olarak b\u00fcy\u00fck avantaj sa\u011flad\u0131\u011f\u0131ndan tercih sebebi olurlar. Mod\u00fcler yap\u0131lar\u0131 ile prefabrike \u00f6zelli\u011fi sayesinde b\u00fcy\u00fck merkezler tesis edilebilir.<\/strong><\/p>\n<p><strong><img loading=\"lazy\" class=\"alignright wp-image-5305\" src=\"http:\/\/www.fibaelektrik.com\/wp-content\/uploads\/sac3.jpg\" alt=\"sac3\" width=\"632\" height=\"516\" \/><\/strong><\/p>\n<p><strong><a class=\"button large normal \" href=\"http:\/\/www.fibaelektrik.com\/sac-kosk\/#\" target=\"_blank\">\u00d6zellikleri<\/a><\/strong><\/p>\n<p><strong><em>\u00a0Beton k\u00f6skler ile k\u0131yasland\u0131\u011f\u0131nda daha hafif bir \u00fcr\u00fcn oldu\u011fu i\u00e7in nakliye ve montajda\u00a0<\/em><em>kolayl\u0131klar sa\u011flar.<\/em><\/strong><\/p>\n<p><strong><em>SCK i\u00e7erisinde kullan\u0131lacak Anahtarlama eleman\u0131na uygun olarak tasarland\u0131\u011f\u0131 i\u00e7in\u00a0<\/em><em>istenilen boyutlarda imal edilebilir.<\/em><\/strong><\/p>\n<p><strong><em>Ayr\u0131ca k\u0131zak, r\u00f6mork ve treyler kullan\u0131larak mobil sac k\u00f6sk imal edilmektedir.<\/em><\/strong><\/p>\n<p><strong><em>SCK trafo merkezleri 3 b\u00f6l\u00fcmden meydana gelir.;<\/em><\/strong><\/p>\n<ul>\n<li><strong><em>O.G. anahtarlama b\u00f6l\u00fcm\u00fc<\/em><\/strong><\/li>\n<li><strong><em>TR. b\u00f6l\u00fcm\u00fc<\/em><\/strong><\/li>\n<li><strong><em>A.G. b\u00f6l\u00fcm\u00fc<\/em><\/strong><\/li>\n<\/ul>\n<p><strong><em>T\u00fcm sac k\u00f6skler galvanizli sac kullan\u0131larak imal edilirler.<\/em><\/strong><\/p>\n<p><strong><em>M\u00fcsteri iste\u011fi do\u011frultusunda sand\u00f6vi\u00e7 paneller kullan\u0131larak izolasyon yap\u0131labilir.<\/em><\/strong><\/p>\n<p><strong><em>SCK lar \u00d6zellikle RMU lu trafo merkezlerinde Boyut ve a\u011f\u0131rl\u0131k olarak <\/em><em>sa\u011flad\u0131\u011f\u0131ndan tercih sebebi olurlar.<\/em><\/strong><\/p>\n<p><strong><em>Mod\u00fcler yap\u0131lar\u0131 ile prefabrike \u00f6zelli\u011fi sayesinde b\u00fcy\u00fck merkezler tesis edilebilir.<\/em><\/strong><\/p>\n<p><strong><em>Ancak k\u00f6sk boyutu artt\u0131k\u00e7a beton k\u00f6sklere nazaran sistem maliyetleri artar.<\/em><\/strong><\/p>\n","protected":false},"excerpt":{"rendered":"<p>\u00a0 Sac k\u00f6\u015fk i\u00e7erisine konulacak trafo, jenerat\u00f6r, panolar ve benzeri par\u00e7alar iste\u011fe g\u00f6re bo\u015f karkas olarak veya montaj\u0131 yap\u0131lm\u0131\u015f \u015fekilde komple sevk edilir. Y\u00fczey kaplama s\u0131cak dald\u0131rma, elektro galvaniz, elektro statik tozboya veya end\u00fcstriyel ya\u015f boya olarak yap\u0131labilmektedir. Beton k\u00f6\u015fkler ile k\u0131yasland\u0131\u011f\u0131nda daha hafif bir \u00fcr\u00fcn oldu\u011fu i\u00e7in nakliye ve montajda kolayl\u0131klar sa\u011flar.SCK i\u00e7erisinde kullan\u0131lacak [&hellip;]<\/p>\n","protected":false},"author":1,"featured_media":0,"parent":0,"menu_order":0,"comment_status":"closed","ping_status":"closed","template":"","meta":[],"yoast_head":"<!-- This site is optimized with the Yoast SEO plugin v19.0 - https:\/\/yoast.com\/wordpress\/plugins\/seo\/ -->\n<title>Sa\u00e7 K\u00f6\u015fk | \u0130Y\u0130 Enerji<\/title>\n<meta name=\"robots\" content=\"index, follow, max-snippet:-1, max-image-preview:large, max-video-preview:-1\" \/>\n<link rel=\"canonical\" href=\"https:\/\/www.iyienerji.com.tr\/index.php\/sac-kosk\/\" \/>\n<meta property=\"og:locale\" content=\"tr_TR\" \/>\n<meta property=\"og:type\" content=\"article\" \/>\n<meta property=\"og:title\" content=\"Sa\u00e7 K\u00f6\u015fk | \u0130Y\u0130 Enerji\" \/>\n<meta property=\"og:description\" content=\"\u00a0 Sac k\u00f6\u015fk i\u00e7erisine konulacak trafo, jenerat\u00f6r, panolar ve benzeri par\u00e7alar iste\u011fe g\u00f6re bo\u015f karkas olarak veya montaj\u0131 yap\u0131lm\u0131\u015f \u015fekilde komple sevk edilir. Y\u00fczey kaplama s\u0131cak dald\u0131rma, elektro galvaniz, elektro statik tozboya veya end\u00fcstriyel ya\u015f boya olarak yap\u0131labilmektedir. Beton k\u00f6\u015fkler ile k\u0131yasland\u0131\u011f\u0131nda daha hafif bir \u00fcr\u00fcn oldu\u011fu i\u00e7in nakliye ve montajda kolayl\u0131klar sa\u011flar.SCK i\u00e7erisinde kullan\u0131lacak [&hellip;]\" \/>\n<meta property=\"og:url\" content=\"https:\/\/www.iyienerji.com.tr\/index.php\/sac-kosk\/\" \/>\n<meta property=\"og:site_name\" content=\"\u0130Y\u0130 Enerji\" \/>\n<meta property=\"article:modified_time\" content=\"2015-12-03T13:32:14+00:00\" \/>\n<meta property=\"og:image\" content=\"http:\/\/www.fibaelektrik.com\/wp-content\/uploads\/sac2.jpg\" \/>\n<meta name=\"twitter:card\" content=\"summary_large_image\" \/>\n<meta name=\"twitter:label1\" content=\"Tahmini okuma s\u00fcresi\" \/>\n\t<meta name=\"twitter:data1\" content=\"2 dakika\" \/>\n<script type=\"application\/ld+json\" class=\"yoast-schema-graph\">{\"@context\":\"https:\/\/schema.org\",\"@graph\":[{\"@type\":\"WebSite\",\"@id\":\"https:\/\/www.iyienerji.com.tr\/#website\",\"url\":\"https:\/\/www.iyienerji.com.tr\/\",\"name\":\"\u0130Y\u0130 Enerji\",\"description\":\"\u0130Y\u0130 Enerji\",\"potentialAction\":[{\"@type\":\"SearchAction\",\"target\":{\"@type\":\"EntryPoint\",\"urlTemplate\":\"https:\/\/www.iyienerji.com.tr\/?s={search_term_string}\"},\"query-input\":\"required name=search_term_string\"}],\"inLanguage\":\"tr\"},{\"@type\":\"ImageObject\",\"inLanguage\":\"tr\",\"@id\":\"https:\/\/www.iyienerji.com.tr\/index.php\/sac-kosk\/#primaryimage\",\"url\":\"http:\/\/www.fibaelektrik.com\/wp-content\/uploads\/sac2.jpg\",\"contentUrl\":\"http:\/\/www.fibaelektrik.com\/wp-content\/uploads\/sac2.jpg\"},{\"@type\":\"WebPage\",\"@id\":\"https:\/\/www.iyienerji.com.tr\/index.php\/sac-kosk\/#webpage\",\"url\":\"https:\/\/www.iyienerji.com.tr\/index.php\/sac-kosk\/\",\"name\":\"Sa\u00e7 K\u00f6\u015fk | \u0130Y\u0130 Enerji\",\"isPartOf\":{\"@id\":\"https:\/\/www.iyienerji.com.tr\/#website\"},\"primaryImageOfPage\":{\"@id\":\"https:\/\/www.iyienerji.com.tr\/index.php\/sac-kosk\/#primaryimage\"},\"datePublished\":\"2015-12-03T13:24:15+00:00\",\"dateModified\":\"2015-12-03T13:32:14+00:00\",\"breadcrumb\":{\"@id\":\"https:\/\/www.iyienerji.com.tr\/index.php\/sac-kosk\/#breadcrumb\"},\"inLanguage\":\"tr\",\"potentialAction\":[{\"@type\":\"ReadAction\",\"target\":[\"https:\/\/www.iyienerji.com.tr\/index.php\/sac-kosk\/\"]}]},{\"@type\":\"BreadcrumbList\",\"@id\":\"https:\/\/www.iyienerji.com.tr\/index.php\/sac-kosk\/#breadcrumb\",\"itemListElement\":[{\"@type\":\"ListItem\",\"position\":1,\"name\":\"Ana sayfa\",\"item\":\"https:\/\/www.iyienerji.com.tr\/\"},{\"@type\":\"ListItem\",\"position\":2,\"name\":\"Sa\u00e7 K\u00f6\u015fk\"}]}]}<\/script>\n<!-- \/ Yoast SEO plugin. -->","yoast_head_json":{"title":"Sa\u00e7 K\u00f6\u015fk | \u0130Y\u0130 Enerji","robots":{"index":"index","follow":"follow","max-snippet":"max-snippet:-1","max-image-preview":"max-image-preview:large","max-video-preview":"max-video-preview:-1"},"canonical":"https:\/\/www.iyienerji.com.tr\/index.php\/sac-kosk\/","og_locale":"tr_TR","og_type":"article","og_title":"Sa\u00e7 K\u00f6\u015fk | \u0130Y\u0130 Enerji","og_description":"\u00a0 Sac k\u00f6\u015fk i\u00e7erisine konulacak trafo, jenerat\u00f6r, panolar ve benzeri par\u00e7alar iste\u011fe g\u00f6re bo\u015f karkas olarak veya montaj\u0131 yap\u0131lm\u0131\u015f \u015fekilde komple sevk edilir. Y\u00fczey kaplama s\u0131cak dald\u0131rma, elektro galvaniz, elektro statik tozboya veya end\u00fcstriyel ya\u015f boya olarak yap\u0131labilmektedir. Beton k\u00f6\u015fkler ile k\u0131yasland\u0131\u011f\u0131nda daha hafif bir \u00fcr\u00fcn oldu\u011fu i\u00e7in nakliye ve montajda kolayl\u0131klar sa\u011flar.SCK i\u00e7erisinde kullan\u0131lacak [&hellip;]","og_url":"https:\/\/www.iyienerji.com.tr\/index.php\/sac-kosk\/","og_site_name":"\u0130Y\u0130 Enerji","article_modified_time":"2015-12-03T13:32:14+00:00","og_image":[{"url":"http:\/\/www.fibaelektrik.com\/wp-content\/uploads\/sac2.jpg"}],"twitter_card":"summary_large_image","twitter_misc":{"Tahmini okuma s\u00fcresi":"2 dakika"},"schema":{"@context":"https:\/\/schema.org","@graph":[{"@type":"WebSite","@id":"https:\/\/www.iyienerji.com.tr\/#website","url":"https:\/\/www.iyienerji.com.tr\/","name":"\u0130Y\u0130 Enerji","description":"\u0130Y\u0130 Enerji","potentialAction":[{"@type":"SearchAction","target":{"@type":"EntryPoint","urlTemplate":"https:\/\/www.iyienerji.com.tr\/?s={search_term_string}"},"query-input":"required name=search_term_string"}],"inLanguage":"tr"},{"@type":"ImageObject","inLanguage":"tr","@id":"https:\/\/www.iyienerji.com.tr\/index.php\/sac-kosk\/#primaryimage","url":"http:\/\/www.fibaelektrik.com\/wp-content\/uploads\/sac2.jpg","contentUrl":"http:\/\/www.fibaelektrik.com\/wp-content\/uploads\/sac2.jpg"},{"@type":"WebPage","@id":"https:\/\/www.iyienerji.com.tr\/index.php\/sac-kosk\/#webpage","url":"https:\/\/www.iyienerji.com.tr\/index.php\/sac-kosk\/","name":"Sa\u00e7 K\u00f6\u015fk | \u0130Y\u0130 Enerji","isPartOf":{"@id":"https:\/\/www.iyienerji.com.tr\/#website"},"primaryImageOfPage":{"@id":"https:\/\/www.iyienerji.com.tr\/index.php\/sac-kosk\/#primaryimage"},"datePublished":"2015-12-03T13:24:15+00:00","dateModified":"2015-12-03T13:32:14+00:00","breadcrumb":{"@id":"https:\/\/www.iyienerji.com.tr\/index.php\/sac-kosk\/#breadcrumb"},"inLanguage":"tr","potentialAction":[{"@type":"ReadAction","target":["https:\/\/www.iyienerji.com.tr\/index.php\/sac-kosk\/"]}]},{"@type":"BreadcrumbList","@id":"https:\/\/www.iyienerji.com.tr\/index.php\/sac-kosk\/#breadcrumb","itemListElement":[{"@type":"ListItem","position":1,"name":"Ana sayfa","item":"https:\/\/www.iyienerji.com.tr\/"},{"@type":"ListItem","position":2,"name":"Sa\u00e7 K\u00f6\u015fk"}]}]}},"_links":{"self":[{"href":"https:\/\/www.iyienerji.com.tr\/index.php\/wp-json\/wp\/v2\/pages\/2986"}],"collection":[{"href":"https:\/\/www.iyienerji.com.tr\/index.php\/wp-json\/wp\/v2\/pages"}],"about":[{"href":"https:\/\/www.iyienerji.com.tr\/index.php\/wp-json\/wp\/v2\/types\/page"}],"author":[{"embeddable":true,"href":"https:\/\/www.iyienerji.com.tr\/index.php\/wp-json\/wp\/v2\/users\/1"}],"replies":[{"embeddable":true,"href":"https:\/\/www.iyienerji.com.tr\/index.php\/wp-json\/wp\/v2\/comments?post=2986"}],"version-history":[{"count":1,"href":"https:\/\/www.iyienerji.com.tr\/index.php\/wp-json\/wp\/v2\/pages\/2986\/revisions"}],"predecessor-version":[{"id":2987,"href":"https:\/\/www.iyienerji.com.tr\/index.php\/wp-json\/wp\/v2\/pages\/2986\/revisions\/2987"}],"wp:attachment":[{"href":"https:\/\/www.iyienerji.com.tr\/index.php\/wp-json\/wp\/v2\/media?parent=2986"}],"curies":[{"name":"wp","href":"https:\/\/api.w.org\/{rel}","templated":true}]}}