{"id":2982,"date":"2015-12-03T15:19:30","date_gmt":"2015-12-03T13:19:30","guid":{"rendered":"http:\/\/iyienerji.com.tr\/?page_id=2982"},"modified":"2015-12-03T15:29:47","modified_gmt":"2015-12-03T13:29:47","slug":"beton-kosk","status":"publish","type":"page","link":"https:\/\/www.iyienerji.com.tr\/index.php\/beton-kosk\/","title":{"rendered":"Beton K\u00f6\u015fk"},"content":{"rendered":"<h3><strong>M-Blok<br \/>\n<\/strong><strong>M-Blok Serisi OG-AG\u00a0<\/strong><strong>kompakt monoblok\u00a0<\/strong><strong>beton trafo ve da\u011f\u0131t\u0131m\u00a0<\/strong><strong>merkezleri.<\/strong><\/h3>\n<p><strong>M-BLOK serisi beton\u00a0<\/strong><strong>k\u00f6\u015fkler 36Kv\u2019a kadar orta\u00a0<\/strong><strong>gerilim ve al\u00e7ak gerilim da<\/strong><strong>\u011f\u0131t\u0131m sistemleri i\u00e7in tasarlanm\u0131\u015f, ilgili \u015fartnameler ve standartlara\u00a0<\/strong><strong>g\u00f6re \u00fcretilen, g\u00fcvenli, estetik g\u00f6r\u00fcn\u00fcm\u00fc ve iste\u011fe g\u00f6re farkl\u0131 renk\u00a0<\/strong><strong>se\u00e7enekleri ile \u00e7evreye uyumlu \u00fcr\u00fcnlerdir.<\/strong><\/p>\n<p><strong>Uygulama alanlar\u0131:<br \/>\n<\/strong><br \/>\n<strong>\u2022 Trafo Merkezleri<\/strong><br \/>\n<strong>\u2022 Da\u011f\u0131t\u0131m Merkezleri<\/strong><br \/>\n<strong>\u2022 Jenerat\u00f6r Merkezleri<\/strong><br \/>\n<strong>\u2022 Al\u00e7ak gerilim ve Kompanzasyon Panolar\u0131<\/strong><br \/>\n<strong>\u2022 UPS Uygulamalar\u0131<\/strong><br \/>\n<strong>\u2022 R\u00fczgar Santralleri<\/strong><br \/>\n<strong>\u2022 Hidroelektrik Santralleri<\/strong><br \/>\n<strong>\u2022 Organize Sanayi B\u00f6lgeleri<br \/>\n<\/strong><br \/>\n<strong>Standartlar<br \/>\n<\/strong><br \/>\n<strong>M-BLOK serisi beton merkezler a\u015fa\u011f\u0131da belirtilen standart,\u00a0<\/strong><strong>\u015fartname ve y\u00f6netmeliklere uygundur.<\/strong><br \/>\n<strong>\u2022 TS EN 61330 Standard\u0131<\/strong><br \/>\n<strong>\u2022 \u0130lgili TEDA\u015e \u015eartnamesi<\/strong><br \/>\n<strong>\u2022 Elektrik Kuvvetli Ak\u0131m Tesisleri Y\u00f6netmeli\u011fi<\/strong><br \/>\n<strong>\u2022 Elektrik Tesislerinde Topraklamalar Y\u00f6netmeli\u011fi<\/strong><br \/>\n<strong><br \/>\nSistemin Avantajlar\u0131<br \/>\n<\/strong><br \/>\n<strong>\u2022 Tip testleri onaylanm\u0131\u015f i\u015fletme g\u00fcvenli\u011fi,<\/strong><br \/>\n<strong>\u2022 OG H\u00fccre ve AG pano b\u00f6l\u00fcmlerinde i\u00e7 ark dayan\u0131m testleri,<\/strong><br \/>\n<strong>\u2022 Trafo ve AG pano b\u00f6l\u00fcm\u00fcnde \u0131s\u0131nma testi,<\/strong><br \/>\n<strong>\u2022 \u00c7at\u0131, duvar ve kap\u0131larda mekanik dayan\u0131kl\u0131l\u0131k testleri,<\/strong><br \/>\n<strong>\u2022 Asgari alan ihtiyac\u0131,<\/strong><br \/>\n<strong>\u2022 Seri \u00fcretim getirdi\u011fi k\u0131sa teslim s\u00fcresi,<\/strong><br \/>\n<strong>\u2022 Esnek \u00fcretim yap\u0131s\u0131 ile s\u0131n\u0131rs\u0131z \u00f6l\u00e7\u00fcmler,<\/strong><br \/>\n<strong>\u2022 Uzun \u00f6m\u00fcr, d\u0131\u015f etkenlere ve korozyona dayan\u0131kl\u0131l\u0131k,<\/strong><br \/>\n<strong>\u2022 S\u0131n\u0131rs\u0131z renk se\u00e7ene\u011fi ve opsiyonel y\u00fczey ve \u00e7at\u0131 kaplama\u00a0<\/strong><strong>uygulamalar\u0131 ile azami \u00e7evre entegrasyonu,<\/strong><br \/>\n<strong>\u2022 Kolay montaj, asgari \u00f6n haz\u0131rl\u0131k ve in\u015faat i\u015fleri,<\/strong><br \/>\n<strong>\u2022 Asgari kurulum ve bak\u0131m maliyetleri,<\/strong><br \/>\n<strong>\u2022 Standartlara uygun malzeme kullan\u0131m\u0131,<\/strong><br \/>\n<strong>\u2022 OG-AG \u015falt cihaz\u0131 tercihinde esneklik ve bol se\u00e7enek,<\/strong><br \/>\n<strong>\u2022 H\u0131zl\u0131 devreye alma,<\/strong><br \/>\n<strong>\u2022 Ta\u015f\u0131nabilir olma \u00f6zelli\u011fi.<\/strong><\/p>\n<p><strong>Yap\u0131sal \u00d6zellikler<br \/>\n<\/strong><br \/>\n<strong>M-BLOK beton k\u00f6\u015fkler \u00fc\u00e7 b\u00f6l\u00fcmden meydana gelmektir. Bu <\/strong><strong>b\u00f6l\u00fcmler;<\/strong><br \/>\n<strong>\u2022 \u00c7at\u0131<\/strong><br \/>\n<strong>\u2022 G\u00f6vde<\/strong><br \/>\n<strong>\u2022 Kap\u0131 ve havaland\u0131rma panelleridi<\/strong><\/p>\n<p><strong>\u00c7at\u0131<br \/>\n<\/strong><br \/>\n<strong>\u2022 En az 2500 N \/m2 Y\u00dcKE DAYANIKLI OLACAK \u015eEK\u0130LDE \u0130MAL ED\u0130LMEKTED\u0130R.<\/strong><br \/>\n<strong>\u2022 Beton kalitesi TS 500\u2019e g\u00f6re B35 olarak belirlenmi\u015ftir.<\/strong><br \/>\n<strong>\u2022 Ya\u011fmur ve kar sular\u0131n\u0131n \u00fczerinde birikmesi ve kolayca akmas\u0131 <\/strong><strong>i\u00e7in, uygun bir e\u011fime sahip olarak \u00fcretilmektedir.<\/strong><br \/>\n<strong>\u2022 G\u00f6vde \u00fczerine gerekti\u011finde s\u00f6k\u00fclebilecek \u015fekilde monte <\/strong><strong>edilmektedir.<\/strong><br \/>\n<strong>\u2022 Standart koruma s\u0131n\u0131f\u0131 IP23 olup iste\u011fe ba\u011fl\u0131 uygulamalar <\/strong><strong>yap\u0131labilmektedir.<\/strong><\/p>\n<p><strong>G\u00f6vde<br \/>\n<\/strong><br \/>\n<strong>\u2022 M-BLOK serisi beton merkezlerin taban ve duvarlar\u0131 monoblok <\/strong><strong>yap\u0131dad\u0131r<\/strong><br \/>\n<strong>\u2022 Duvar kal\u0131nl\u0131klar\u0131 10cm\u2019dir<\/strong><br \/>\n<strong>Beton kalitesi TS 500\u2019e g\u00f6re B35 olarak belirlenmi\u015ftir.\u00a0<\/strong><strong>D\u0131\u015f cepheler 4 katl\u0131 (astar, koruyucu macun, y\u00fczey kaplama <\/strong><strong>ve renkli son kat ) silikon esasl\u0131 d\u0131\u015f cephe boyas\u0131 ile RAL 7032 <\/strong><strong>renginde boyanmaktad\u0131r.(Ancak iste\u011fe ba\u011fl\u0131 olarak farkl\u0131 renklerde kullan\u0131labilmektedir.)<br \/>\n\u0130\u00e7 duvarlarda plastik boya uygulanmaktad\u0131r.<br \/>\n\u2022 \u00dcretim yap\u0131l\u0131rken olabilecek en olumsuz i\u015fletme ko\u015fullar\u0131 dikkate al\u0131narak, bas\u0131n\u00e7, nem, sars\u0131nt\u0131 sismik hareketler gibi\u00a0parametreler hesaplan\u0131r.<br \/>\n\u2022 Ta\u015f\u0131ma kolayl\u0131\u011f\u0131 i\u00e7in d\u00f6rt k\u00f6\u015fesinde ta\u015f\u0131ma oluklar\u0131 a\u00e7\u0131lm\u0131\u015ft\u0131r,<br \/>\n\u2022 Standart koruma s\u0131n\u0131f\u0131 IP23 olup iste\u011fe ba\u011fl\u0131 uygulamalar yap\u0131labilmektedir.<br \/>\n<\/strong><\/p>\n<p><strong><img loading=\"lazy\" class=\"alignleft wp-image-5172 size-full\" src=\"http:\/\/www.fibaelektrik.com\/wp-content\/uploads\/form23455.png\" alt=\"\" width=\"688\" height=\"536\" \/>Kap\u0131 ve Havaland\u0131rma Panelleri<\/strong><\/p>\n<p><strong>\u2022 Kap\u0131lar ve havaland\u0131rma panelleri haz\u0131r galvanizli saclardan<\/strong><br \/>\n<strong>kaynak kullan\u0131lmayan metotlarla \u00fcretilmekte ve polyester esasl\u0131<\/strong><br \/>\n<strong>elektrostatik toz boya ile boyanmaktad\u0131r.<\/strong><br \/>\n<strong>\u2022 Kap\u0131lar, \u00e7al\u0131\u015fmay\u0131 kolayla\u015ft\u0131racak ve en az 120 a\u00e7\u0131k konumda<\/strong><br \/>\n<strong>kalabilecek \u015fekilde monte edilir.<\/strong><br \/>\n<strong>\u2022 Kapal\u0131 konumdaki kap\u0131lar, i\u00e7erden ve d\u0131\u015farda 20 joule kar\u015f\u0131l\u0131k<\/strong><br \/>\n<strong>gelen mekanik zorlanmalara kar\u015f\u0131 dayan\u0131kl\u0131d\u0131r.<\/strong><br \/>\n<strong>\u2022 Projeye g\u00f6re kap\u0131 ve havaland\u0131rma panellerinin say\u0131s\u0131, iste\u011fe<\/strong><br \/>\n<strong>ba\u011fl\u0131 olarak de\u011fi\u015ftirilebilir<\/strong><br \/>\n<strong>Kap\u0131lar g\u00fcvenlikli kilit sistemiyle donat\u0131lm\u0131\u015ft\u0131r.<\/strong><br \/>\n<strong>\u2022 Standart koruma s\u0131n\u0131f\u0131 IP23 olup iste\u011fe ba\u011fl\u0131 uygulamalar<\/strong><br \/>\n<strong>yap\u0131labilmektedir.<\/strong><br \/>\n<strong>\u2022 Havaland\u0131rma panelleri kafes tel ile donat\u0131larak k\u00fc\u00e7\u00fck cisimlerin k\u00f6\u015fk i\u00e7ine girmesi \u00f6nlenmi\u015ftir.<\/strong><\/p>\n<p><strong>OG-AG \u015falt h\u00fccreleri ve istendi\u011finde transformat\u00f6rler beton<\/strong><br \/>\n<strong>merkezlere monte edilmi\u015f ve devreye almaya haz\u0131r halde teslim<\/strong><br \/>\n<strong>edilebilmektedir.<\/strong><br \/>\n<strong>D\u0131\u015fardan veya i\u00e7erden i\u015fletmeye uygun tiplerde \u00fcretilmektedir.<\/strong><br \/>\n<strong>Tek kabinin yeterli olmad\u0131\u011f\u0131 durumlarda, proje ihtiya\u00e7lar\u0131 birden<\/strong><br \/>\n<strong>fazla kabinin bir araya getirilmesi ile \u00e7\u00f6z\u00fclmektedir.<\/strong><\/p>\n<p><strong>Topraklama Sistemi<\/strong><\/p>\n<p><strong>MMM H\u00fccreler, kap\u0131lar, havaland\u0131rma panelleri, montaj birimleri ve<\/strong><br \/>\n<strong>di\u011fer t\u00fcm metal k\u0131s\u0131mlar dengeleme baras\u0131 ba\u011flanm\u0131\u015ft\u0131r.<\/strong><br \/>\n<strong>\u0130\u00e7 Ayd\u0131nlatma ve DC Besleme<\/strong><\/p>\n<p><strong>Monoblok trafo merkezlerinin t\u00fcm b\u00f6lmelerinin 220V AC i\u00e7<\/strong><br \/>\n<strong>ayd\u0131nlatmas\u0131, 250 lux seviyesinde olacak \u015fekilde imal edilmektedir.<\/strong><br \/>\n<strong>AC beslemenin kesilmesi durumunda acil ayd\u0131nlatma armat\u00fcrleri<\/strong><br \/>\n<strong>devreye girerek i\u00e7 ayd\u0131nlatmay\u0131 sa\u011flar.<\/strong><\/p>\n<p><strong>Koruma kumanda ve \u00f6l\u00e7\u00fc sistemleri gerekli olan 24 VDC gerilim,<\/strong><br \/>\n<strong>bak\u0131ms\u0131z ak\u00fc redres\u00f6r grubu ile sa\u011flan\u0131r. 110 Voltluk sistemlerde<\/strong><br \/>\n<strong>ise farkl\u0131 bir ak\u00fc redres\u00f6r kullan\u0131l\u0131r<\/strong><\/p>\n<p><strong>Kurulum Detaylar\u0131<\/strong><\/p>\n<p><strong>Toprak alt\u0131nda kalacak k\u0131s\u0131mlar\u0131 siyah yal\u0131t\u0131m maddesiyle kapanan k\u00f6\u015fkler, sipari\u015f a\u015famas\u0131nda taraf\u0131m\u0131zdan verilecek olan<\/strong><br \/>\n<strong>temel detay \u00e7izimlerine ba\u011fl\u0131 kal\u0131narak haz\u0131rlanm\u0131\u015f zemin \u00fczerine oturtulmal\u0131d\u0131r.\u00a0Kap\u0131lar\u0131n yerden y\u00fcksekli\u011fi, en az 10cm olacak \u015fekilde\u00a0yerle\u015ftirilmelidir. K\u00f6\u015fkler kald\u0131r\u0131l\u0131rken ve indirilirken taraf\u0131m\u0131za tekrar teslim edilmek \u00fczere kullan\u0131c\u0131lara verilen aparat, ta\u015f\u0131ma oluklar\u0131na yerle\u015ftirilerek k\u00f6\u015fke zarar vermeksizin kald\u0131rma ve indirme i\u015flemi yap\u0131lacakt\u0131r. K\u00f6\u015fklerin ta\u015f\u0131nmas\u0131 a\u015famas\u0131nda, k\u00f6\u015fk\u00fcn a\u011f\u0131rl\u0131\u011f\u0131na uygun ta\u015f\u0131ma ara\u00e7lar\u0131 kullan\u0131lmal\u0131d\u0131r.<\/strong><\/p>\n","protected":false},"excerpt":{"rendered":"<p>M-Blok M-Blok Serisi OG-AG\u00a0kompakt monoblok\u00a0beton trafo ve da\u011f\u0131t\u0131m\u00a0merkezleri. M-BLOK serisi beton\u00a0k\u00f6\u015fkler 36Kv\u2019a kadar orta\u00a0gerilim ve al\u00e7ak gerilim da\u011f\u0131t\u0131m sistemleri i\u00e7in tasarlanm\u0131\u015f, ilgili \u015fartnameler ve standartlara\u00a0g\u00f6re \u00fcretilen, g\u00fcvenli, estetik g\u00f6r\u00fcn\u00fcm\u00fc ve iste\u011fe g\u00f6re farkl\u0131 renk\u00a0se\u00e7enekleri ile \u00e7evreye uyumlu \u00fcr\u00fcnlerdir. Uygulama alanlar\u0131: \u2022 Trafo Merkezleri \u2022 Da\u011f\u0131t\u0131m Merkezleri \u2022 Jenerat\u00f6r Merkezleri \u2022 Al\u00e7ak gerilim ve Kompanzasyon Panolar\u0131 [&hellip;]<\/p>\n","protected":false},"author":1,"featured_media":0,"parent":0,"menu_order":0,"comment_status":"closed","ping_status":"closed","template":"","meta":[],"yoast_head":"<!-- This site is optimized with the Yoast SEO plugin v19.0 - https:\/\/yoast.com\/wordpress\/plugins\/seo\/ -->\n<title>Beton K\u00f6\u015fk | \u0130Y\u0130 Enerji<\/title>\n<meta name=\"robots\" content=\"index, follow, max-snippet:-1, max-image-preview:large, max-video-preview:-1\" \/>\n<link rel=\"canonical\" href=\"https:\/\/www.iyienerji.com.tr\/index.php\/beton-kosk\/\" \/>\n<meta property=\"og:locale\" content=\"tr_TR\" \/>\n<meta property=\"og:type\" content=\"article\" \/>\n<meta property=\"og:title\" content=\"Beton K\u00f6\u015fk | \u0130Y\u0130 Enerji\" \/>\n<meta property=\"og:description\" content=\"M-Blok M-Blok Serisi OG-AG\u00a0kompakt monoblok\u00a0beton trafo ve da\u011f\u0131t\u0131m\u00a0merkezleri. M-BLOK serisi beton\u00a0k\u00f6\u015fkler 36Kv\u2019a kadar orta\u00a0gerilim ve al\u00e7ak gerilim da\u011f\u0131t\u0131m sistemleri i\u00e7in tasarlanm\u0131\u015f, ilgili \u015fartnameler ve standartlara\u00a0g\u00f6re \u00fcretilen, g\u00fcvenli, estetik g\u00f6r\u00fcn\u00fcm\u00fc ve iste\u011fe g\u00f6re farkl\u0131 renk\u00a0se\u00e7enekleri ile \u00e7evreye uyumlu \u00fcr\u00fcnlerdir. Uygulama alanlar\u0131: \u2022 Trafo Merkezleri \u2022 Da\u011f\u0131t\u0131m Merkezleri \u2022 Jenerat\u00f6r Merkezleri \u2022 Al\u00e7ak gerilim ve Kompanzasyon Panolar\u0131 [&hellip;]\" \/>\n<meta property=\"og:url\" content=\"https:\/\/www.iyienerji.com.tr\/index.php\/beton-kosk\/\" \/>\n<meta property=\"og:site_name\" content=\"\u0130Y\u0130 Enerji\" \/>\n<meta property=\"article:modified_time\" content=\"2015-12-03T13:29:47+00:00\" \/>\n<meta property=\"og:image\" content=\"http:\/\/www.fibaelektrik.com\/wp-content\/uploads\/form23455.png\" \/>\n<meta name=\"twitter:card\" content=\"summary_large_image\" \/>\n<meta name=\"twitter:label1\" content=\"Tahmini okuma s\u00fcresi\" \/>\n\t<meta name=\"twitter:data1\" content=\"4 dakika\" \/>\n<script type=\"application\/ld+json\" class=\"yoast-schema-graph\">{\"@context\":\"https:\/\/schema.org\",\"@graph\":[{\"@type\":\"WebSite\",\"@id\":\"https:\/\/www.iyienerji.com.tr\/#website\",\"url\":\"https:\/\/www.iyienerji.com.tr\/\",\"name\":\"\u0130Y\u0130 Enerji\",\"description\":\"\u0130Y\u0130 Enerji\",\"potentialAction\":[{\"@type\":\"SearchAction\",\"target\":{\"@type\":\"EntryPoint\",\"urlTemplate\":\"https:\/\/www.iyienerji.com.tr\/?s={search_term_string}\"},\"query-input\":\"required name=search_term_string\"}],\"inLanguage\":\"tr\"},{\"@type\":\"ImageObject\",\"inLanguage\":\"tr\",\"@id\":\"https:\/\/www.iyienerji.com.tr\/index.php\/beton-kosk\/#primaryimage\",\"url\":\"http:\/\/www.fibaelektrik.com\/wp-content\/uploads\/form23455.png\",\"contentUrl\":\"http:\/\/www.fibaelektrik.com\/wp-content\/uploads\/form23455.png\"},{\"@type\":\"WebPage\",\"@id\":\"https:\/\/www.iyienerji.com.tr\/index.php\/beton-kosk\/#webpage\",\"url\":\"https:\/\/www.iyienerji.com.tr\/index.php\/beton-kosk\/\",\"name\":\"Beton K\u00f6\u015fk | \u0130Y\u0130 Enerji\",\"isPartOf\":{\"@id\":\"https:\/\/www.iyienerji.com.tr\/#website\"},\"primaryImageOfPage\":{\"@id\":\"https:\/\/www.iyienerji.com.tr\/index.php\/beton-kosk\/#primaryimage\"},\"datePublished\":\"2015-12-03T13:19:30+00:00\",\"dateModified\":\"2015-12-03T13:29:47+00:00\",\"breadcrumb\":{\"@id\":\"https:\/\/www.iyienerji.com.tr\/index.php\/beton-kosk\/#breadcrumb\"},\"inLanguage\":\"tr\",\"potentialAction\":[{\"@type\":\"ReadAction\",\"target\":[\"https:\/\/www.iyienerji.com.tr\/index.php\/beton-kosk\/\"]}]},{\"@type\":\"BreadcrumbList\",\"@id\":\"https:\/\/www.iyienerji.com.tr\/index.php\/beton-kosk\/#breadcrumb\",\"itemListElement\":[{\"@type\":\"ListItem\",\"position\":1,\"name\":\"Ana sayfa\",\"item\":\"https:\/\/www.iyienerji.com.tr\/\"},{\"@type\":\"ListItem\",\"position\":2,\"name\":\"Beton K\u00f6\u015fk\"}]}]}<\/script>\n<!-- \/ Yoast SEO plugin. -->","yoast_head_json":{"title":"Beton K\u00f6\u015fk | \u0130Y\u0130 Enerji","robots":{"index":"index","follow":"follow","max-snippet":"max-snippet:-1","max-image-preview":"max-image-preview:large","max-video-preview":"max-video-preview:-1"},"canonical":"https:\/\/www.iyienerji.com.tr\/index.php\/beton-kosk\/","og_locale":"tr_TR","og_type":"article","og_title":"Beton K\u00f6\u015fk | \u0130Y\u0130 Enerji","og_description":"M-Blok M-Blok Serisi OG-AG\u00a0kompakt monoblok\u00a0beton trafo ve da\u011f\u0131t\u0131m\u00a0merkezleri. M-BLOK serisi beton\u00a0k\u00f6\u015fkler 36Kv\u2019a kadar orta\u00a0gerilim ve al\u00e7ak gerilim da\u011f\u0131t\u0131m sistemleri i\u00e7in tasarlanm\u0131\u015f, ilgili \u015fartnameler ve standartlara\u00a0g\u00f6re \u00fcretilen, g\u00fcvenli, estetik g\u00f6r\u00fcn\u00fcm\u00fc ve iste\u011fe g\u00f6re farkl\u0131 renk\u00a0se\u00e7enekleri ile \u00e7evreye uyumlu \u00fcr\u00fcnlerdir. Uygulama alanlar\u0131: \u2022 Trafo Merkezleri \u2022 Da\u011f\u0131t\u0131m Merkezleri \u2022 Jenerat\u00f6r Merkezleri \u2022 Al\u00e7ak gerilim ve Kompanzasyon Panolar\u0131 [&hellip;]","og_url":"https:\/\/www.iyienerji.com.tr\/index.php\/beton-kosk\/","og_site_name":"\u0130Y\u0130 Enerji","article_modified_time":"2015-12-03T13:29:47+00:00","og_image":[{"url":"http:\/\/www.fibaelektrik.com\/wp-content\/uploads\/form23455.png"}],"twitter_card":"summary_large_image","twitter_misc":{"Tahmini okuma s\u00fcresi":"4 dakika"},"schema":{"@context":"https:\/\/schema.org","@graph":[{"@type":"WebSite","@id":"https:\/\/www.iyienerji.com.tr\/#website","url":"https:\/\/www.iyienerji.com.tr\/","name":"\u0130Y\u0130 Enerji","description":"\u0130Y\u0130 Enerji","potentialAction":[{"@type":"SearchAction","target":{"@type":"EntryPoint","urlTemplate":"https:\/\/www.iyienerji.com.tr\/?s={search_term_string}"},"query-input":"required name=search_term_string"}],"inLanguage":"tr"},{"@type":"ImageObject","inLanguage":"tr","@id":"https:\/\/www.iyienerji.com.tr\/index.php\/beton-kosk\/#primaryimage","url":"http:\/\/www.fibaelektrik.com\/wp-content\/uploads\/form23455.png","contentUrl":"http:\/\/www.fibaelektrik.com\/wp-content\/uploads\/form23455.png"},{"@type":"WebPage","@id":"https:\/\/www.iyienerji.com.tr\/index.php\/beton-kosk\/#webpage","url":"https:\/\/www.iyienerji.com.tr\/index.php\/beton-kosk\/","name":"Beton K\u00f6\u015fk | \u0130Y\u0130 Enerji","isPartOf":{"@id":"https:\/\/www.iyienerji.com.tr\/#website"},"primaryImageOfPage":{"@id":"https:\/\/www.iyienerji.com.tr\/index.php\/beton-kosk\/#primaryimage"},"datePublished":"2015-12-03T13:19:30+00:00","dateModified":"2015-12-03T13:29:47+00:00","breadcrumb":{"@id":"https:\/\/www.iyienerji.com.tr\/index.php\/beton-kosk\/#breadcrumb"},"inLanguage":"tr","potentialAction":[{"@type":"ReadAction","target":["https:\/\/www.iyienerji.com.tr\/index.php\/beton-kosk\/"]}]},{"@type":"BreadcrumbList","@id":"https:\/\/www.iyienerji.com.tr\/index.php\/beton-kosk\/#breadcrumb","itemListElement":[{"@type":"ListItem","position":1,"name":"Ana sayfa","item":"https:\/\/www.iyienerji.com.tr\/"},{"@type":"ListItem","position":2,"name":"Beton K\u00f6\u015fk"}]}]}},"_links":{"self":[{"href":"https:\/\/www.iyienerji.com.tr\/index.php\/wp-json\/wp\/v2\/pages\/2982"}],"collection":[{"href":"https:\/\/www.iyienerji.com.tr\/index.php\/wp-json\/wp\/v2\/pages"}],"about":[{"href":"https:\/\/www.iyienerji.com.tr\/index.php\/wp-json\/wp\/v2\/types\/page"}],"author":[{"embeddable":true,"href":"https:\/\/www.iyienerji.com.tr\/index.php\/wp-json\/wp\/v2\/users\/1"}],"replies":[{"embeddable":true,"href":"https:\/\/www.iyienerji.com.tr\/index.php\/wp-json\/wp\/v2\/comments?post=2982"}],"version-history":[{"count":1,"href":"https:\/\/www.iyienerji.com.tr\/index.php\/wp-json\/wp\/v2\/pages\/2982\/revisions"}],"predecessor-version":[{"id":2983,"href":"https:\/\/www.iyienerji.com.tr\/index.php\/wp-json\/wp\/v2\/pages\/2982\/revisions\/2983"}],"wp:attachment":[{"href":"https:\/\/www.iyienerji.com.tr\/index.php\/wp-json\/wp\/v2\/media?parent=2982"}],"curies":[{"name":"wp","href":"https:\/\/api.w.org\/{rel}","templated":true}]}}