{"id":2936,"date":"2015-11-27T16:52:22","date_gmt":"2015-11-27T14:52:22","guid":{"rendered":"http:\/\/iyienerji.com.tr\/?page_id=2936"},"modified":"2016-01-11T15:13:56","modified_gmt":"2016-01-11T13:13:56","slug":"kurumsal","status":"publish","type":"page","link":"https:\/\/www.iyienerji.com.tr\/index.php\/kurumsal\/","title":{"rendered":"Kurumsal"},"content":{"rendered":"<p><strong>Firmam\u0131z 2015 Y\u0131l\u0131nda kurulmu\u015ftur.<\/strong><\/p>\n<p><strong>Firmam\u0131z d\u00fcnyada her sekt\u00f6rde oldu\u011fu gibi bu sekt\u00f6rde de bu g\u00fcne kadar rekabet etme g\u00fcc\u00fcn\u00fc kaliteli \u00fcretim ile sa\u011flam\u0131\u015ft\u0131r. Hizmet ilkesini h\u0131zl\u0131 ve kaliteli \u00fcr\u00fcn imalat\u0131 olarak benimseyen ve bu \u015fuurla yoluna devam etmi\u015f ve bundan sonrada hep daha iyiye gitmek i\u00e7in \u00e7al\u0131\u015facakt\u0131r. Firmam\u0131z m\u00fc\u015fteri memnuniyetini \u00f6n planda tuttu\u011fu i\u00e7in, firma \u00e7al\u0131\u015fanlar\u0131n\u0131n tecr\u00fcbeli \u00e7al\u0131\u015fanlardan olmas\u0131na b\u00fcy\u00fck bir ciddiyet g\u00f6steririz.<\/strong><\/p>\n<p><strong>Geni\u015f \u00fcretim ve AR-GE olanaklar\u0131na sahip olan By O\u011fuzhan Enerji, Elektrik Cihazlar\u0131 \u00fcr\u00fcnlerini s\u00fcrekli yenilemekte ve geli\u015ftirmektedir. \u00dcr\u00fcnlerimizde, kaliteye, standartlara ve titizli\u011fe \u00f6nem vermekteyiz.\u00a0M\u00fc\u015fterilerine s\u00fcrekli ve kesintisiz hizmet sunma anlay\u0131\u015f\u0131yla \u00e7al\u0131\u015fan By O\u011fuzhan Enerji elektrik cihazlar\u0131 bilgili ve uzman teknik personeli ile sat\u0131\u015f sonras\u0131 destek hizmetlerini de eksiksiz \u015fekilde yerine getirmektedir.<\/strong><\/p>\n","protected":false},"excerpt":{"rendered":"<p>Firmam\u0131z 2015 Y\u0131l\u0131nda kurulmu\u015ftur. Firmam\u0131z d\u00fcnyada her sekt\u00f6rde oldu\u011fu gibi bu sekt\u00f6rde de bu g\u00fcne kadar rekabet etme g\u00fcc\u00fcn\u00fc kaliteli \u00fcretim ile sa\u011flam\u0131\u015ft\u0131r. Hizmet ilkesini h\u0131zl\u0131 ve kaliteli \u00fcr\u00fcn imalat\u0131 olarak benimseyen ve bu \u015fuurla yoluna devam etmi\u015f ve bundan sonrada hep daha iyiye gitmek i\u00e7in \u00e7al\u0131\u015facakt\u0131r. Firmam\u0131z m\u00fc\u015fteri memnuniyetini \u00f6n planda tuttu\u011fu i\u00e7in, firma [&hellip;]<\/p>\n","protected":false},"author":1,"featured_media":0,"parent":0,"menu_order":0,"comment_status":"closed","ping_status":"closed","template":"","meta":[],"yoast_head":"<!-- This site is optimized with the Yoast SEO plugin v19.0 - https:\/\/yoast.com\/wordpress\/plugins\/seo\/ -->\n<title>Kurumsal | \u0130Y\u0130 Enerji<\/title>\n<meta name=\"robots\" content=\"index, follow, max-snippet:-1, max-image-preview:large, max-video-preview:-1\" \/>\n<link rel=\"canonical\" href=\"https:\/\/www.iyienerji.com.tr\/index.php\/kurumsal\/\" \/>\n<meta property=\"og:locale\" content=\"tr_TR\" \/>\n<meta property=\"og:type\" content=\"article\" \/>\n<meta property=\"og:title\" content=\"Kurumsal | \u0130Y\u0130 Enerji\" \/>\n<meta property=\"og:description\" content=\"Firmam\u0131z 2015 Y\u0131l\u0131nda kurulmu\u015ftur. Firmam\u0131z d\u00fcnyada her sekt\u00f6rde oldu\u011fu gibi bu sekt\u00f6rde de bu g\u00fcne kadar rekabet etme g\u00fcc\u00fcn\u00fc kaliteli \u00fcretim ile sa\u011flam\u0131\u015ft\u0131r. Hizmet ilkesini h\u0131zl\u0131 ve kaliteli \u00fcr\u00fcn imalat\u0131 olarak benimseyen ve bu \u015fuurla yoluna devam etmi\u015f ve bundan sonrada hep daha iyiye gitmek i\u00e7in \u00e7al\u0131\u015facakt\u0131r. Firmam\u0131z m\u00fc\u015fteri memnuniyetini \u00f6n planda tuttu\u011fu i\u00e7in, firma [&hellip;]\" \/>\n<meta property=\"og:url\" content=\"https:\/\/www.iyienerji.com.tr\/index.php\/kurumsal\/\" \/>\n<meta property=\"og:site_name\" content=\"\u0130Y\u0130 Enerji\" \/>\n<meta property=\"article:modified_time\" content=\"2016-01-11T13:13:56+00:00\" \/>\n<meta name=\"twitter:card\" content=\"summary_large_image\" \/>\n<meta name=\"twitter:label1\" content=\"Tahmini okuma s\u00fcresi\" \/>\n\t<meta name=\"twitter:data1\" content=\"1 dakika\" \/>\n<script type=\"application\/ld+json\" class=\"yoast-schema-graph\">{\"@context\":\"https:\/\/schema.org\",\"@graph\":[{\"@type\":\"WebSite\",\"@id\":\"https:\/\/www.iyienerji.com.tr\/#website\",\"url\":\"https:\/\/www.iyienerji.com.tr\/\",\"name\":\"\u0130Y\u0130 Enerji\",\"description\":\"\u0130Y\u0130 Enerji\",\"potentialAction\":[{\"@type\":\"SearchAction\",\"target\":{\"@type\":\"EntryPoint\",\"urlTemplate\":\"https:\/\/www.iyienerji.com.tr\/?s={search_term_string}\"},\"query-input\":\"required name=search_term_string\"}],\"inLanguage\":\"tr\"},{\"@type\":\"WebPage\",\"@id\":\"https:\/\/www.iyienerji.com.tr\/index.php\/kurumsal\/#webpage\",\"url\":\"https:\/\/www.iyienerji.com.tr\/index.php\/kurumsal\/\",\"name\":\"Kurumsal | \u0130Y\u0130 Enerji\",\"isPartOf\":{\"@id\":\"https:\/\/www.iyienerji.com.tr\/#website\"},\"datePublished\":\"2015-11-27T14:52:22+00:00\",\"dateModified\":\"2016-01-11T13:13:56+00:00\",\"breadcrumb\":{\"@id\":\"https:\/\/www.iyienerji.com.tr\/index.php\/kurumsal\/#breadcrumb\"},\"inLanguage\":\"tr\",\"potentialAction\":[{\"@type\":\"ReadAction\",\"target\":[\"https:\/\/www.iyienerji.com.tr\/index.php\/kurumsal\/\"]}]},{\"@type\":\"BreadcrumbList\",\"@id\":\"https:\/\/www.iyienerji.com.tr\/index.php\/kurumsal\/#breadcrumb\",\"itemListElement\":[{\"@type\":\"ListItem\",\"position\":1,\"name\":\"Ana sayfa\",\"item\":\"https:\/\/www.iyienerji.com.tr\/\"},{\"@type\":\"ListItem\",\"position\":2,\"name\":\"Kurumsal\"}]}]}<\/script>\n<!-- \/ Yoast SEO plugin. -->","yoast_head_json":{"title":"Kurumsal | \u0130Y\u0130 Enerji","robots":{"index":"index","follow":"follow","max-snippet":"max-snippet:-1","max-image-preview":"max-image-preview:large","max-video-preview":"max-video-preview:-1"},"canonical":"https:\/\/www.iyienerji.com.tr\/index.php\/kurumsal\/","og_locale":"tr_TR","og_type":"article","og_title":"Kurumsal | \u0130Y\u0130 Enerji","og_description":"Firmam\u0131z 2015 Y\u0131l\u0131nda kurulmu\u015ftur. Firmam\u0131z d\u00fcnyada her sekt\u00f6rde oldu\u011fu gibi bu sekt\u00f6rde de bu g\u00fcne kadar rekabet etme g\u00fcc\u00fcn\u00fc kaliteli \u00fcretim ile sa\u011flam\u0131\u015ft\u0131r. Hizmet ilkesini h\u0131zl\u0131 ve kaliteli \u00fcr\u00fcn imalat\u0131 olarak benimseyen ve bu \u015fuurla yoluna devam etmi\u015f ve bundan sonrada hep daha iyiye gitmek i\u00e7in \u00e7al\u0131\u015facakt\u0131r. Firmam\u0131z m\u00fc\u015fteri memnuniyetini \u00f6n planda tuttu\u011fu i\u00e7in, firma [&hellip;]","og_url":"https:\/\/www.iyienerji.com.tr\/index.php\/kurumsal\/","og_site_name":"\u0130Y\u0130 Enerji","article_modified_time":"2016-01-11T13:13:56+00:00","twitter_card":"summary_large_image","twitter_misc":{"Tahmini okuma s\u00fcresi":"1 dakika"},"schema":{"@context":"https:\/\/schema.org","@graph":[{"@type":"WebSite","@id":"https:\/\/www.iyienerji.com.tr\/#website","url":"https:\/\/www.iyienerji.com.tr\/","name":"\u0130Y\u0130 Enerji","description":"\u0130Y\u0130 Enerji","potentialAction":[{"@type":"SearchAction","target":{"@type":"EntryPoint","urlTemplate":"https:\/\/www.iyienerji.com.tr\/?s={search_term_string}"},"query-input":"required name=search_term_string"}],"inLanguage":"tr"},{"@type":"WebPage","@id":"https:\/\/www.iyienerji.com.tr\/index.php\/kurumsal\/#webpage","url":"https:\/\/www.iyienerji.com.tr\/index.php\/kurumsal\/","name":"Kurumsal | \u0130Y\u0130 Enerji","isPartOf":{"@id":"https:\/\/www.iyienerji.com.tr\/#website"},"datePublished":"2015-11-27T14:52:22+00:00","dateModified":"2016-01-11T13:13:56+00:00","breadcrumb":{"@id":"https:\/\/www.iyienerji.com.tr\/index.php\/kurumsal\/#breadcrumb"},"inLanguage":"tr","potentialAction":[{"@type":"ReadAction","target":["https:\/\/www.iyienerji.com.tr\/index.php\/kurumsal\/"]}]},{"@type":"BreadcrumbList","@id":"https:\/\/www.iyienerji.com.tr\/index.php\/kurumsal\/#breadcrumb","itemListElement":[{"@type":"ListItem","position":1,"name":"Ana sayfa","item":"https:\/\/www.iyienerji.com.tr\/"},{"@type":"ListItem","position":2,"name":"Kurumsal"}]}]}},"_links":{"self":[{"href":"https:\/\/www.iyienerji.com.tr\/index.php\/wp-json\/wp\/v2\/pages\/2936"}],"collection":[{"href":"https:\/\/www.iyienerji.com.tr\/index.php\/wp-json\/wp\/v2\/pages"}],"about":[{"href":"https:\/\/www.iyienerji.com.tr\/index.php\/wp-json\/wp\/v2\/types\/page"}],"author":[{"embeddable":true,"href":"https:\/\/www.iyienerji.com.tr\/index.php\/wp-json\/wp\/v2\/users\/1"}],"replies":[{"embeddable":true,"href":"https:\/\/www.iyienerji.com.tr\/index.php\/wp-json\/wp\/v2\/comments?post=2936"}],"version-history":[{"count":3,"href":"https:\/\/www.iyienerji.com.tr\/index.php\/wp-json\/wp\/v2\/pages\/2936\/revisions"}],"predecessor-version":[{"id":3429,"href":"https:\/\/www.iyienerji.com.tr\/index.php\/wp-json\/wp\/v2\/pages\/2936\/revisions\/3429"}],"wp:attachment":[{"href":"https:\/\/www.iyienerji.com.tr\/index.php\/wp-json\/wp\/v2\/media?parent=2936"}],"curies":[{"name":"wp","href":"https:\/\/api.w.org\/{rel}","templated":true}]}}